{"id":673,"date":"2016-04-29T21:13:52","date_gmt":"2016-04-29T20:13:52","guid":{"rendered":"http:\/\/lepcam.fr\/?page_id=673"},"modified":"2024-10-22T21:21:03","modified_gmt":"2024-10-22T20:21:03","slug":"recherche-doc","status":"publish","type":"page","link":"https:\/\/lepcam.fr\/index.php\/les-etapes\/recherche-doc\/","title":{"rendered":"exploration \/ recherche documentaire (2)"},"content":{"rendered":"\n<div class=\"wp-block-group\"><div class=\"wp-block-group__inner-container is-layout-flow wp-block-group-is-layout-flow\">\n<hr class=\"wp-block-separator has-css-opacity\"\/>\n\n\n\n<h1 class=\"wp-block-heading\" id=\"effectuer\">II. Effectuer une recherche bibliographique<\/h1>\n\n\n\n<p>La recherche documentaire correspond \u00e0 la 1\u00e8re \u00e9tape de votre travail. Cette \u00e9tape peut para\u00eetre fastidieuse pour beaucoup mais elle est indispensable. Vous pourrez vous faire aider de votre biblioth\u00e9caire universitaire, expert de la bibliographie.<\/p>\n\n\n\n<p>La recherche se d\u00e9compose en 6 \u00e9tapes :<\/p>\n\n\n\n<ol class=\"wp-block-list\">\n<li>D\u00e9finir le champ&nbsp;: la th\u00e9matique, les bases de donn\u00e9es, les articles<\/li>\n\n\n\n<li>Pr\u00e9parer la requ\u00eate&nbsp;: d\u00e9finir les mots clefs, les traduire et pr\u00e9parer l\u2019\u00e9quation<\/li>\n\n\n\n<li>Faire la recherche simple ou avanc\u00e9e.<\/li>\n\n\n\n<li>S\u00e9lectionner les articles, explorer les r\u00e9f\u00e9rences et r\u00e9cup\u00e9rer les textes complets<\/li>\n\n\n\n<li>Organiser et trier les r\u00e9f\u00e9rences.<\/li>\n\n\n\n<li>Assurer la veille documentaire<\/li>\n<\/ol>\n\n\n\n<h2 class=\"wp-block-heading\" id=\"d_champ\">A. D\u00e9finir le champ<\/h2>\n\n\n\n<ul class=\"wp-block-list\">\n<li>D\u00e9finir la <strong>th\u00e9matique&nbsp;<\/strong>de la question de recherche qui vous int\u00e9resse : p\u00e9dagogie, cardiologie, soins primaires\u2026<\/li>\n\n\n\n<li>D\u00e9finir les <strong>bases de donn\u00e9e<\/strong>s \u00e0 interroger et les <strong>moteurs de recherche<\/strong> permettant d\u2019y avoir acc\u00e8s. Ils d\u00e9pendront de&nbsp;votre th\u00e9matique, de la langue et de l\u2019acc\u00e8s gratuit\/payant.<\/li>\n<\/ul>\n\n\n\n<h2 class=\"wp-block-heading\" id=\"p_requete\">B. Pr\u00e9parer la requ\u00eate<\/h2>\n\n\n\n<p>Elle consiste \u00e0<strong> d\u00e9finir les mots clefs et les traduire&nbsp;<\/strong>: ils sont&nbsp;souvent r\u00e9f\u00e9renc\u00e9s dans les articles en tant que \u00ab&nbsp;key words&nbsp;\u00bb. Vous pouvez utiliser 3 outils pour vous aider dans votre recherche&nbsp;: <\/p>\n\n\n\n<ul class=\"wp-block-list\">\n<li><a href=\"https:\/\/www.hetop.eu\/hetop\/\">HeTOP<\/a> : moteur de recherche (indispensable) du CISMeF permettant d&rsquo;identifier le mot clef en fran\u00e7ais et anglais.<\/li>\n\n\n\n<li><a href=\"http:\/\/gdt.oqlf.gouv.qc.ca\/index.aspx\">Le Grand Dictionnaire Terminologique&nbsp;<\/a>(GDT) : banque de fiche terminologique qu\u00e9b\u00e9coise.<\/li>\n\n\n\n<li><a href=\"http:\/\/www.termsciences.fr\/\">TermSciences&nbsp;<\/a>: portail terminologique proposant dictionnaire, lexique et th\u00e9saurus (dont MeSH) <\/li>\n<\/ul>\n\n\n\n<p>Puis <strong>pr\u00e9parer l\u2019\u00e9quation&nbsp;<\/strong>de recherche : vous pouvez utiliser des op\u00e9rateurs permettant d\u2019articuler les mots clefs entre eux (c\u2019est l\u2019\u00e9quivalent des \u00ab + \u00bb et des \u00ab &#8211; \u00bb dans une \u00e9quation math\u00e9matique).<\/p>\n\n\n\n<ul class=\"wp-block-list\">\n<li>Op\u00e9rateurs <strong>bool\u00e9ens&nbsp;<\/strong>(bool\u00e9ens = type de variable \u00e0 2 \u00e9tats\u00a0: vrai ou faux)\u00a0:\n<ul class=\"wp-block-list\">\n<li><strong>AND (ET)<\/strong>&nbsp;: pour des termes compl\u00e9mentaires, pour restreindre la recherche.<\/li>\n\n\n\n<li><strong>OR (OU)&nbsp;<\/strong>: pour des termes \u00e9quivalents, pour \u00e9largir la recherche.<\/li>\n\n\n\n<li><strong>NOT (SAUF)&nbsp;<\/strong>: pour exclure un terme et restreindre la recherche. <\/li>\n<\/ul>\n<\/li>\n\n\n\n<li>Op\u00e9rateurs <strong>syntaxiques<\/strong> (ou linguistiques)\u00a0:\n<ul class=\"wp-block-list\">\n<li><strong>\u00ab&nbsp;Guillemet&nbsp;\u00bb<\/strong>&nbsp;: recherche d\u2019expression situ\u00e9e entre les guillemets<\/li>\n\n\n\n<li><strong>*Troncature*<\/strong>&nbsp;: recherche des mots commen\u00e7ant ou se terminant par celui comprenant l\u2019\u00e9toile. <em>Ex: hyperten* comprend le mot hypertension<\/em><\/li>\n\n\n\n<li><strong>(Parenth\u00e8se)<\/strong>&nbsp;: assemble des op\u00e9rateurs bool\u00e9ens entre eux.  <\/li>\n<\/ul>\n<\/li>\n<\/ul>\n\n\n\n<p>NB&nbsp;: Th\u00e9saurus = liste organis\u00e9e de termes contr\u00f4l\u00e9s et normalis\u00e9s (descripteurs et non-descripteurs) repr\u00e9sentant les concepts d&rsquo;un domaine de la connaissance. @wiki<\/p>\n\n\n\n<h2 class=\"wp-block-heading\" id=\"avance\">C. Faire une recherche simple ou avanc\u00e9e<\/h2>\n\n\n\n<p>Les moteurs de recherches permettent de r\u00e9aliser une recherche simple ou avanc\u00e9e.<\/p>\n\n\n\n<ul class=\"wp-block-list\">\n<li>La recherche <strong>en langage libre<\/strong> vous permet de faire une requ\u00eate sans vous soucier de l&rsquo;\u00e9quation de recherche.<\/li>\n\n\n\n<li>La recherche <strong>simple <\/strong>interroge la base avec une \u00e9quation con\u00e7ue \u00e0 l&rsquo;aide du paragraphe pr\u00e9c\u00e9dent<\/li>\n\n\n\n<li>Pour la recherche <strong>avanc\u00e9e<\/strong>, un syst\u00e8me de filtre et de cat\u00e9gorie permet d\u2019affiner la recherche de mani\u00e8re fine. Les champs d\u2019indexation choisis (auteur, revue, ann\u00e9e\u2026) appara\u00eetront dans le champ de recherche, encadr\u00e9s de crochets.<\/li>\n<\/ul>\n\n\n\n<p>Une fois la recherche initi\u00e9e, les r\u00e9sultats vont s\u2019afficher :<\/p>\n\n\n\n<ul class=\"wp-block-list\">\n<li>S\u2019il n\u2019y a pas assez de r\u00e9f\u00e9rences, \u00e9largissez le champ de recherche ou les mots clefs.<\/li>\n\n\n\n<li>S\u2019il y a trop de r\u00e9f\u00e9rences, restreignez la recherche gr\u00e2ce aux mots clefs, aux op\u00e9rateurs et aux cat\u00e9gories.<\/li>\n<\/ul>\n\n\n\n<h2 class=\"wp-block-heading\" id=\"selection\">D. S\u00e9lectionner les articles, explorer les r\u00e9f\u00e9rences et r\u00e9cup\u00e9rer les textes complets<\/h2>\n\n\n\n<p>La prochaine \u00e9tape consiste \u00e0 s\u00e9lectionner les articles d&rsquo;int\u00e9r\u00eat.<\/p>\n\n\n\n<p><strong>S\u00e9lection rapide des articles<\/strong>. Une premi\u00e8re analyse des r\u00e9f\u00e9rences va vous permettre d\u2019\u00e9valuer succinctement la qualit\u00e9 des articles. Vous disposez de quelques \u00e9l\u00e9ments&nbsp;: <\/p>\n\n\n\n<ul class=\"wp-block-list\">\n<li><strong>Le titre&nbsp;<\/strong>: il donne un aper\u00e7u de l\u2019article \u00e0 condition qu\u2019il soit indicatif<\/li>\n\n\n\n<li><strong>Les auteurs&nbsp;<\/strong>: de pr\u00e9f\u00e9rence des chercheurs impliqu\u00e9s dans votre th\u00e9matique.<\/li>\n\n\n\n<li><strong>L\u2019abstract<\/strong> : r\u00e9sum\u00e9 de l\u2019article<\/li>\n\n\n\n<li><strong>La revue&nbsp;<\/strong>:\n<ul class=\"wp-block-list\">\n<li>Quel est son impact factor&nbsp;?<\/li>\n\n\n\n<li>Pr\u00e9sence d\u2019un comit\u00e9 de lecture&nbsp;?<\/li>\n\n\n\n<li>Quel rang de classement dans la discipline&nbsp;?  <\/li>\n<\/ul>\n<\/li>\n<\/ul>\n\n\n\n<p><strong>Explorer les r\u00e9f\u00e9rences<\/strong>. L\u2019analyse des r\u00e9f\u00e9rences bibliographiques situ\u00e9es \u00e0 la fin de chaque article permet de&nbsp;: <\/p>\n\n\n\n<ul class=\"wp-block-list\">\n<li>Mettre en \u00e9vidence <strong>les<\/strong> <strong>articles de r\u00e9f\u00e9rence&nbsp;<\/strong>: ils seront souvent cit\u00e9s.<\/li>\n\n\n\n<li>Identifier <strong>les<\/strong> <strong>principaux auteurs<\/strong> s\u2019int\u00e9ressant \u00e0 votre probl\u00e9matique.<\/li>\n\n\n\n<li><strong>Compl\u00e9ter sa bibliographie<\/strong> en ne passant pas \u00e0 c\u00f4t\u00e9 d\u2019articles pertinents. <\/li>\n<\/ul>\n\n\n\n<p><strong>R\u00e9cup\u00e9rer les textes complets<\/strong>. Les principaux moteurs de recherche (notamment PubMed) ne vous donneront acc\u00e8s qu\u2019aux r\u00e9f\u00e9rences et \u00e0 l\u2019abstract. Un lien permet d\u2019acc\u00e9der \u00e0 l\u2019article via le site de l\u2019\u00e9diteur ou votre biblioth\u00e8que. Vous disposez de plusieurs moyens pour r\u00e9cup\u00e9rer le texte en entier : <\/p>\n\n\n\n<ul class=\"wp-block-list\">\n<li>T\u00e9l\u00e9charger des articles&nbsp;<strong>gratuits, <\/strong>notamment dans les revues en acc\u00e8s libre appel\u00e9es <em>Open Access.<\/em><\/li>\n\n\n\n<li>T\u00e9l\u00e9charger des articles <strong>payants&nbsp;<\/strong>:\n<ul class=\"wp-block-list\">\n<li>Soit vous les <strong>payez<\/strong> (\u00e0 l\u2019unit\u00e9 ou en vous abonnant) mais le co\u00fbt est important (30 \u20ac l\u2019article en moyenne)<\/li>\n\n\n\n<li>Soit <strong>vous y acc\u00e9der gr\u00e2ce \u00e0 votre biblioth\u00e8que<\/strong> universitaire ou votre laboratoire.\n<ul class=\"wp-block-list\">\n<li>S&rsquo;ils sont abonn\u00e9s aux principales revues \u00e9lectroniques, vous pourrez y acc\u00e9der&nbsp;via des codes d\u2019acc\u00e8s.<\/li>\n\n\n\n<li>S&rsquo;ils ne disposent des revues qu&rsquo;en format papier, vous pourrez les emprunter ou les photocopier. <\/li>\n<\/ul>\n<\/li>\n\n\n\n<li>Soit vous <strong>pirater<\/strong> l\u2019article. Devant le co\u00fbt toujours croissant des abonnements, la communaut\u00e9 de chercheurs s&rsquo;est organis\u00e9e pour rendre la science accessible \u00e0 tous.\n<ul class=\"wp-block-list\">\n<li><strong>Biblioth\u00e8que clandestine<\/strong> virtuelle comme Sci-Hub&nbsp;ou <a href=\"https:\/\/fr.wikipedia.org\/wiki\/Library_Genesis\">Library Genesys (lien changeant r\u00e9guli\u00e8rement)<\/a>&nbsp;(NB: l&rsquo;URL change souvent \u00e0 cause des proc\u00e8s, retrouvez le dernier lien sur la page <a href=\"https:\/\/fr.wikipedia.org\/wiki\/Sci-Hub\">Wikip\u00e9dia<\/a>, \u00e0 droite). L&rsquo;acc\u00e8s vous sera bloqu\u00e9 si vous tentez de vous connecter de chez vous mais pas si vous vous connectez de votre universit\u00e9 ou via un VPN. N\u2019h\u00e9sitez pas \u00e0 jeter un coup d\u2019\u0153il \u00e0 l\u2019article du <a href=\"https:\/\/www.lemonde.fr\/pixels\/article\/2016\/02\/15\/sci-hub-le-pirate-bay-de-la-recherche-scientifique-est-de-retour_4865611_4408996.html\">Monde<\/a>.<\/li>\n\n\n\n<li>Telegram en utilisant le bot de SciHub <a href=\"https:\/\/telegram.me\/scihubot\" target=\"_blank\" rel=\"noreferrer noopener\">@scihubot<\/a> <\/li>\n\n\n\n<li><strong>Twitter<\/strong> en utilisant&nbsp;le hashtag&nbsp;#Icanhazpdf<\/li>\n\n\n\n<li><strong>Reddit<\/strong> en utilisant le canal <a href=\"https:\/\/www.reddit.com\/r\/scholar\">r\/scholar<\/a> <\/li>\n<\/ul>\n<\/li>\n\n\n\n<li>Enfin, vous pouvez demander \u00e0 <strong>l\u2019auteur<\/strong> de vous fournir un exemplaire \u00e9lectronique de l\u2019article. Ses coordonn\u00e9es sont situ\u00e9es dans les r\u00e9f\u00e9rences.  <\/li>\n<\/ul>\n<\/li>\n<\/ul>\n\n\n<div class=\"wp-block-image\">\n<figure class=\"aligncenter size-full\"><img data-recalc-dims=\"1\" loading=\"lazy\" decoding=\"async\" width=\"629\" height=\"1193\" data-attachment-id=\"39808\" data-permalink=\"https:\/\/lepcam.fr\/index.php\/les-etapes\/recherche-doc\/i-need-a-paper\/\" data-orig-file=\"https:\/\/i0.wp.com\/lepcam.fr\/wp-content\/uploads\/2024\/10\/I-need-a-paper-.png?fit=640%2C1214&amp;ssl=1\" data-orig-size=\"640,1214\" data-comments-opened=\"1\" data-image-meta=\"{&quot;aperture&quot;:&quot;0&quot;,&quot;credit&quot;:&quot;&quot;,&quot;camera&quot;:&quot;&quot;,&quot;caption&quot;:&quot;&quot;,&quot;created_timestamp&quot;:&quot;0&quot;,&quot;copyright&quot;:&quot;&quot;,&quot;focal_length&quot;:&quot;0&quot;,&quot;iso&quot;:&quot;0&quot;,&quot;shutter_speed&quot;:&quot;0&quot;,&quot;title&quot;:&quot;&quot;,&quot;orientation&quot;:&quot;0&quot;}\" data-image-title=\"I-need-a-paper-\" data-image-description=\"\" data-image-caption=\"\" data-large-file=\"https:\/\/i0.wp.com\/lepcam.fr\/wp-content\/uploads\/2024\/10\/I-need-a-paper-.png?fit=540%2C1024&amp;ssl=1\" src=\"https:\/\/i0.wp.com\/lepcam.fr\/wp-content\/uploads\/2024\/10\/I-need-a-paper-.png?resize=629%2C1193&#038;ssl=1\" alt=\"\" class=\"wp-image-39808\"\/><figcaption class=\"wp-element-caption\">algorithme pour r\u00e9cup\u00e9rer un article scientifique<\/figcaption><\/figure>\n<\/div>\n\n\n<h2 class=\"wp-block-heading\" id=\"orga\">E. Organiser et trier les r\u00e9f\u00e9rences<\/h2>\n\n\n\n<p>Plusieurs solutions existent :<\/p>\n\n\n\n<ul class=\"wp-block-list\">\n<li>Sous format papier : imprimez et rangez vos documents dans de grands classeurs.<\/li>\n\n\n\n<li>Sous format num\u00e9rique&nbsp;: enregistrez ou exporter vos r\u00e9sultats dans un fichier texte sur votre ordinateur.<\/li>\n\n\n\n<li>En ligne&nbsp;: enregistrez les r\u00e9f\u00e9rences dans votre \u00ab&nbsp;presse-papiers&nbsp;\u00bb ou \u00ab&nbsp;Clipboard&nbsp;\u00bb sur votre compte PubMed.<\/li>\n\n\n\n<li><strong>Via un logiciel de gestion de bibliographique <\/strong><a href=\"https:\/\/lepcam.fr\/index.php\/ressources\/gestion-des-references\/\">(cf. tutoriels)<\/a>. Les 2 principaux sont\u00a0:\n<ul class=\"wp-block-list\">\n<li><strong>Zotero&nbsp;<\/strong>: gratuit, licence libre, utilis\u00e9 par les biblioth\u00e8ques qui dispensent des formations gratuites.<\/li>\n\n\n\n<li><strong>Mendeley&nbsp;<\/strong>: gratuit mais appartenant \u00e0 Elsevier (\u00e9diteur souvent tr\u00e8s critiqu\u00e9 par la communaut\u00e9 scientifique).<\/li>\n<\/ul>\n<\/li>\n<\/ul>\n\n\n\n<h2 class=\"wp-block-heading\" id=\"assurer\">F. Assurer la veille documentaire<\/h2>\n\n\n\n<p>Votre recherche est fig\u00e9e \u00e0 un moment donn\u00e9. De nouveaux articles sont publi\u00e9s quotidiennement et pourraient concerner votre domaine de recherche.<\/p>\n\n\n\n<p>Pour vous tenir au courant, vous pouvez r\u00e9aliser une veille documentaire&nbsp;:<\/p>\n\n\n\n<ul class=\"wp-block-list\">\n<li>Veille <strong>manuelle&nbsp;<\/strong>: r\u00e9guli\u00e8rement, interrogez les bases de donn\u00e9es avec la m\u00eame \u00e9quation pr\u00e9c\u00e9demment \u00e9labor\u00e9e.<\/li>\n\n\n\n<li>Veille <strong>automatique&nbsp;<\/strong>: certaines bases de donn\u00e9es vous permettent de vous abonner et de vous envoyer r\u00e9guli\u00e8rement les r\u00e9f\u00e9rences des nouveaux articles. PubMed permet cette fonction dans \u00ab&nbsp;MyNCBI&nbsp;\u00bb.<\/li>\n\n\n\n<li>Vous abonner directement aux sommaires des revues d&rsquo;int\u00e9r\u00eat.<\/li>\n<\/ul>\n\n\n\n<hr class=\"wp-block-separator has-css-opacity\"\/>\n<\/div><\/div>\n","protected":false},"excerpt":{"rendered":"<p>II. Effectuer une recherche bibliographique La recherche documentaire correspond \u00e0 la 1\u00e8re \u00e9tape de votre travail. Cette \u00e9tape peut para\u00eetre fastidieuse pour beaucoup mais elle est indispensable. Vous pourrez vous faire aider de votre biblioth\u00e9caire universitaire, expert de la bibliographie. La recherche se d\u00e9compose en 6 \u00e9tapes : A. D\u00e9finir le champ B. Pr\u00e9parer la [&hellip;]<\/p>\n","protected":false},"author":1,"featured_media":0,"parent":147,"menu_order":2,"comment_status":"open","ping_status":"closed","template":"","meta":{"footnotes":""},"class_list":["post-673","page","type-page","status-publish","hentry"],"yoast_head":"<!-- This site is optimized with the Yoast SEO plugin v27.5 - https:\/\/yoast.com\/product\/yoast-seo-wordpress\/ -->\n<title>Effectuer une recherche documentaire - LEPCAM<\/title>\n<meta name=\"description\" content=\"Effectuez votre recherche documentaire pas \u00e0 pas, en 6 grandes \u00e9tapes : de la d\u00e9finition du champ de requ\u00eate jusqu&#039;\u00e0 la veille documentaire.\" \/>\n<meta name=\"robots\" content=\"index, follow, max-snippet:-1, max-image-preview:large, max-video-preview:-1\" \/>\n<link rel=\"canonical\" href=\"https:\/\/lepcam.fr\/index.php\/les-etapes\/recherche-doc\/\" \/>\n<meta property=\"og:locale\" content=\"fr_FR\" \/>\n<meta property=\"og:type\" content=\"article\" \/>\n<meta property=\"og:title\" content=\"Effectuer une recherche documentaire - LEPCAM\" \/>\n<meta property=\"og:description\" content=\"Effectuez votre recherche documentaire pas \u00e0 pas, en 6 grandes \u00e9tapes : de la d\u00e9finition du champ de requ\u00eate jusqu&#039;\u00e0 la veille documentaire.\" \/>\n<meta property=\"og:url\" content=\"https:\/\/lepcam.fr\/index.php\/les-etapes\/recherche-doc\/\" \/>\n<meta property=\"og:site_name\" content=\"LEPCAM\" \/>\n<meta property=\"article:publisher\" content=\"https:\/\/www.facebook.com\/lepcam.fr\/\" \/>\n<meta property=\"article:modified_time\" content=\"2024-10-22T20:21:03+00:00\" \/>\n<meta property=\"og:image\" content=\"https:\/\/lepcam.fr\/wp-content\/uploads\/2024\/10\/I-need-a-paper-.png\" \/>\n<meta name=\"twitter:card\" content=\"summary_large_image\" \/>\n<meta name=\"twitter:site\" content=\"@Lepcam_site\" \/>\n<meta name=\"twitter:label1\" content=\"Dur\u00e9e de lecture estim\u00e9e\" \/>\n\t<meta name=\"twitter:data1\" content=\"6 minutes\" \/>\n<script type=\"application\/ld+json\" class=\"yoast-schema-graph\">{\"@context\":\"https:\\\/\\\/schema.org\",\"@graph\":[{\"@type\":\"WebPage\",\"@id\":\"https:\\\/\\\/lepcam.fr\\\/index.php\\\/les-etapes\\\/recherche-doc\\\/\",\"url\":\"https:\\\/\\\/lepcam.fr\\\/index.php\\\/les-etapes\\\/recherche-doc\\\/\",\"name\":\"Effectuer une recherche documentaire - LEPCAM\",\"isPartOf\":{\"@id\":\"https:\\\/\\\/lepcam.fr\\\/#website\"},\"primaryImageOfPage\":{\"@id\":\"https:\\\/\\\/lepcam.fr\\\/index.php\\\/les-etapes\\\/recherche-doc\\\/#primaryimage\"},\"image\":{\"@id\":\"https:\\\/\\\/lepcam.fr\\\/index.php\\\/les-etapes\\\/recherche-doc\\\/#primaryimage\"},\"thumbnailUrl\":\"https:\\\/\\\/lepcam.fr\\\/wp-content\\\/uploads\\\/2024\\\/10\\\/I-need-a-paper-.png\",\"datePublished\":\"2016-04-29T20:13:52+00:00\",\"dateModified\":\"2024-10-22T20:21:03+00:00\",\"description\":\"Effectuez votre recherche documentaire pas \u00e0 pas, en 6 grandes \u00e9tapes : de la d\u00e9finition du champ de requ\u00eate jusqu'\u00e0 la veille documentaire.\",\"breadcrumb\":{\"@id\":\"https:\\\/\\\/lepcam.fr\\\/index.php\\\/les-etapes\\\/recherche-doc\\\/#breadcrumb\"},\"inLanguage\":\"fr-FR\",\"potentialAction\":[{\"@type\":\"ReadAction\",\"target\":[\"https:\\\/\\\/lepcam.fr\\\/index.php\\\/les-etapes\\\/recherche-doc\\\/\"]}]},{\"@type\":\"ImageObject\",\"inLanguage\":\"fr-FR\",\"@id\":\"https:\\\/\\\/lepcam.fr\\\/index.php\\\/les-etapes\\\/recherche-doc\\\/#primaryimage\",\"url\":\"https:\\\/\\\/lepcam.fr\\\/wp-content\\\/uploads\\\/2024\\\/10\\\/I-need-a-paper-.png\",\"contentUrl\":\"https:\\\/\\\/lepcam.fr\\\/wp-content\\\/uploads\\\/2024\\\/10\\\/I-need-a-paper-.png\"},{\"@type\":\"BreadcrumbList\",\"@id\":\"https:\\\/\\\/lepcam.fr\\\/index.php\\\/les-etapes\\\/recherche-doc\\\/#breadcrumb\",\"itemListElement\":[{\"@type\":\"ListItem\",\"position\":1,\"name\":\"Accueil\",\"item\":\"https:\\\/\\\/lepcam.fr\\\/\"},{\"@type\":\"ListItem\",\"position\":2,\"name\":\"Les \u00e9tapes\",\"item\":\"https:\\\/\\\/lepcam.fr\\\/index.php\\\/les-etapes\\\/\"},{\"@type\":\"ListItem\",\"position\":3,\"name\":\"exploration \\\/ recherche documentaire (2)\"}]},{\"@type\":\"WebSite\",\"@id\":\"https:\\\/\\\/lepcam.fr\\\/#website\",\"url\":\"https:\\\/\\\/lepcam.fr\\\/\",\"name\":\"LEPCAM\",\"description\":\"Apprenez \u00e0 chercher\",\"publisher\":{\"@id\":\"https:\\\/\\\/lepcam.fr\\\/#organization\"},\"potentialAction\":[{\"@type\":\"SearchAction\",\"target\":{\"@type\":\"EntryPoint\",\"urlTemplate\":\"https:\\\/\\\/lepcam.fr\\\/?s={search_term_string}\"},\"query-input\":{\"@type\":\"PropertyValueSpecification\",\"valueRequired\":true,\"valueName\":\"search_term_string\"}}],\"inLanguage\":\"fr-FR\"},{\"@type\":\"Organization\",\"@id\":\"https:\\\/\\\/lepcam.fr\\\/#organization\",\"name\":\"lepcam\",\"url\":\"https:\\\/\\\/lepcam.fr\\\/\",\"logo\":{\"@type\":\"ImageObject\",\"inLanguage\":\"fr-FR\",\"@id\":\"https:\\\/\\\/lepcam.fr\\\/#\\\/schema\\\/logo\\\/image\\\/\",\"url\":\"https:\\\/\\\/i0.wp.com\\\/lepcam.fr\\\/wp-content\\\/uploads\\\/2016\\\/02\\\/Logo-LEPCAM-fond-blanc-01.png?fit=104%2C104&ssl=1\",\"contentUrl\":\"https:\\\/\\\/i0.wp.com\\\/lepcam.fr\\\/wp-content\\\/uploads\\\/2016\\\/02\\\/Logo-LEPCAM-fond-blanc-01.png?fit=104%2C104&ssl=1\",\"width\":104,\"height\":104,\"caption\":\"lepcam\"},\"image\":{\"@id\":\"https:\\\/\\\/lepcam.fr\\\/#\\\/schema\\\/logo\\\/image\\\/\"},\"sameAs\":[\"https:\\\/\\\/www.facebook.com\\\/lepcam.fr\\\/\",\"https:\\\/\\\/x.com\\\/Lepcam_site\"]}]}<\/script>\n<!-- \/ Yoast SEO plugin. -->","yoast_head_json":{"title":"Effectuer une recherche documentaire - LEPCAM","description":"Effectuez votre recherche documentaire pas \u00e0 pas, en 6 grandes \u00e9tapes : de la d\u00e9finition du champ de requ\u00eate jusqu'\u00e0 la veille documentaire.","robots":{"index":"index","follow":"follow","max-snippet":"max-snippet:-1","max-image-preview":"max-image-preview:large","max-video-preview":"max-video-preview:-1"},"canonical":"https:\/\/lepcam.fr\/index.php\/les-etapes\/recherche-doc\/","og_locale":"fr_FR","og_type":"article","og_title":"Effectuer une recherche documentaire - LEPCAM","og_description":"Effectuez votre recherche documentaire pas \u00e0 pas, en 6 grandes \u00e9tapes : de la d\u00e9finition du champ de requ\u00eate jusqu'\u00e0 la veille documentaire.","og_url":"https:\/\/lepcam.fr\/index.php\/les-etapes\/recherche-doc\/","og_site_name":"LEPCAM","article_publisher":"https:\/\/www.facebook.com\/lepcam.fr\/","article_modified_time":"2024-10-22T20:21:03+00:00","og_image":[{"url":"https:\/\/lepcam.fr\/wp-content\/uploads\/2024\/10\/I-need-a-paper-.png","type":"","width":"","height":""}],"twitter_card":"summary_large_image","twitter_site":"@Lepcam_site","twitter_misc":{"Dur\u00e9e de lecture estim\u00e9e":"6 minutes"},"schema":{"@context":"https:\/\/schema.org","@graph":[{"@type":"WebPage","@id":"https:\/\/lepcam.fr\/index.php\/les-etapes\/recherche-doc\/","url":"https:\/\/lepcam.fr\/index.php\/les-etapes\/recherche-doc\/","name":"Effectuer une recherche documentaire - LEPCAM","isPartOf":{"@id":"https:\/\/lepcam.fr\/#website"},"primaryImageOfPage":{"@id":"https:\/\/lepcam.fr\/index.php\/les-etapes\/recherche-doc\/#primaryimage"},"image":{"@id":"https:\/\/lepcam.fr\/index.php\/les-etapes\/recherche-doc\/#primaryimage"},"thumbnailUrl":"https:\/\/lepcam.fr\/wp-content\/uploads\/2024\/10\/I-need-a-paper-.png","datePublished":"2016-04-29T20:13:52+00:00","dateModified":"2024-10-22T20:21:03+00:00","description":"Effectuez votre recherche documentaire pas \u00e0 pas, en 6 grandes \u00e9tapes : de la d\u00e9finition du champ de requ\u00eate jusqu'\u00e0 la veille documentaire.","breadcrumb":{"@id":"https:\/\/lepcam.fr\/index.php\/les-etapes\/recherche-doc\/#breadcrumb"},"inLanguage":"fr-FR","potentialAction":[{"@type":"ReadAction","target":["https:\/\/lepcam.fr\/index.php\/les-etapes\/recherche-doc\/"]}]},{"@type":"ImageObject","inLanguage":"fr-FR","@id":"https:\/\/lepcam.fr\/index.php\/les-etapes\/recherche-doc\/#primaryimage","url":"https:\/\/lepcam.fr\/wp-content\/uploads\/2024\/10\/I-need-a-paper-.png","contentUrl":"https:\/\/lepcam.fr\/wp-content\/uploads\/2024\/10\/I-need-a-paper-.png"},{"@type":"BreadcrumbList","@id":"https:\/\/lepcam.fr\/index.php\/les-etapes\/recherche-doc\/#breadcrumb","itemListElement":[{"@type":"ListItem","position":1,"name":"Accueil","item":"https:\/\/lepcam.fr\/"},{"@type":"ListItem","position":2,"name":"Les \u00e9tapes","item":"https:\/\/lepcam.fr\/index.php\/les-etapes\/"},{"@type":"ListItem","position":3,"name":"exploration \/ recherche documentaire (2)"}]},{"@type":"WebSite","@id":"https:\/\/lepcam.fr\/#website","url":"https:\/\/lepcam.fr\/","name":"LEPCAM","description":"Apprenez \u00e0 chercher","publisher":{"@id":"https:\/\/lepcam.fr\/#organization"},"potentialAction":[{"@type":"SearchAction","target":{"@type":"EntryPoint","urlTemplate":"https:\/\/lepcam.fr\/?s={search_term_string}"},"query-input":{"@type":"PropertyValueSpecification","valueRequired":true,"valueName":"search_term_string"}}],"inLanguage":"fr-FR"},{"@type":"Organization","@id":"https:\/\/lepcam.fr\/#organization","name":"lepcam","url":"https:\/\/lepcam.fr\/","logo":{"@type":"ImageObject","inLanguage":"fr-FR","@id":"https:\/\/lepcam.fr\/#\/schema\/logo\/image\/","url":"https:\/\/i0.wp.com\/lepcam.fr\/wp-content\/uploads\/2016\/02\/Logo-LEPCAM-fond-blanc-01.png?fit=104%2C104&ssl=1","contentUrl":"https:\/\/i0.wp.com\/lepcam.fr\/wp-content\/uploads\/2016\/02\/Logo-LEPCAM-fond-blanc-01.png?fit=104%2C104&ssl=1","width":104,"height":104,"caption":"lepcam"},"image":{"@id":"https:\/\/lepcam.fr\/#\/schema\/logo\/image\/"},"sameAs":["https:\/\/www.facebook.com\/lepcam.fr\/","https:\/\/x.com\/Lepcam_site"]}]}},"jetpack_shortlink":"https:\/\/wp.me\/P7iIqB-aR","jetpack_sharing_enabled":true,"_links":{"self":[{"href":"https:\/\/lepcam.fr\/index.php\/wp-json\/wp\/v2\/pages\/673","targetHints":{"allow":["GET"]}}],"collection":[{"href":"https:\/\/lepcam.fr\/index.php\/wp-json\/wp\/v2\/pages"}],"about":[{"href":"https:\/\/lepcam.fr\/index.php\/wp-json\/wp\/v2\/types\/page"}],"author":[{"embeddable":true,"href":"https:\/\/lepcam.fr\/index.php\/wp-json\/wp\/v2\/users\/1"}],"replies":[{"embeddable":true,"href":"https:\/\/lepcam.fr\/index.php\/wp-json\/wp\/v2\/comments?post=673"}],"version-history":[{"count":29,"href":"https:\/\/lepcam.fr\/index.php\/wp-json\/wp\/v2\/pages\/673\/revisions"}],"predecessor-version":[{"id":39809,"href":"https:\/\/lepcam.fr\/index.php\/wp-json\/wp\/v2\/pages\/673\/revisions\/39809"}],"up":[{"embeddable":true,"href":"https:\/\/lepcam.fr\/index.php\/wp-json\/wp\/v2\/pages\/147"}],"wp:attachment":[{"href":"https:\/\/lepcam.fr\/index.php\/wp-json\/wp\/v2\/media?parent=673"}],"curies":[{"name":"wp","href":"https:\/\/api.w.org\/{rel}","templated":true}]}}