{"id":2185,"date":"2018-05-05T09:32:33","date_gmt":"2018-05-05T08:32:33","guid":{"rendered":"https:\/\/lepcam.fr\/?page_id=2185"},"modified":"2024-10-22T22:29:14","modified_gmt":"2024-10-22T21:29:14","slug":"pvalue-io","status":"publish","type":"page","link":"https:\/\/lepcam.fr\/index.php\/ressources\/logiciels-statistiques\/pvalue-io\/","title":{"rendered":"pvalue.io"},"content":{"rendered":"<div class=\"wp-block-image\">\n<figure class=\"aligncenter size-full\"><img data-recalc-dims=\"1\" loading=\"lazy\" decoding=\"async\" width=\"300\" height=\"148\" data-attachment-id=\"39829\" data-permalink=\"https:\/\/lepcam.fr\/index.php\/ressources\/logiciels-statistiques\/pvalue-io\/logo360-300x148-1\/\" data-orig-file=\"https:\/\/i0.wp.com\/lepcam.fr\/wp-content\/uploads\/2024\/10\/logo360-300x148-1.png?fit=300%2C148&amp;ssl=1\" data-orig-size=\"300,148\" data-comments-opened=\"1\" data-image-meta=\"{&quot;aperture&quot;:&quot;0&quot;,&quot;credit&quot;:&quot;&quot;,&quot;camera&quot;:&quot;&quot;,&quot;caption&quot;:&quot;&quot;,&quot;created_timestamp&quot;:&quot;0&quot;,&quot;copyright&quot;:&quot;&quot;,&quot;focal_length&quot;:&quot;0&quot;,&quot;iso&quot;:&quot;0&quot;,&quot;shutter_speed&quot;:&quot;0&quot;,&quot;title&quot;:&quot;&quot;,&quot;orientation&quot;:&quot;0&quot;}\" data-image-title=\"logo360-300&amp;#215;148-1\" data-image-description=\"\" data-image-caption=\"\" data-large-file=\"https:\/\/i0.wp.com\/lepcam.fr\/wp-content\/uploads\/2024\/10\/logo360-300x148-1.png?fit=300%2C148&amp;ssl=1\" src=\"https:\/\/i0.wp.com\/lepcam.fr\/wp-content\/uploads\/2024\/10\/logo360-300x148-1.png?resize=300%2C148&#038;ssl=1\" alt=\"\" class=\"wp-image-39829\"\/><\/figure>\n<\/div>\n\n\n<p><a href=\"https:\/\/www.pvalue.io\/\">pvalue.io<\/a> est un site internet gratuit permettant de r\u00e9aliser des analyses statistiques en toute simplicit\u00e9.<\/p>\n\n\n\n<p>Ce site vous permet d&rsquo;importer votre base de donn\u00e9es, de pr\u00e9parer votre fichier, de r\u00e9aliser des analyses univari\u00e9es et multivari\u00e9e, et d&rsquo;obtenir des graphiques personnalisables.<\/p>\n\n\n<iframe loading=\"lazy\"  style=\"display: block; margin: 0px auto;\"  id=\"_ytid_79964\"  width=\"629\" height=\"354\"  data-origwidth=\"629\" data-origheight=\"354\" src=\"https:\/\/www.youtube.com\/embed\/GNmCAbw3VIU?enablejsapi=1&autoplay=0&cc_load_policy=0&cc_lang_pref=&iv_load_policy=1&loop=0&rel=0&fs=1&playsinline=0&autohide=2&theme=dark&color=red&controls=1&disablekb=0&\" class=\"__youtube_prefs__  no-lazyload\" title=\"YouTube player\"  allow=\"fullscreen; accelerometer; autoplay; clipboard-write; encrypted-media; gyroscope; picture-in-picture; web-share\" referrerpolicy=\"strict-origin-when-cross-origin\" allowfullscreen data-no-lazy=\"1\" data-skipgform_ajax_framebjll=\"\"><\/iframe>\n","protected":false},"excerpt":{"rendered":"<p>pvalue.io est un site internet gratuit permettant de r\u00e9aliser des analyses statistiques en toute simplicit\u00e9. Ce site vous permet d&rsquo;importer votre base de donn\u00e9es, de pr\u00e9parer votre fichier, de r\u00e9aliser des analyses univari\u00e9es et multivari\u00e9e, et d&rsquo;obtenir des graphiques personnalisables.<\/p>\n","protected":false},"author":1,"featured_media":0,"parent":1940,"menu_order":0,"comment_status":"closed","ping_status":"closed","template":"","meta":{"footnotes":""},"class_list":["post-2185","page","type-page","status-publish","hentry"],"yoast_head":"<!-- This site is optimized with the Yoast SEO plugin v27.5 - https:\/\/yoast.com\/product\/yoast-seo-wordpress\/ -->\n<title>pvalue.io - LEPCAM<\/title>\n<meta name=\"robots\" content=\"index, follow, max-snippet:-1, max-image-preview:large, max-video-preview:-1\" \/>\n<link rel=\"canonical\" href=\"https:\/\/lepcam.fr\/index.php\/ressources\/logiciels-statistiques\/pvalue-io\/\" \/>\n<meta property=\"og:locale\" content=\"fr_FR\" \/>\n<meta property=\"og:type\" content=\"article\" \/>\n<meta property=\"og:title\" content=\"pvalue.io - LEPCAM\" \/>\n<meta property=\"og:description\" content=\"pvalue.io est un site internet gratuit permettant de r\u00e9aliser des analyses statistiques en toute simplicit\u00e9. Ce site vous permet d&rsquo;importer votre base de donn\u00e9es, de pr\u00e9parer votre fichier, de r\u00e9aliser des analyses univari\u00e9es et multivari\u00e9e, et d&rsquo;obtenir des graphiques personnalisables.\" \/>\n<meta property=\"og:url\" content=\"https:\/\/lepcam.fr\/index.php\/ressources\/logiciels-statistiques\/pvalue-io\/\" \/>\n<meta property=\"og:site_name\" content=\"LEPCAM\" \/>\n<meta property=\"article:publisher\" content=\"https:\/\/www.facebook.com\/lepcam.fr\/\" \/>\n<meta property=\"article:modified_time\" content=\"2024-10-22T21:29:14+00:00\" \/>\n<meta property=\"og:image\" content=\"https:\/\/lepcam.fr\/wp-content\/uploads\/2024\/10\/logo360-300x148-1.png\" \/>\n<meta name=\"twitter:card\" content=\"summary_large_image\" \/>\n<meta name=\"twitter:site\" content=\"@Lepcam_site\" \/>\n<meta name=\"twitter:label1\" content=\"Dur\u00e9e de lecture estim\u00e9e\" \/>\n\t<meta name=\"twitter:data1\" content=\"1 minute\" \/>\n<script type=\"application\/ld+json\" class=\"yoast-schema-graph\">{\"@context\":\"https:\\\/\\\/schema.org\",\"@graph\":[{\"@type\":\"WebPage\",\"@id\":\"https:\\\/\\\/lepcam.fr\\\/index.php\\\/ressources\\\/logiciels-statistiques\\\/pvalue-io\\\/\",\"url\":\"https:\\\/\\\/lepcam.fr\\\/index.php\\\/ressources\\\/logiciels-statistiques\\\/pvalue-io\\\/\",\"name\":\"pvalue.io - LEPCAM\",\"isPartOf\":{\"@id\":\"https:\\\/\\\/lepcam.fr\\\/#website\"},\"primaryImageOfPage\":{\"@id\":\"https:\\\/\\\/lepcam.fr\\\/index.php\\\/ressources\\\/logiciels-statistiques\\\/pvalue-io\\\/#primaryimage\"},\"image\":{\"@id\":\"https:\\\/\\\/lepcam.fr\\\/index.php\\\/ressources\\\/logiciels-statistiques\\\/pvalue-io\\\/#primaryimage\"},\"thumbnailUrl\":\"https:\\\/\\\/lepcam.fr\\\/wp-content\\\/uploads\\\/2024\\\/10\\\/logo360-300x148-1.png\",\"datePublished\":\"2018-05-05T08:32:33+00:00\",\"dateModified\":\"2024-10-22T21:29:14+00:00\",\"breadcrumb\":{\"@id\":\"https:\\\/\\\/lepcam.fr\\\/index.php\\\/ressources\\\/logiciels-statistiques\\\/pvalue-io\\\/#breadcrumb\"},\"inLanguage\":\"fr-FR\",\"potentialAction\":[{\"@type\":\"ReadAction\",\"target\":[\"https:\\\/\\\/lepcam.fr\\\/index.php\\\/ressources\\\/logiciels-statistiques\\\/pvalue-io\\\/\"]}]},{\"@type\":\"ImageObject\",\"inLanguage\":\"fr-FR\",\"@id\":\"https:\\\/\\\/lepcam.fr\\\/index.php\\\/ressources\\\/logiciels-statistiques\\\/pvalue-io\\\/#primaryimage\",\"url\":\"https:\\\/\\\/lepcam.fr\\\/wp-content\\\/uploads\\\/2024\\\/10\\\/logo360-300x148-1.png\",\"contentUrl\":\"https:\\\/\\\/lepcam.fr\\\/wp-content\\\/uploads\\\/2024\\\/10\\\/logo360-300x148-1.png\"},{\"@type\":\"BreadcrumbList\",\"@id\":\"https:\\\/\\\/lepcam.fr\\\/index.php\\\/ressources\\\/logiciels-statistiques\\\/pvalue-io\\\/#breadcrumb\",\"itemListElement\":[{\"@type\":\"ListItem\",\"position\":1,\"name\":\"Accueil\",\"item\":\"https:\\\/\\\/lepcam.fr\\\/\"},{\"@type\":\"ListItem\",\"position\":2,\"name\":\"Tutoriels\",\"item\":\"https:\\\/\\\/lepcam.fr\\\/index.php\\\/ressources\\\/\"},{\"@type\":\"ListItem\",\"position\":3,\"name\":\"Logiciels d&rsquo;analyse\",\"item\":\"https:\\\/\\\/lepcam.fr\\\/index.php\\\/ressources\\\/logiciels-statistiques\\\/\"},{\"@type\":\"ListItem\",\"position\":4,\"name\":\"pvalue.io\"}]},{\"@type\":\"WebSite\",\"@id\":\"https:\\\/\\\/lepcam.fr\\\/#website\",\"url\":\"https:\\\/\\\/lepcam.fr\\\/\",\"name\":\"LEPCAM\",\"description\":\"Apprenez \u00e0 chercher\",\"publisher\":{\"@id\":\"https:\\\/\\\/lepcam.fr\\\/#organization\"},\"potentialAction\":[{\"@type\":\"SearchAction\",\"target\":{\"@type\":\"EntryPoint\",\"urlTemplate\":\"https:\\\/\\\/lepcam.fr\\\/?s={search_term_string}\"},\"query-input\":{\"@type\":\"PropertyValueSpecification\",\"valueRequired\":true,\"valueName\":\"search_term_string\"}}],\"inLanguage\":\"fr-FR\"},{\"@type\":\"Organization\",\"@id\":\"https:\\\/\\\/lepcam.fr\\\/#organization\",\"name\":\"lepcam\",\"url\":\"https:\\\/\\\/lepcam.fr\\\/\",\"logo\":{\"@type\":\"ImageObject\",\"inLanguage\":\"fr-FR\",\"@id\":\"https:\\\/\\\/lepcam.fr\\\/#\\\/schema\\\/logo\\\/image\\\/\",\"url\":\"https:\\\/\\\/i0.wp.com\\\/lepcam.fr\\\/wp-content\\\/uploads\\\/2016\\\/02\\\/Logo-LEPCAM-fond-blanc-01.png?fit=104%2C104&ssl=1\",\"contentUrl\":\"https:\\\/\\\/i0.wp.com\\\/lepcam.fr\\\/wp-content\\\/uploads\\\/2016\\\/02\\\/Logo-LEPCAM-fond-blanc-01.png?fit=104%2C104&ssl=1\",\"width\":104,\"height\":104,\"caption\":\"lepcam\"},\"image\":{\"@id\":\"https:\\\/\\\/lepcam.fr\\\/#\\\/schema\\\/logo\\\/image\\\/\"},\"sameAs\":[\"https:\\\/\\\/www.facebook.com\\\/lepcam.fr\\\/\",\"https:\\\/\\\/x.com\\\/Lepcam_site\"]}]}<\/script>\n<!-- \/ Yoast SEO plugin. -->","yoast_head_json":{"title":"pvalue.io - LEPCAM","robots":{"index":"index","follow":"follow","max-snippet":"max-snippet:-1","max-image-preview":"max-image-preview:large","max-video-preview":"max-video-preview:-1"},"canonical":"https:\/\/lepcam.fr\/index.php\/ressources\/logiciels-statistiques\/pvalue-io\/","og_locale":"fr_FR","og_type":"article","og_title":"pvalue.io - LEPCAM","og_description":"pvalue.io est un site internet gratuit permettant de r\u00e9aliser des analyses statistiques en toute simplicit\u00e9. Ce site vous permet d&rsquo;importer votre base de donn\u00e9es, de pr\u00e9parer votre fichier, de r\u00e9aliser des analyses univari\u00e9es et multivari\u00e9e, et d&rsquo;obtenir des graphiques personnalisables.","og_url":"https:\/\/lepcam.fr\/index.php\/ressources\/logiciels-statistiques\/pvalue-io\/","og_site_name":"LEPCAM","article_publisher":"https:\/\/www.facebook.com\/lepcam.fr\/","article_modified_time":"2024-10-22T21:29:14+00:00","og_image":[{"url":"https:\/\/lepcam.fr\/wp-content\/uploads\/2024\/10\/logo360-300x148-1.png","type":"","width":"","height":""}],"twitter_card":"summary_large_image","twitter_site":"@Lepcam_site","twitter_misc":{"Dur\u00e9e de lecture estim\u00e9e":"1 minute"},"schema":{"@context":"https:\/\/schema.org","@graph":[{"@type":"WebPage","@id":"https:\/\/lepcam.fr\/index.php\/ressources\/logiciels-statistiques\/pvalue-io\/","url":"https:\/\/lepcam.fr\/index.php\/ressources\/logiciels-statistiques\/pvalue-io\/","name":"pvalue.io - LEPCAM","isPartOf":{"@id":"https:\/\/lepcam.fr\/#website"},"primaryImageOfPage":{"@id":"https:\/\/lepcam.fr\/index.php\/ressources\/logiciels-statistiques\/pvalue-io\/#primaryimage"},"image":{"@id":"https:\/\/lepcam.fr\/index.php\/ressources\/logiciels-statistiques\/pvalue-io\/#primaryimage"},"thumbnailUrl":"https:\/\/lepcam.fr\/wp-content\/uploads\/2024\/10\/logo360-300x148-1.png","datePublished":"2018-05-05T08:32:33+00:00","dateModified":"2024-10-22T21:29:14+00:00","breadcrumb":{"@id":"https:\/\/lepcam.fr\/index.php\/ressources\/logiciels-statistiques\/pvalue-io\/#breadcrumb"},"inLanguage":"fr-FR","potentialAction":[{"@type":"ReadAction","target":["https:\/\/lepcam.fr\/index.php\/ressources\/logiciels-statistiques\/pvalue-io\/"]}]},{"@type":"ImageObject","inLanguage":"fr-FR","@id":"https:\/\/lepcam.fr\/index.php\/ressources\/logiciels-statistiques\/pvalue-io\/#primaryimage","url":"https:\/\/lepcam.fr\/wp-content\/uploads\/2024\/10\/logo360-300x148-1.png","contentUrl":"https:\/\/lepcam.fr\/wp-content\/uploads\/2024\/10\/logo360-300x148-1.png"},{"@type":"BreadcrumbList","@id":"https:\/\/lepcam.fr\/index.php\/ressources\/logiciels-statistiques\/pvalue-io\/#breadcrumb","itemListElement":[{"@type":"ListItem","position":1,"name":"Accueil","item":"https:\/\/lepcam.fr\/"},{"@type":"ListItem","position":2,"name":"Tutoriels","item":"https:\/\/lepcam.fr\/index.php\/ressources\/"},{"@type":"ListItem","position":3,"name":"Logiciels d&rsquo;analyse","item":"https:\/\/lepcam.fr\/index.php\/ressources\/logiciels-statistiques\/"},{"@type":"ListItem","position":4,"name":"pvalue.io"}]},{"@type":"WebSite","@id":"https:\/\/lepcam.fr\/#website","url":"https:\/\/lepcam.fr\/","name":"LEPCAM","description":"Apprenez \u00e0 chercher","publisher":{"@id":"https:\/\/lepcam.fr\/#organization"},"potentialAction":[{"@type":"SearchAction","target":{"@type":"EntryPoint","urlTemplate":"https:\/\/lepcam.fr\/?s={search_term_string}"},"query-input":{"@type":"PropertyValueSpecification","valueRequired":true,"valueName":"search_term_string"}}],"inLanguage":"fr-FR"},{"@type":"Organization","@id":"https:\/\/lepcam.fr\/#organization","name":"lepcam","url":"https:\/\/lepcam.fr\/","logo":{"@type":"ImageObject","inLanguage":"fr-FR","@id":"https:\/\/lepcam.fr\/#\/schema\/logo\/image\/","url":"https:\/\/i0.wp.com\/lepcam.fr\/wp-content\/uploads\/2016\/02\/Logo-LEPCAM-fond-blanc-01.png?fit=104%2C104&ssl=1","contentUrl":"https:\/\/i0.wp.com\/lepcam.fr\/wp-content\/uploads\/2016\/02\/Logo-LEPCAM-fond-blanc-01.png?fit=104%2C104&ssl=1","width":104,"height":104,"caption":"lepcam"},"image":{"@id":"https:\/\/lepcam.fr\/#\/schema\/logo\/image\/"},"sameAs":["https:\/\/www.facebook.com\/lepcam.fr\/","https:\/\/x.com\/Lepcam_site"]}]}},"jetpack_shortlink":"https:\/\/wp.me\/P7iIqB-zf","jetpack_sharing_enabled":true,"_links":{"self":[{"href":"https:\/\/lepcam.fr\/index.php\/wp-json\/wp\/v2\/pages\/2185","targetHints":{"allow":["GET"]}}],"collection":[{"href":"https:\/\/lepcam.fr\/index.php\/wp-json\/wp\/v2\/pages"}],"about":[{"href":"https:\/\/lepcam.fr\/index.php\/wp-json\/wp\/v2\/types\/page"}],"author":[{"embeddable":true,"href":"https:\/\/lepcam.fr\/index.php\/wp-json\/wp\/v2\/users\/1"}],"replies":[{"embeddable":true,"href":"https:\/\/lepcam.fr\/index.php\/wp-json\/wp\/v2\/comments?post=2185"}],"version-history":[{"count":5,"href":"https:\/\/lepcam.fr\/index.php\/wp-json\/wp\/v2\/pages\/2185\/revisions"}],"predecessor-version":[{"id":39831,"href":"https:\/\/lepcam.fr\/index.php\/wp-json\/wp\/v2\/pages\/2185\/revisions\/39831"}],"up":[{"embeddable":true,"href":"https:\/\/lepcam.fr\/index.php\/wp-json\/wp\/v2\/pages\/1940"}],"wp:attachment":[{"href":"https:\/\/lepcam.fr\/index.php\/wp-json\/wp\/v2\/media?parent=2185"}],"curies":[{"name":"wp","href":"https:\/\/api.w.org\/{rel}","templated":true}]}}