{"id":1994,"date":"2018-03-12T14:11:45","date_gmt":"2018-03-12T13:11:45","guid":{"rendered":"http:\/\/lepcam.fr\/?page_id=1994"},"modified":"2024-10-22T22:36:41","modified_gmt":"2024-10-22T21:36:41","slug":"spss","status":"publish","type":"page","link":"https:\/\/lepcam.fr\/index.php\/ressources\/logiciels-statistiques\/spss\/","title":{"rendered":"SPSS"},"content":{"rendered":"<div class=\"wp-block-image\">\n<figure class=\"aligncenter size-medium is-resized\"><img data-attachment-id=\"39836\" data-permalink=\"https:\/\/lepcam.fr\/spss-logo-2\/\" data-orig-file=\"https:\/\/i0.wp.com\/lepcam.fr\/wp-content\/uploads\/2024\/10\/spss-logo-edited.png?fit=1280%2C800&amp;ssl=1\" data-orig-size=\"1280,800\" data-comments-opened=\"1\" data-image-meta=\"{&quot;aperture&quot;:&quot;0&quot;,&quot;credit&quot;:&quot;&quot;,&quot;camera&quot;:&quot;&quot;,&quot;caption&quot;:&quot;&quot;,&quot;created_timestamp&quot;:&quot;0&quot;,&quot;copyright&quot;:&quot;&quot;,&quot;focal_length&quot;:&quot;0&quot;,&quot;iso&quot;:&quot;0&quot;,&quot;shutter_speed&quot;:&quot;0&quot;,&quot;title&quot;:&quot;&quot;,&quot;orientation&quot;:&quot;0&quot;}\" data-image-title=\"spss-logo\" data-image-description=\"\" data-image-caption=\"\" data-medium-file=\"https:\/\/i0.wp.com\/lepcam.fr\/wp-content\/uploads\/2024\/10\/spss-logo-edited.png?fit=300%2C188&amp;ssl=1\" data-large-file=\"https:\/\/i0.wp.com\/lepcam.fr\/wp-content\/uploads\/2024\/10\/spss-logo-edited.png?fit=629%2C393&amp;ssl=1\" decoding=\"async\" loading=\"lazy\" src=\"https:\/\/i0.wp.com\/lepcam.fr\/wp-content\/uploads\/2024\/10\/spss-logo-edited-300x188.png?resize=225%2C141&#038;ssl=1\" alt=\"\" class=\"wp-image-39836\" width=\"225\" height=\"141\" srcset=\"https:\/\/i0.wp.com\/lepcam.fr\/wp-content\/uploads\/2024\/10\/spss-logo-edited.png?resize=300%2C188&amp;ssl=1 300w, https:\/\/i0.wp.com\/lepcam.fr\/wp-content\/uploads\/2024\/10\/spss-logo-edited.png?resize=1024%2C640&amp;ssl=1 1024w, https:\/\/i0.wp.com\/lepcam.fr\/wp-content\/uploads\/2024\/10\/spss-logo-edited.png?resize=900%2C563&amp;ssl=1 900w, https:\/\/i0.wp.com\/lepcam.fr\/wp-content\/uploads\/2024\/10\/spss-logo-edited.png?w=1280&amp;ssl=1 1280w\" sizes=\"(max-width: 225px) 100vw, 225px\" data-recalc-dims=\"1\" \/><\/figure><\/div>\n\n\n<p>SPSS est un logiciel statistique payant. Il a l&rsquo;avantage d&rsquo;avoir une interface plus facile d&rsquo;acc\u00e8s, ressemblant \u00e0 Excel.<\/p>\n\n\n\n<h3>Vid\u00e9o<\/h3>\n\n\n\n<p><a href=\"https:\/\/itunes.apple.com\/fr\/itunes-u\/auto-formation-a-spss\/id518000241?mt=10\">\u00ab\u00a0Auto-formation \u00e0 SPSS\u00a0\u00bb<\/a> r\u00e9alis\u00e9 par l&rsquo;Universit\u00e9 de Lausanne. Ces cours sont de qualit\u00e9 et gratuits mais accessible seulement par iTunes.<\/p>\n","protected":false},"excerpt":{"rendered":"<p>SPSS est un logiciel statistique payant. Il a l&rsquo;avantage d&rsquo;avoir une interface plus facile d&rsquo;acc\u00e8s, ressemblant \u00e0 Excel. Vid\u00e9o \u00ab\u00a0Auto-formation \u00e0 SPSS\u00a0\u00bb r\u00e9alis\u00e9 par l&rsquo;Universit\u00e9 de Lausanne. Ces cours sont de qualit\u00e9 et gratuits mais accessible seulement par iTunes.<\/p>\n","protected":false},"author":1,"featured_media":0,"parent":1940,"menu_order":3,"comment_status":"closed","ping_status":"closed","template":"","meta":[],"yoast_head":"<!-- This site is optimized with the Yoast SEO plugin v21.1 - https:\/\/yoast.com\/wordpress\/plugins\/seo\/ -->\n<title>SPSS - LEPCAM<\/title>\n<meta name=\"robots\" content=\"index, follow, max-snippet:-1, max-image-preview:large, max-video-preview:-1\" \/>\n<link rel=\"canonical\" href=\"https:\/\/lepcam.fr\/index.php\/ressources\/logiciels-statistiques\/spss\/\" \/>\n<meta property=\"og:locale\" content=\"fr_FR\" \/>\n<meta property=\"og:type\" content=\"article\" \/>\n<meta property=\"og:title\" content=\"SPSS - LEPCAM\" \/>\n<meta property=\"og:description\" content=\"SPSS est un logiciel statistique payant. Il a l&rsquo;avantage d&rsquo;avoir une interface plus facile d&rsquo;acc\u00e8s, ressemblant \u00e0 Excel. Vid\u00e9o \u00ab\u00a0Auto-formation \u00e0 SPSS\u00a0\u00bb r\u00e9alis\u00e9 par l&rsquo;Universit\u00e9 de Lausanne. Ces cours sont de qualit\u00e9 et gratuits mais accessible seulement par iTunes.\" \/>\n<meta property=\"og:url\" content=\"https:\/\/lepcam.fr\/index.php\/ressources\/logiciels-statistiques\/spss\/\" \/>\n<meta property=\"og:site_name\" content=\"LEPCAM\" \/>\n<meta property=\"article:publisher\" content=\"https:\/\/www.facebook.com\/lepcam.fr\/\" \/>\n<meta property=\"article:modified_time\" content=\"2024-10-22T21:36:41+00:00\" \/>\n<meta property=\"og:image\" content=\"https:\/\/lepcam.fr\/wp-content\/uploads\/2024\/10\/spss-logo-edited-300x188.png\" \/>\n<meta name=\"twitter:card\" content=\"summary_large_image\" \/>\n<meta name=\"twitter:site\" content=\"@Lepcam_site\" \/>\n<meta name=\"twitter:label1\" content=\"Dur\u00e9e de lecture estim\u00e9e\" \/>\n\t<meta name=\"twitter:data1\" content=\"1 minute\" \/>\n<script type=\"application\/ld+json\" class=\"yoast-schema-graph\">{\"@context\":\"https:\/\/schema.org\",\"@graph\":[{\"@type\":\"WebPage\",\"@id\":\"https:\/\/lepcam.fr\/index.php\/ressources\/logiciels-statistiques\/spss\/\",\"url\":\"https:\/\/lepcam.fr\/index.php\/ressources\/logiciels-statistiques\/spss\/\",\"name\":\"SPSS - LEPCAM\",\"isPartOf\":{\"@id\":\"https:\/\/lepcam.fr\/#website\"},\"datePublished\":\"2018-03-12T13:11:45+00:00\",\"dateModified\":\"2024-10-22T21:36:41+00:00\",\"breadcrumb\":{\"@id\":\"https:\/\/lepcam.fr\/index.php\/ressources\/logiciels-statistiques\/spss\/#breadcrumb\"},\"inLanguage\":\"fr-FR\",\"potentialAction\":[{\"@type\":\"ReadAction\",\"target\":[\"https:\/\/lepcam.fr\/index.php\/ressources\/logiciels-statistiques\/spss\/\"]}]},{\"@type\":\"BreadcrumbList\",\"@id\":\"https:\/\/lepcam.fr\/index.php\/ressources\/logiciels-statistiques\/spss\/#breadcrumb\",\"itemListElement\":[{\"@type\":\"ListItem\",\"position\":1,\"name\":\"Accueil\",\"item\":\"https:\/\/lepcam.fr\/\"},{\"@type\":\"ListItem\",\"position\":2,\"name\":\"Tutoriels\",\"item\":\"https:\/\/lepcam.fr\/index.php\/ressources\/\"},{\"@type\":\"ListItem\",\"position\":3,\"name\":\"Logiciels d&rsquo;analyse\",\"item\":\"https:\/\/lepcam.fr\/index.php\/ressources\/logiciels-statistiques\/\"},{\"@type\":\"ListItem\",\"position\":4,\"name\":\"SPSS\"}]},{\"@type\":\"WebSite\",\"@id\":\"https:\/\/lepcam.fr\/#website\",\"url\":\"https:\/\/lepcam.fr\/\",\"name\":\"LEPCAM\",\"description\":\"Apprenez \u00e0 chercher\",\"publisher\":{\"@id\":\"https:\/\/lepcam.fr\/#organization\"},\"potentialAction\":[{\"@type\":\"SearchAction\",\"target\":{\"@type\":\"EntryPoint\",\"urlTemplate\":\"https:\/\/lepcam.fr\/?s={search_term_string}\"},\"query-input\":\"required name=search_term_string\"}],\"inLanguage\":\"fr-FR\"},{\"@type\":\"Organization\",\"@id\":\"https:\/\/lepcam.fr\/#organization\",\"name\":\"lepcam\",\"url\":\"https:\/\/lepcam.fr\/\",\"logo\":{\"@type\":\"ImageObject\",\"inLanguage\":\"fr-FR\",\"@id\":\"https:\/\/lepcam.fr\/#\/schema\/logo\/image\/\",\"url\":\"https:\/\/i0.wp.com\/lepcam.fr\/wp-content\/uploads\/2016\/02\/Logo-LEPCAM-fond-blanc-01.png?fit=104%2C104&ssl=1\",\"contentUrl\":\"https:\/\/i0.wp.com\/lepcam.fr\/wp-content\/uploads\/2016\/02\/Logo-LEPCAM-fond-blanc-01.png?fit=104%2C104&ssl=1\",\"width\":104,\"height\":104,\"caption\":\"lepcam\"},\"image\":{\"@id\":\"https:\/\/lepcam.fr\/#\/schema\/logo\/image\/\"},\"sameAs\":[\"https:\/\/www.facebook.com\/lepcam.fr\/\",\"https:\/\/twitter.com\/Lepcam_site\"]}]}<\/script>\n<!-- \/ Yoast SEO plugin. -->","yoast_head_json":{"title":"SPSS - LEPCAM","robots":{"index":"index","follow":"follow","max-snippet":"max-snippet:-1","max-image-preview":"max-image-preview:large","max-video-preview":"max-video-preview:-1"},"canonical":"https:\/\/lepcam.fr\/index.php\/ressources\/logiciels-statistiques\/spss\/","og_locale":"fr_FR","og_type":"article","og_title":"SPSS - LEPCAM","og_description":"SPSS est un logiciel statistique payant. Il a l&rsquo;avantage d&rsquo;avoir une interface plus facile d&rsquo;acc\u00e8s, ressemblant \u00e0 Excel. Vid\u00e9o \u00ab\u00a0Auto-formation \u00e0 SPSS\u00a0\u00bb r\u00e9alis\u00e9 par l&rsquo;Universit\u00e9 de Lausanne. Ces cours sont de qualit\u00e9 et gratuits mais accessible seulement par iTunes.","og_url":"https:\/\/lepcam.fr\/index.php\/ressources\/logiciels-statistiques\/spss\/","og_site_name":"LEPCAM","article_publisher":"https:\/\/www.facebook.com\/lepcam.fr\/","article_modified_time":"2024-10-22T21:36:41+00:00","og_image":[{"url":"https:\/\/lepcam.fr\/wp-content\/uploads\/2024\/10\/spss-logo-edited-300x188.png"}],"twitter_card":"summary_large_image","twitter_site":"@Lepcam_site","twitter_misc":{"Dur\u00e9e de lecture estim\u00e9e":"1 minute"},"schema":{"@context":"https:\/\/schema.org","@graph":[{"@type":"WebPage","@id":"https:\/\/lepcam.fr\/index.php\/ressources\/logiciels-statistiques\/spss\/","url":"https:\/\/lepcam.fr\/index.php\/ressources\/logiciels-statistiques\/spss\/","name":"SPSS - LEPCAM","isPartOf":{"@id":"https:\/\/lepcam.fr\/#website"},"datePublished":"2018-03-12T13:11:45+00:00","dateModified":"2024-10-22T21:36:41+00:00","breadcrumb":{"@id":"https:\/\/lepcam.fr\/index.php\/ressources\/logiciels-statistiques\/spss\/#breadcrumb"},"inLanguage":"fr-FR","potentialAction":[{"@type":"ReadAction","target":["https:\/\/lepcam.fr\/index.php\/ressources\/logiciels-statistiques\/spss\/"]}]},{"@type":"BreadcrumbList","@id":"https:\/\/lepcam.fr\/index.php\/ressources\/logiciels-statistiques\/spss\/#breadcrumb","itemListElement":[{"@type":"ListItem","position":1,"name":"Accueil","item":"https:\/\/lepcam.fr\/"},{"@type":"ListItem","position":2,"name":"Tutoriels","item":"https:\/\/lepcam.fr\/index.php\/ressources\/"},{"@type":"ListItem","position":3,"name":"Logiciels d&rsquo;analyse","item":"https:\/\/lepcam.fr\/index.php\/ressources\/logiciels-statistiques\/"},{"@type":"ListItem","position":4,"name":"SPSS"}]},{"@type":"WebSite","@id":"https:\/\/lepcam.fr\/#website","url":"https:\/\/lepcam.fr\/","name":"LEPCAM","description":"Apprenez \u00e0 chercher","publisher":{"@id":"https:\/\/lepcam.fr\/#organization"},"potentialAction":[{"@type":"SearchAction","target":{"@type":"EntryPoint","urlTemplate":"https:\/\/lepcam.fr\/?s={search_term_string}"},"query-input":"required name=search_term_string"}],"inLanguage":"fr-FR"},{"@type":"Organization","@id":"https:\/\/lepcam.fr\/#organization","name":"lepcam","url":"https:\/\/lepcam.fr\/","logo":{"@type":"ImageObject","inLanguage":"fr-FR","@id":"https:\/\/lepcam.fr\/#\/schema\/logo\/image\/","url":"https:\/\/i0.wp.com\/lepcam.fr\/wp-content\/uploads\/2016\/02\/Logo-LEPCAM-fond-blanc-01.png?fit=104%2C104&ssl=1","contentUrl":"https:\/\/i0.wp.com\/lepcam.fr\/wp-content\/uploads\/2016\/02\/Logo-LEPCAM-fond-blanc-01.png?fit=104%2C104&ssl=1","width":104,"height":104,"caption":"lepcam"},"image":{"@id":"https:\/\/lepcam.fr\/#\/schema\/logo\/image\/"},"sameAs":["https:\/\/www.facebook.com\/lepcam.fr\/","https:\/\/twitter.com\/Lepcam_site"]}]}},"jetpack_shortlink":"https:\/\/wp.me\/P7iIqB-wa","_links":{"self":[{"href":"https:\/\/lepcam.fr\/index.php\/wp-json\/wp\/v2\/pages\/1994"}],"collection":[{"href":"https:\/\/lepcam.fr\/index.php\/wp-json\/wp\/v2\/pages"}],"about":[{"href":"https:\/\/lepcam.fr\/index.php\/wp-json\/wp\/v2\/types\/page"}],"author":[{"embeddable":true,"href":"https:\/\/lepcam.fr\/index.php\/wp-json\/wp\/v2\/users\/1"}],"replies":[{"embeddable":true,"href":"https:\/\/lepcam.fr\/index.php\/wp-json\/wp\/v2\/comments?post=1994"}],"version-history":[{"count":6,"href":"https:\/\/lepcam.fr\/index.php\/wp-json\/wp\/v2\/pages\/1994\/revisions"}],"predecessor-version":[{"id":39841,"href":"https:\/\/lepcam.fr\/index.php\/wp-json\/wp\/v2\/pages\/1994\/revisions\/39841"}],"up":[{"embeddable":true,"href":"https:\/\/lepcam.fr\/index.php\/wp-json\/wp\/v2\/pages\/1940"}],"wp:attachment":[{"href":"https:\/\/lepcam.fr\/index.php\/wp-json\/wp\/v2\/media?parent=1994"}],"curies":[{"name":"wp","href":"https:\/\/api.w.org\/{rel}","templated":true}]}}