{"id":1993,"date":"2018-03-12T14:11:56","date_gmt":"2018-03-12T13:11:56","guid":{"rendered":"http:\/\/lepcam.fr\/?page_id=1993"},"modified":"2018-08-28T08:49:19","modified_gmt":"2018-08-28T07:49:19","slug":"nvivo","status":"publish","type":"page","link":"https:\/\/lepcam.fr\/index.php\/ressources\/logiciels-statistiques\/nvivo\/","title":{"rendered":"Nvivo"},"content":{"rendered":"<p>Nvivo est un logiciel d&rsquo;analyse de donn\u00e9es qualitatives.<\/p>\n<p>&nbsp;<\/p>\n<h3>Guide\/vid\u00e9o<\/h3>\n<ul>\n<li><a href=\"http:\/\/recherche.uqac.ca\/capsules-dautoformation-au-logiciel-nvivo\/\">Capsules d&rsquo;autoformation de l&rsquo;Universit\u00e9 du Qu\u00e9bec \u00e0\u00a0Chicoutimi<\/a><\/li>\n<\/ul>\n","protected":false},"excerpt":{"rendered":"<p>Nvivo est un logiciel d&rsquo;analyse de donn\u00e9es qualitatives. &nbsp; Guide\/vid\u00e9o Capsules d&rsquo;autoformation de l&rsquo;Universit\u00e9 du Qu\u00e9bec \u00e0\u00a0Chicoutimi<\/p>\n","protected":false},"author":1,"featured_media":0,"parent":1940,"menu_order":4,"comment_status":"closed","ping_status":"closed","template":"","meta":{"footnotes":""},"class_list":["post-1993","page","type-page","status-publish","hentry"],"yoast_head":"<!-- This site is optimized with the Yoast SEO plugin v27.5 - https:\/\/yoast.com\/product\/yoast-seo-wordpress\/ -->\n<title>Nvivo - LEPCAM<\/title>\n<meta name=\"robots\" content=\"index, follow, max-snippet:-1, max-image-preview:large, max-video-preview:-1\" \/>\n<link rel=\"canonical\" href=\"https:\/\/lepcam.fr\/index.php\/ressources\/logiciels-statistiques\/nvivo\/\" \/>\n<meta property=\"og:locale\" content=\"fr_FR\" \/>\n<meta property=\"og:type\" content=\"article\" \/>\n<meta property=\"og:title\" content=\"Nvivo - LEPCAM\" \/>\n<meta property=\"og:description\" content=\"Nvivo est un logiciel d&rsquo;analyse de donn\u00e9es qualitatives. &nbsp; Guide\/vid\u00e9o Capsules d&rsquo;autoformation de l&rsquo;Universit\u00e9 du Qu\u00e9bec \u00e0\u00a0Chicoutimi\" \/>\n<meta property=\"og:url\" content=\"https:\/\/lepcam.fr\/index.php\/ressources\/logiciels-statistiques\/nvivo\/\" \/>\n<meta property=\"og:site_name\" content=\"LEPCAM\" \/>\n<meta property=\"article:publisher\" content=\"https:\/\/www.facebook.com\/lepcam.fr\/\" \/>\n<meta property=\"article:modified_time\" content=\"2018-08-28T07:49:19+00:00\" \/>\n<meta property=\"og:image\" content=\"https:\/\/i0.wp.com\/lepcam.fr\/wp-content\/uploads\/2016\/02\/Logo-LEPCAM-fond-blanc-01.png?fit=104%2C104&ssl=1\" \/>\n\t<meta property=\"og:image:width\" content=\"104\" \/>\n\t<meta property=\"og:image:height\" content=\"104\" \/>\n\t<meta property=\"og:image:type\" content=\"image\/png\" \/>\n<meta name=\"twitter:card\" content=\"summary_large_image\" \/>\n<meta name=\"twitter:site\" content=\"@Lepcam_site\" \/>\n<script type=\"application\/ld+json\" class=\"yoast-schema-graph\">{\"@context\":\"https:\\\/\\\/schema.org\",\"@graph\":[{\"@type\":\"WebPage\",\"@id\":\"https:\\\/\\\/lepcam.fr\\\/index.php\\\/ressources\\\/logiciels-statistiques\\\/nvivo\\\/\",\"url\":\"https:\\\/\\\/lepcam.fr\\\/index.php\\\/ressources\\\/logiciels-statistiques\\\/nvivo\\\/\",\"name\":\"Nvivo - LEPCAM\",\"isPartOf\":{\"@id\":\"https:\\\/\\\/lepcam.fr\\\/#website\"},\"datePublished\":\"2018-03-12T13:11:56+00:00\",\"dateModified\":\"2018-08-28T07:49:19+00:00\",\"breadcrumb\":{\"@id\":\"https:\\\/\\\/lepcam.fr\\\/index.php\\\/ressources\\\/logiciels-statistiques\\\/nvivo\\\/#breadcrumb\"},\"inLanguage\":\"fr-FR\",\"potentialAction\":[{\"@type\":\"ReadAction\",\"target\":[\"https:\\\/\\\/lepcam.fr\\\/index.php\\\/ressources\\\/logiciels-statistiques\\\/nvivo\\\/\"]}]},{\"@type\":\"BreadcrumbList\",\"@id\":\"https:\\\/\\\/lepcam.fr\\\/index.php\\\/ressources\\\/logiciels-statistiques\\\/nvivo\\\/#breadcrumb\",\"itemListElement\":[{\"@type\":\"ListItem\",\"position\":1,\"name\":\"Accueil\",\"item\":\"https:\\\/\\\/lepcam.fr\\\/\"},{\"@type\":\"ListItem\",\"position\":2,\"name\":\"Tutoriels\",\"item\":\"https:\\\/\\\/lepcam.fr\\\/index.php\\\/ressources\\\/\"},{\"@type\":\"ListItem\",\"position\":3,\"name\":\"Logiciels d&rsquo;analyse\",\"item\":\"https:\\\/\\\/lepcam.fr\\\/index.php\\\/ressources\\\/logiciels-statistiques\\\/\"},{\"@type\":\"ListItem\",\"position\":4,\"name\":\"Nvivo\"}]},{\"@type\":\"WebSite\",\"@id\":\"https:\\\/\\\/lepcam.fr\\\/#website\",\"url\":\"https:\\\/\\\/lepcam.fr\\\/\",\"name\":\"LEPCAM\",\"description\":\"Apprenez \u00e0 chercher\",\"publisher\":{\"@id\":\"https:\\\/\\\/lepcam.fr\\\/#organization\"},\"potentialAction\":[{\"@type\":\"SearchAction\",\"target\":{\"@type\":\"EntryPoint\",\"urlTemplate\":\"https:\\\/\\\/lepcam.fr\\\/?s={search_term_string}\"},\"query-input\":{\"@type\":\"PropertyValueSpecification\",\"valueRequired\":true,\"valueName\":\"search_term_string\"}}],\"inLanguage\":\"fr-FR\"},{\"@type\":\"Organization\",\"@id\":\"https:\\\/\\\/lepcam.fr\\\/#organization\",\"name\":\"lepcam\",\"url\":\"https:\\\/\\\/lepcam.fr\\\/\",\"logo\":{\"@type\":\"ImageObject\",\"inLanguage\":\"fr-FR\",\"@id\":\"https:\\\/\\\/lepcam.fr\\\/#\\\/schema\\\/logo\\\/image\\\/\",\"url\":\"https:\\\/\\\/i0.wp.com\\\/lepcam.fr\\\/wp-content\\\/uploads\\\/2016\\\/02\\\/Logo-LEPCAM-fond-blanc-01.png?fit=104%2C104&ssl=1\",\"contentUrl\":\"https:\\\/\\\/i0.wp.com\\\/lepcam.fr\\\/wp-content\\\/uploads\\\/2016\\\/02\\\/Logo-LEPCAM-fond-blanc-01.png?fit=104%2C104&ssl=1\",\"width\":104,\"height\":104,\"caption\":\"lepcam\"},\"image\":{\"@id\":\"https:\\\/\\\/lepcam.fr\\\/#\\\/schema\\\/logo\\\/image\\\/\"},\"sameAs\":[\"https:\\\/\\\/www.facebook.com\\\/lepcam.fr\\\/\",\"https:\\\/\\\/x.com\\\/Lepcam_site\"]}]}<\/script>\n<!-- \/ Yoast SEO plugin. -->","yoast_head_json":{"title":"Nvivo - LEPCAM","robots":{"index":"index","follow":"follow","max-snippet":"max-snippet:-1","max-image-preview":"max-image-preview:large","max-video-preview":"max-video-preview:-1"},"canonical":"https:\/\/lepcam.fr\/index.php\/ressources\/logiciels-statistiques\/nvivo\/","og_locale":"fr_FR","og_type":"article","og_title":"Nvivo - LEPCAM","og_description":"Nvivo est un logiciel d&rsquo;analyse de donn\u00e9es qualitatives. &nbsp; Guide\/vid\u00e9o Capsules d&rsquo;autoformation de l&rsquo;Universit\u00e9 du Qu\u00e9bec \u00e0\u00a0Chicoutimi","og_url":"https:\/\/lepcam.fr\/index.php\/ressources\/logiciels-statistiques\/nvivo\/","og_site_name":"LEPCAM","article_publisher":"https:\/\/www.facebook.com\/lepcam.fr\/","article_modified_time":"2018-08-28T07:49:19+00:00","og_image":[{"width":104,"height":104,"url":"https:\/\/i0.wp.com\/lepcam.fr\/wp-content\/uploads\/2016\/02\/Logo-LEPCAM-fond-blanc-01.png?fit=104%2C104&ssl=1","type":"image\/png"}],"twitter_card":"summary_large_image","twitter_site":"@Lepcam_site","schema":{"@context":"https:\/\/schema.org","@graph":[{"@type":"WebPage","@id":"https:\/\/lepcam.fr\/index.php\/ressources\/logiciels-statistiques\/nvivo\/","url":"https:\/\/lepcam.fr\/index.php\/ressources\/logiciels-statistiques\/nvivo\/","name":"Nvivo - LEPCAM","isPartOf":{"@id":"https:\/\/lepcam.fr\/#website"},"datePublished":"2018-03-12T13:11:56+00:00","dateModified":"2018-08-28T07:49:19+00:00","breadcrumb":{"@id":"https:\/\/lepcam.fr\/index.php\/ressources\/logiciels-statistiques\/nvivo\/#breadcrumb"},"inLanguage":"fr-FR","potentialAction":[{"@type":"ReadAction","target":["https:\/\/lepcam.fr\/index.php\/ressources\/logiciels-statistiques\/nvivo\/"]}]},{"@type":"BreadcrumbList","@id":"https:\/\/lepcam.fr\/index.php\/ressources\/logiciels-statistiques\/nvivo\/#breadcrumb","itemListElement":[{"@type":"ListItem","position":1,"name":"Accueil","item":"https:\/\/lepcam.fr\/"},{"@type":"ListItem","position":2,"name":"Tutoriels","item":"https:\/\/lepcam.fr\/index.php\/ressources\/"},{"@type":"ListItem","position":3,"name":"Logiciels d&rsquo;analyse","item":"https:\/\/lepcam.fr\/index.php\/ressources\/logiciels-statistiques\/"},{"@type":"ListItem","position":4,"name":"Nvivo"}]},{"@type":"WebSite","@id":"https:\/\/lepcam.fr\/#website","url":"https:\/\/lepcam.fr\/","name":"LEPCAM","description":"Apprenez \u00e0 chercher","publisher":{"@id":"https:\/\/lepcam.fr\/#organization"},"potentialAction":[{"@type":"SearchAction","target":{"@type":"EntryPoint","urlTemplate":"https:\/\/lepcam.fr\/?s={search_term_string}"},"query-input":{"@type":"PropertyValueSpecification","valueRequired":true,"valueName":"search_term_string"}}],"inLanguage":"fr-FR"},{"@type":"Organization","@id":"https:\/\/lepcam.fr\/#organization","name":"lepcam","url":"https:\/\/lepcam.fr\/","logo":{"@type":"ImageObject","inLanguage":"fr-FR","@id":"https:\/\/lepcam.fr\/#\/schema\/logo\/image\/","url":"https:\/\/i0.wp.com\/lepcam.fr\/wp-content\/uploads\/2016\/02\/Logo-LEPCAM-fond-blanc-01.png?fit=104%2C104&ssl=1","contentUrl":"https:\/\/i0.wp.com\/lepcam.fr\/wp-content\/uploads\/2016\/02\/Logo-LEPCAM-fond-blanc-01.png?fit=104%2C104&ssl=1","width":104,"height":104,"caption":"lepcam"},"image":{"@id":"https:\/\/lepcam.fr\/#\/schema\/logo\/image\/"},"sameAs":["https:\/\/www.facebook.com\/lepcam.fr\/","https:\/\/x.com\/Lepcam_site"]}]}},"jetpack_shortlink":"https:\/\/wp.me\/P7iIqB-w9","jetpack_sharing_enabled":true,"_links":{"self":[{"href":"https:\/\/lepcam.fr\/index.php\/wp-json\/wp\/v2\/pages\/1993","targetHints":{"allow":["GET"]}}],"collection":[{"href":"https:\/\/lepcam.fr\/index.php\/wp-json\/wp\/v2\/pages"}],"about":[{"href":"https:\/\/lepcam.fr\/index.php\/wp-json\/wp\/v2\/types\/page"}],"author":[{"embeddable":true,"href":"https:\/\/lepcam.fr\/index.php\/wp-json\/wp\/v2\/users\/1"}],"replies":[{"embeddable":true,"href":"https:\/\/lepcam.fr\/index.php\/wp-json\/wp\/v2\/comments?post=1993"}],"version-history":[{"count":5,"href":"https:\/\/lepcam.fr\/index.php\/wp-json\/wp\/v2\/pages\/1993\/revisions"}],"predecessor-version":[{"id":2223,"href":"https:\/\/lepcam.fr\/index.php\/wp-json\/wp\/v2\/pages\/1993\/revisions\/2223"}],"up":[{"embeddable":true,"href":"https:\/\/lepcam.fr\/index.php\/wp-json\/wp\/v2\/pages\/1940"}],"wp:attachment":[{"href":"https:\/\/lepcam.fr\/index.php\/wp-json\/wp\/v2\/media?parent=1993"}],"curies":[{"name":"wp","href":"https:\/\/api.w.org\/{rel}","templated":true}]}}