{"id":1989,"date":"2018-03-12T14:09:53","date_gmt":"2018-03-12T13:09:53","guid":{"rendered":"http:\/\/lepcam.fr\/?page_id=1989"},"modified":"2024-10-22T22:27:33","modified_gmt":"2024-10-22T21:27:33","slug":"biostattgv","status":"publish","type":"page","link":"https:\/\/lepcam.fr\/index.php\/ressources\/logiciels-statistiques\/biostattgv\/","title":{"rendered":"BiostatTGV"},"content":{"rendered":"\n<p><a href=\"https:\/\/biostatgv.sentiweb.fr\/\">BiostatTGV<\/a> est un site gratuit de biostatistique. D\u00e9velopp\u00e9 par une \u00e9quipe de chercheur, il permet de r\u00e9aliser simplement des tests statistiques en ligne via le logiciel R ainsi que calculer le nombre de sujets n\u00e9cessaires.<\/p>\n\n\n\n<p>Ce site est tr\u00e8s intuitif, il suffit de remplir les cases.\u00a0<\/p>\n\n\n<div class=\"wp-block-image\">\n<figure class=\"aligncenter size-full is-resized\"><img data-attachment-id=\"1508\" data-permalink=\"https:\/\/lepcam.fr\/capture-decran-2016-06-15-a-19-30-45\/\" data-orig-file=\"https:\/\/i0.wp.com\/lepcam.fr\/wp-content\/uploads\/2016\/06\/Capture-d\u2019e\u0301cran-2016-06-15-a\u0300-19.30.45.png?fit=410%2C84&amp;ssl=1\" data-orig-size=\"410,84\" data-comments-opened=\"1\" data-image-meta=\"{&quot;aperture&quot;:&quot;0&quot;,&quot;credit&quot;:&quot;&quot;,&quot;camera&quot;:&quot;&quot;,&quot;caption&quot;:&quot;&quot;,&quot;created_timestamp&quot;:&quot;0&quot;,&quot;copyright&quot;:&quot;&quot;,&quot;focal_length&quot;:&quot;0&quot;,&quot;iso&quot;:&quot;0&quot;,&quot;shutter_speed&quot;:&quot;0&quot;,&quot;title&quot;:&quot;&quot;,&quot;orientation&quot;:&quot;0&quot;}\" data-image-title=\"BiostaTGV\" data-image-description=\"\" data-image-caption=\"\" data-medium-file=\"https:\/\/i0.wp.com\/lepcam.fr\/wp-content\/uploads\/2016\/06\/Capture-d\u2019e\u0301cran-2016-06-15-a\u0300-19.30.45.png?fit=300%2C61&amp;ssl=1\" data-large-file=\"https:\/\/i0.wp.com\/lepcam.fr\/wp-content\/uploads\/2016\/06\/Capture-d\u2019e\u0301cran-2016-06-15-a\u0300-19.30.45.png?fit=410%2C84&amp;ssl=1\" decoding=\"async\" loading=\"lazy\" src=\"https:\/\/i0.wp.com\/lepcam.fr\/wp-content\/uploads\/2016\/06\/Capture-d\u2019e\u0301cran-2016-06-15-a\u0300-19.30.45.png?w=629\" alt=\"\" class=\"wp-image-1508\" width=\"-177\" height=\"-35\" srcset=\"https:\/\/i0.wp.com\/lepcam.fr\/wp-content\/uploads\/2016\/06\/Capture-d\u2019e\u0301cran-2016-06-15-a\u0300-19.30.45.png?w=410&amp;ssl=1 410w, https:\/\/i0.wp.com\/lepcam.fr\/wp-content\/uploads\/2016\/06\/Capture-d\u2019e\u0301cran-2016-06-15-a\u0300-19.30.45.png?resize=300%2C61&amp;ssl=1 300w\" sizes=\"(max-width: 410px) 100vw, 410px\" data-recalc-dims=\"1\" \/><\/figure><\/div>","protected":false},"excerpt":{"rendered":"<p>BiostatTGV est un site gratuit de biostatistique. D\u00e9velopp\u00e9 par une \u00e9quipe de chercheur, il permet de r\u00e9aliser simplement des tests statistiques en ligne via le logiciel R ainsi que calculer le nombre de sujets n\u00e9cessaires. Ce site est tr\u00e8s intuitif, il suffit de remplir les cases.\u00a0<\/p>\n","protected":false},"author":1,"featured_media":0,"parent":1940,"menu_order":0,"comment_status":"closed","ping_status":"closed","template":"","meta":[],"yoast_head":"<!-- This site is optimized with the Yoast SEO plugin v21.1 - https:\/\/yoast.com\/wordpress\/plugins\/seo\/ -->\n<title>BiostatTGV - LEPCAM<\/title>\n<meta name=\"robots\" content=\"index, follow, max-snippet:-1, max-image-preview:large, max-video-preview:-1\" \/>\n<link rel=\"canonical\" href=\"https:\/\/lepcam.fr\/index.php\/ressources\/logiciels-statistiques\/biostattgv\/\" \/>\n<meta property=\"og:locale\" content=\"fr_FR\" \/>\n<meta property=\"og:type\" content=\"article\" \/>\n<meta property=\"og:title\" content=\"BiostatTGV - LEPCAM\" \/>\n<meta property=\"og:description\" content=\"BiostatTGV est un site gratuit de biostatistique. D\u00e9velopp\u00e9 par une \u00e9quipe de chercheur, il permet de r\u00e9aliser simplement des tests statistiques en ligne via le logiciel R ainsi que calculer le nombre de sujets n\u00e9cessaires. Ce site est tr\u00e8s intuitif, il suffit de remplir les cases.\u00a0\" \/>\n<meta property=\"og:url\" content=\"https:\/\/lepcam.fr\/index.php\/ressources\/logiciels-statistiques\/biostattgv\/\" \/>\n<meta property=\"og:site_name\" content=\"LEPCAM\" \/>\n<meta property=\"article:publisher\" content=\"https:\/\/www.facebook.com\/lepcam.fr\/\" \/>\n<meta property=\"article:modified_time\" content=\"2024-10-22T21:27:33+00:00\" \/>\n<meta property=\"og:image\" content=\"https:\/\/i0.wp.com\/lepcam.fr\/wp-content\/uploads\/2016\/02\/Logo-LEPCAM-fond-blanc-01.png?fit=104%2C104&ssl=1\" \/>\n\t<meta property=\"og:image:width\" content=\"104\" \/>\n\t<meta property=\"og:image:height\" content=\"104\" \/>\n\t<meta property=\"og:image:type\" content=\"image\/png\" \/>\n<meta name=\"twitter:card\" content=\"summary_large_image\" \/>\n<meta name=\"twitter:site\" content=\"@Lepcam_site\" \/>\n<meta name=\"twitter:label1\" content=\"Dur\u00e9e de lecture estim\u00e9e\" \/>\n\t<meta name=\"twitter:data1\" content=\"1 minute\" \/>\n<script type=\"application\/ld+json\" class=\"yoast-schema-graph\">{\"@context\":\"https:\/\/schema.org\",\"@graph\":[{\"@type\":\"WebPage\",\"@id\":\"https:\/\/lepcam.fr\/index.php\/ressources\/logiciels-statistiques\/biostattgv\/\",\"url\":\"https:\/\/lepcam.fr\/index.php\/ressources\/logiciels-statistiques\/biostattgv\/\",\"name\":\"BiostatTGV - LEPCAM\",\"isPartOf\":{\"@id\":\"https:\/\/lepcam.fr\/#website\"},\"datePublished\":\"2018-03-12T13:09:53+00:00\",\"dateModified\":\"2024-10-22T21:27:33+00:00\",\"breadcrumb\":{\"@id\":\"https:\/\/lepcam.fr\/index.php\/ressources\/logiciels-statistiques\/biostattgv\/#breadcrumb\"},\"inLanguage\":\"fr-FR\",\"potentialAction\":[{\"@type\":\"ReadAction\",\"target\":[\"https:\/\/lepcam.fr\/index.php\/ressources\/logiciels-statistiques\/biostattgv\/\"]}]},{\"@type\":\"BreadcrumbList\",\"@id\":\"https:\/\/lepcam.fr\/index.php\/ressources\/logiciels-statistiques\/biostattgv\/#breadcrumb\",\"itemListElement\":[{\"@type\":\"ListItem\",\"position\":1,\"name\":\"Accueil\",\"item\":\"https:\/\/lepcam.fr\/\"},{\"@type\":\"ListItem\",\"position\":2,\"name\":\"Tutoriels\",\"item\":\"https:\/\/lepcam.fr\/index.php\/ressources\/\"},{\"@type\":\"ListItem\",\"position\":3,\"name\":\"Logiciels d&rsquo;analyse\",\"item\":\"https:\/\/lepcam.fr\/index.php\/ressources\/logiciels-statistiques\/\"},{\"@type\":\"ListItem\",\"position\":4,\"name\":\"BiostatTGV\"}]},{\"@type\":\"WebSite\",\"@id\":\"https:\/\/lepcam.fr\/#website\",\"url\":\"https:\/\/lepcam.fr\/\",\"name\":\"LEPCAM\",\"description\":\"Apprenez \u00e0 chercher\",\"publisher\":{\"@id\":\"https:\/\/lepcam.fr\/#organization\"},\"potentialAction\":[{\"@type\":\"SearchAction\",\"target\":{\"@type\":\"EntryPoint\",\"urlTemplate\":\"https:\/\/lepcam.fr\/?s={search_term_string}\"},\"query-input\":\"required name=search_term_string\"}],\"inLanguage\":\"fr-FR\"},{\"@type\":\"Organization\",\"@id\":\"https:\/\/lepcam.fr\/#organization\",\"name\":\"lepcam\",\"url\":\"https:\/\/lepcam.fr\/\",\"logo\":{\"@type\":\"ImageObject\",\"inLanguage\":\"fr-FR\",\"@id\":\"https:\/\/lepcam.fr\/#\/schema\/logo\/image\/\",\"url\":\"https:\/\/i0.wp.com\/lepcam.fr\/wp-content\/uploads\/2016\/02\/Logo-LEPCAM-fond-blanc-01.png?fit=104%2C104&ssl=1\",\"contentUrl\":\"https:\/\/i0.wp.com\/lepcam.fr\/wp-content\/uploads\/2016\/02\/Logo-LEPCAM-fond-blanc-01.png?fit=104%2C104&ssl=1\",\"width\":104,\"height\":104,\"caption\":\"lepcam\"},\"image\":{\"@id\":\"https:\/\/lepcam.fr\/#\/schema\/logo\/image\/\"},\"sameAs\":[\"https:\/\/www.facebook.com\/lepcam.fr\/\",\"https:\/\/twitter.com\/Lepcam_site\"]}]}<\/script>\n<!-- \/ Yoast SEO plugin. -->","yoast_head_json":{"title":"BiostatTGV - LEPCAM","robots":{"index":"index","follow":"follow","max-snippet":"max-snippet:-1","max-image-preview":"max-image-preview:large","max-video-preview":"max-video-preview:-1"},"canonical":"https:\/\/lepcam.fr\/index.php\/ressources\/logiciels-statistiques\/biostattgv\/","og_locale":"fr_FR","og_type":"article","og_title":"BiostatTGV - LEPCAM","og_description":"BiostatTGV est un site gratuit de biostatistique. D\u00e9velopp\u00e9 par une \u00e9quipe de chercheur, il permet de r\u00e9aliser simplement des tests statistiques en ligne via le logiciel R ainsi que calculer le nombre de sujets n\u00e9cessaires. Ce site est tr\u00e8s intuitif, il suffit de remplir les cases.\u00a0","og_url":"https:\/\/lepcam.fr\/index.php\/ressources\/logiciels-statistiques\/biostattgv\/","og_site_name":"LEPCAM","article_publisher":"https:\/\/www.facebook.com\/lepcam.fr\/","article_modified_time":"2024-10-22T21:27:33+00:00","og_image":[{"width":104,"height":104,"url":"https:\/\/i0.wp.com\/lepcam.fr\/wp-content\/uploads\/2016\/02\/Logo-LEPCAM-fond-blanc-01.png?fit=104%2C104&ssl=1","type":"image\/png"}],"twitter_card":"summary_large_image","twitter_site":"@Lepcam_site","twitter_misc":{"Dur\u00e9e de lecture estim\u00e9e":"1 minute"},"schema":{"@context":"https:\/\/schema.org","@graph":[{"@type":"WebPage","@id":"https:\/\/lepcam.fr\/index.php\/ressources\/logiciels-statistiques\/biostattgv\/","url":"https:\/\/lepcam.fr\/index.php\/ressources\/logiciels-statistiques\/biostattgv\/","name":"BiostatTGV - LEPCAM","isPartOf":{"@id":"https:\/\/lepcam.fr\/#website"},"datePublished":"2018-03-12T13:09:53+00:00","dateModified":"2024-10-22T21:27:33+00:00","breadcrumb":{"@id":"https:\/\/lepcam.fr\/index.php\/ressources\/logiciels-statistiques\/biostattgv\/#breadcrumb"},"inLanguage":"fr-FR","potentialAction":[{"@type":"ReadAction","target":["https:\/\/lepcam.fr\/index.php\/ressources\/logiciels-statistiques\/biostattgv\/"]}]},{"@type":"BreadcrumbList","@id":"https:\/\/lepcam.fr\/index.php\/ressources\/logiciels-statistiques\/biostattgv\/#breadcrumb","itemListElement":[{"@type":"ListItem","position":1,"name":"Accueil","item":"https:\/\/lepcam.fr\/"},{"@type":"ListItem","position":2,"name":"Tutoriels","item":"https:\/\/lepcam.fr\/index.php\/ressources\/"},{"@type":"ListItem","position":3,"name":"Logiciels d&rsquo;analyse","item":"https:\/\/lepcam.fr\/index.php\/ressources\/logiciels-statistiques\/"},{"@type":"ListItem","position":4,"name":"BiostatTGV"}]},{"@type":"WebSite","@id":"https:\/\/lepcam.fr\/#website","url":"https:\/\/lepcam.fr\/","name":"LEPCAM","description":"Apprenez \u00e0 chercher","publisher":{"@id":"https:\/\/lepcam.fr\/#organization"},"potentialAction":[{"@type":"SearchAction","target":{"@type":"EntryPoint","urlTemplate":"https:\/\/lepcam.fr\/?s={search_term_string}"},"query-input":"required name=search_term_string"}],"inLanguage":"fr-FR"},{"@type":"Organization","@id":"https:\/\/lepcam.fr\/#organization","name":"lepcam","url":"https:\/\/lepcam.fr\/","logo":{"@type":"ImageObject","inLanguage":"fr-FR","@id":"https:\/\/lepcam.fr\/#\/schema\/logo\/image\/","url":"https:\/\/i0.wp.com\/lepcam.fr\/wp-content\/uploads\/2016\/02\/Logo-LEPCAM-fond-blanc-01.png?fit=104%2C104&ssl=1","contentUrl":"https:\/\/i0.wp.com\/lepcam.fr\/wp-content\/uploads\/2016\/02\/Logo-LEPCAM-fond-blanc-01.png?fit=104%2C104&ssl=1","width":104,"height":104,"caption":"lepcam"},"image":{"@id":"https:\/\/lepcam.fr\/#\/schema\/logo\/image\/"},"sameAs":["https:\/\/www.facebook.com\/lepcam.fr\/","https:\/\/twitter.com\/Lepcam_site"]}]}},"jetpack_shortlink":"https:\/\/wp.me\/P7iIqB-w5","_links":{"self":[{"href":"https:\/\/lepcam.fr\/index.php\/wp-json\/wp\/v2\/pages\/1989"}],"collection":[{"href":"https:\/\/lepcam.fr\/index.php\/wp-json\/wp\/v2\/pages"}],"about":[{"href":"https:\/\/lepcam.fr\/index.php\/wp-json\/wp\/v2\/types\/page"}],"author":[{"embeddable":true,"href":"https:\/\/lepcam.fr\/index.php\/wp-json\/wp\/v2\/users\/1"}],"replies":[{"embeddable":true,"href":"https:\/\/lepcam.fr\/index.php\/wp-json\/wp\/v2\/comments?post=1989"}],"version-history":[{"count":6,"href":"https:\/\/lepcam.fr\/index.php\/wp-json\/wp\/v2\/pages\/1989\/revisions"}],"predecessor-version":[{"id":39828,"href":"https:\/\/lepcam.fr\/index.php\/wp-json\/wp\/v2\/pages\/1989\/revisions\/39828"}],"up":[{"embeddable":true,"href":"https:\/\/lepcam.fr\/index.php\/wp-json\/wp\/v2\/pages\/1940"}],"wp:attachment":[{"href":"https:\/\/lepcam.fr\/index.php\/wp-json\/wp\/v2\/media?parent=1989"}],"curies":[{"name":"wp","href":"https:\/\/api.w.org\/{rel}","templated":true}]}}