{"id":1837,"date":"2017-01-03T10:20:41","date_gmt":"2017-01-03T09:20:41","guid":{"rendered":"http:\/\/lepcam.fr\/?page_id=1837"},"modified":"2026-05-02T13:47:18","modified_gmt":"2026-05-02T12:47:18","slug":"accueil","status":"publish","type":"page","link":"https:\/\/lepcam.fr\/","title":{"rendered":"Accueil"},"content":{"rendered":"<p><img loading=\"lazy\" decoding=\"async\" data-attachment-id=\"50\" data-permalink=\"https:\/\/lepcam.fr\/index.php\/introduction\/logo-lepcam\/\" data-orig-file=\"https:\/\/i0.wp.com\/lepcam.fr\/wp-content\/uploads\/2016\/02\/Logo-LEPCAM-e1455699470661.png?fit=100%2C100&amp;ssl=1\" data-orig-size=\"100,100\" data-comments-opened=\"1\" data-image-meta=\"{&quot;aperture&quot;:&quot;0&quot;,&quot;credit&quot;:&quot;&quot;,&quot;camera&quot;:&quot;&quot;,&quot;caption&quot;:&quot;&quot;,&quot;created_timestamp&quot;:&quot;0&quot;,&quot;copyright&quot;:&quot;&quot;,&quot;focal_length&quot;:&quot;0&quot;,&quot;iso&quot;:&quot;0&quot;,&quot;shutter_speed&quot;:&quot;0&quot;,&quot;title&quot;:&quot;&quot;,&quot;orientation&quot;:&quot;0&quot;}\" data-image-title=\"Logo LEPCAM\" data-image-description=\"\" data-image-caption=\"\" data-large-file=\"https:\/\/i0.wp.com\/lepcam.fr\/wp-content\/uploads\/2016\/02\/Logo-LEPCAM-e1455699470661.png?fit=100%2C100&amp;ssl=1\" class=\"wp-image-50 size-thumbnail alignright\" src=\"https:\/\/i0.wp.com\/lepcam.fr\/wp-content\/uploads\/2016\/02\/Logo-LEPCAM.png?zoom=2&amp;resize=140%2C140\" srcset=\"https:\/\/i0.wp.com\/lepcam.fr\/wp-content\/uploads\/2016\/02\/Logo-LEPCAM.png?zoom=2&amp;resize=140%2C140\" alt=\"logo LEPCAM\" width=\"130\" height=\"130\" \/>LEPCAM est un <strong>site d\u2019e-learning consacr\u00e9 \u00e0 la recherche m\u00e9dicale<\/strong>. Il aide les \u00e9tudiants et les professionnels de sant\u00e9 \u00e0 acqu\u00e9rir les bases n\u00e9cessaires pour comprendre, lire et mener des travaux de recherche.<\/p>\n<p><strong>\u00c0 qui s\u2019adresse ce site ?<\/strong><\/p>\n<p>Ce site s\u2019adresse aux \u00e9tudiants en sant\u00e9, internes, m\u00e9decins, professionnels param\u00e9dicaux et \u00e0 toute personne souhaitant progresser en m\u00e9thodologie de recherche m\u00e9dicale.<\/p>\n<p><strong>Ce que vous pouvez y apprendre<\/strong><\/p>\n<p>Vous y trouverez des ressources pour mieux comprendre les notions essentielles de la recherche m\u00e9dicale : formulation d\u2019une question de recherche, lecture critique d\u2019articles, m\u00e9thodologie, statistiques, r\u00e9daction scientifique et publication.<\/p>\n<p><strong>Un acc\u00e8s libre et gratuit<\/strong><\/p>\n<p>LEPCAM est accessible gratuitement \u00e0 tous, sans publicit\u00e9, sous licence <em>Creative Commons<\/em>.<\/p>\n<p><strong>Contact<\/strong><\/p>\n<p>Pour toute question, vous pouvez me contacter \u00e0 l\u2019adresse suivante : <a href=\"mailto:nicolas.dechanaud@ipsosante.fr\">nicolas.dechanaud@ipsosante.fr<\/a><\/p>\n<p>Bonne lecture,<\/p>\n<p>Nicolas de Chanaud<br \/>\nM\u00e9decin g\u00e9n\u00e9raliste chez ipso sant\u00e9<\/p>\n<hr \/>\n","protected":false},"excerpt":{"rendered":"<p>LEPCAM est un site d\u2019e-learning consacr\u00e9 \u00e0 la recherche m\u00e9dicale. Il aide les \u00e9tudiants et les professionnels de sant\u00e9 \u00e0 acqu\u00e9rir les bases n\u00e9cessaires pour comprendre, lire et mener des travaux de recherche. \u00c0 qui s\u2019adresse ce site ? Ce site s\u2019adresse aux \u00e9tudiants en sant\u00e9, internes, m\u00e9decins, professionnels param\u00e9dicaux et \u00e0 toute personne souhaitant [&hellip;]<\/p>\n","protected":false},"author":1,"featured_media":0,"parent":0,"menu_order":0,"comment_status":"closed","ping_status":"closed","template":"full-width-page-template.php","meta":{"footnotes":""},"class_list":["post-1837","page","type-page","status-publish","hentry"],"yoast_head":"<!-- This site is optimized with the Yoast SEO plugin v27.5 - https:\/\/yoast.com\/product\/yoast-seo-wordpress\/ -->\n<title>Accueil - LEPCAM<\/title>\n<meta name=\"description\" content=\"LEPCAM est un site de e-Learning permettant aux \u00e9tudiants et professionnels de sant\u00e9 d\u2019acqu\u00e9rir des comp\u00e9tences en recherche m\u00e9dicale.\" \/>\n<meta name=\"robots\" content=\"index, follow, max-snippet:-1, max-image-preview:large, max-video-preview:-1\" \/>\n<link rel=\"canonical\" href=\"https:\/\/lepcam.fr\/\" \/>\n<meta property=\"og:locale\" content=\"fr_FR\" \/>\n<meta property=\"og:type\" content=\"article\" \/>\n<meta property=\"og:title\" content=\"Accueil - LEPCAM\" \/>\n<meta property=\"og:description\" content=\"LEPCAM est un site de e-Learning permettant aux \u00e9tudiants et professionnels de sant\u00e9 d\u2019acqu\u00e9rir des comp\u00e9tences en recherche m\u00e9dicale.\" \/>\n<meta property=\"og:url\" content=\"https:\/\/lepcam.fr\/\" \/>\n<meta property=\"og:site_name\" content=\"LEPCAM\" \/>\n<meta property=\"article:publisher\" content=\"https:\/\/www.facebook.com\/lepcam.fr\/\" \/>\n<meta property=\"article:modified_time\" content=\"2026-05-02T12:47:18+00:00\" \/>\n<meta property=\"og:image\" content=\"https:\/\/i0.wp.com\/lepcam.fr\/wp-content\/uploads\/2016\/02\/Logo-LEPCAM-e1455699470661.png?fit=100%2C100&ssl=1\" \/>\n\t<meta property=\"og:image:width\" content=\"100\" \/>\n\t<meta property=\"og:image:height\" content=\"100\" \/>\n\t<meta property=\"og:image:type\" content=\"image\/png\" \/>\n<meta name=\"twitter:card\" content=\"summary_large_image\" \/>\n<meta name=\"twitter:site\" content=\"@Lepcam_site\" \/>\n<meta name=\"twitter:label1\" content=\"Dur\u00e9e de lecture estim\u00e9e\" \/>\n\t<meta name=\"twitter:data1\" content=\"1 minute\" \/>\n<script type=\"application\/ld+json\" class=\"yoast-schema-graph\">{\"@context\":\"https:\\\/\\\/schema.org\",\"@graph\":[{\"@type\":\"WebPage\",\"@id\":\"https:\\\/\\\/lepcam.fr\\\/\",\"url\":\"https:\\\/\\\/lepcam.fr\\\/\",\"name\":\"Accueil - LEPCAM\",\"isPartOf\":{\"@id\":\"https:\\\/\\\/lepcam.fr\\\/#website\"},\"primaryImageOfPage\":{\"@id\":\"https:\\\/\\\/lepcam.fr\\\/#primaryimage\"},\"image\":{\"@id\":\"https:\\\/\\\/lepcam.fr\\\/#primaryimage\"},\"thumbnailUrl\":\"https:\\\/\\\/i0.wp.com\\\/lepcam.fr\\\/wp-content\\\/uploads\\\/2016\\\/02\\\/Logo-LEPCAM.png?zoom=2&amp;resize=140%2C140\",\"datePublished\":\"2017-01-03T09:20:41+00:00\",\"dateModified\":\"2026-05-02T12:47:18+00:00\",\"description\":\"LEPCAM est un site de e-Learning permettant aux \u00e9tudiants et professionnels de sant\u00e9 d\u2019acqu\u00e9rir des comp\u00e9tences en recherche m\u00e9dicale.\",\"breadcrumb\":{\"@id\":\"https:\\\/\\\/lepcam.fr\\\/#breadcrumb\"},\"inLanguage\":\"fr-FR\",\"potentialAction\":[{\"@type\":\"ReadAction\",\"target\":[\"https:\\\/\\\/lepcam.fr\\\/\"]}]},{\"@type\":\"ImageObject\",\"inLanguage\":\"fr-FR\",\"@id\":\"https:\\\/\\\/lepcam.fr\\\/#primaryimage\",\"url\":\"https:\\\/\\\/i0.wp.com\\\/lepcam.fr\\\/wp-content\\\/uploads\\\/2016\\\/02\\\/Logo-LEPCAM.png?zoom=2&amp;resize=140%2C140\",\"contentUrl\":\"https:\\\/\\\/i0.wp.com\\\/lepcam.fr\\\/wp-content\\\/uploads\\\/2016\\\/02\\\/Logo-LEPCAM.png?zoom=2&amp;resize=140%2C140\"},{\"@type\":\"BreadcrumbList\",\"@id\":\"https:\\\/\\\/lepcam.fr\\\/#breadcrumb\",\"itemListElement\":[{\"@type\":\"ListItem\",\"position\":1,\"name\":\"Accueil\",\"item\":\"https:\\\/\\\/lepcam.fr\\\/\"},{\"@type\":\"ListItem\",\"position\":2,\"name\":\"Accueil\"}]},{\"@type\":\"WebSite\",\"@id\":\"https:\\\/\\\/lepcam.fr\\\/#website\",\"url\":\"https:\\\/\\\/lepcam.fr\\\/\",\"name\":\"LEPCAM\",\"description\":\"Apprenez \u00e0 chercher\",\"publisher\":{\"@id\":\"https:\\\/\\\/lepcam.fr\\\/#organization\"},\"potentialAction\":[{\"@type\":\"SearchAction\",\"target\":{\"@type\":\"EntryPoint\",\"urlTemplate\":\"https:\\\/\\\/lepcam.fr\\\/?s={search_term_string}\"},\"query-input\":{\"@type\":\"PropertyValueSpecification\",\"valueRequired\":true,\"valueName\":\"search_term_string\"}}],\"inLanguage\":\"fr-FR\"},{\"@type\":\"Organization\",\"@id\":\"https:\\\/\\\/lepcam.fr\\\/#organization\",\"name\":\"lepcam\",\"url\":\"https:\\\/\\\/lepcam.fr\\\/\",\"logo\":{\"@type\":\"ImageObject\",\"inLanguage\":\"fr-FR\",\"@id\":\"https:\\\/\\\/lepcam.fr\\\/#\\\/schema\\\/logo\\\/image\\\/\",\"url\":\"https:\\\/\\\/i0.wp.com\\\/lepcam.fr\\\/wp-content\\\/uploads\\\/2016\\\/02\\\/Logo-LEPCAM-fond-blanc-01.png?fit=104%2C104&ssl=1\",\"contentUrl\":\"https:\\\/\\\/i0.wp.com\\\/lepcam.fr\\\/wp-content\\\/uploads\\\/2016\\\/02\\\/Logo-LEPCAM-fond-blanc-01.png?fit=104%2C104&ssl=1\",\"width\":104,\"height\":104,\"caption\":\"lepcam\"},\"image\":{\"@id\":\"https:\\\/\\\/lepcam.fr\\\/#\\\/schema\\\/logo\\\/image\\\/\"},\"sameAs\":[\"https:\\\/\\\/www.facebook.com\\\/lepcam.fr\\\/\",\"https:\\\/\\\/x.com\\\/Lepcam_site\"]}]}<\/script>\n<!-- \/ Yoast SEO plugin. -->","yoast_head_json":{"title":"Accueil - LEPCAM","description":"LEPCAM est un site de e-Learning permettant aux \u00e9tudiants et professionnels de sant\u00e9 d\u2019acqu\u00e9rir des comp\u00e9tences en recherche m\u00e9dicale.","robots":{"index":"index","follow":"follow","max-snippet":"max-snippet:-1","max-image-preview":"max-image-preview:large","max-video-preview":"max-video-preview:-1"},"canonical":"https:\/\/lepcam.fr\/","og_locale":"fr_FR","og_type":"article","og_title":"Accueil - LEPCAM","og_description":"LEPCAM est un site de e-Learning permettant aux \u00e9tudiants et professionnels de sant\u00e9 d\u2019acqu\u00e9rir des comp\u00e9tences en recherche m\u00e9dicale.","og_url":"https:\/\/lepcam.fr\/","og_site_name":"LEPCAM","article_publisher":"https:\/\/www.facebook.com\/lepcam.fr\/","article_modified_time":"2026-05-02T12:47:18+00:00","og_image":[{"width":100,"height":100,"url":"https:\/\/i0.wp.com\/lepcam.fr\/wp-content\/uploads\/2016\/02\/Logo-LEPCAM-e1455699470661.png?fit=100%2C100&ssl=1","type":"image\/png"}],"twitter_card":"summary_large_image","twitter_site":"@Lepcam_site","twitter_misc":{"Dur\u00e9e de lecture estim\u00e9e":"1 minute"},"schema":{"@context":"https:\/\/schema.org","@graph":[{"@type":"WebPage","@id":"https:\/\/lepcam.fr\/","url":"https:\/\/lepcam.fr\/","name":"Accueil - LEPCAM","isPartOf":{"@id":"https:\/\/lepcam.fr\/#website"},"primaryImageOfPage":{"@id":"https:\/\/lepcam.fr\/#primaryimage"},"image":{"@id":"https:\/\/lepcam.fr\/#primaryimage"},"thumbnailUrl":"https:\/\/i0.wp.com\/lepcam.fr\/wp-content\/uploads\/2016\/02\/Logo-LEPCAM.png?zoom=2&amp;resize=140%2C140","datePublished":"2017-01-03T09:20:41+00:00","dateModified":"2026-05-02T12:47:18+00:00","description":"LEPCAM est un site de e-Learning permettant aux \u00e9tudiants et professionnels de sant\u00e9 d\u2019acqu\u00e9rir des comp\u00e9tences en recherche m\u00e9dicale.","breadcrumb":{"@id":"https:\/\/lepcam.fr\/#breadcrumb"},"inLanguage":"fr-FR","potentialAction":[{"@type":"ReadAction","target":["https:\/\/lepcam.fr\/"]}]},{"@type":"ImageObject","inLanguage":"fr-FR","@id":"https:\/\/lepcam.fr\/#primaryimage","url":"https:\/\/i0.wp.com\/lepcam.fr\/wp-content\/uploads\/2016\/02\/Logo-LEPCAM.png?zoom=2&amp;resize=140%2C140","contentUrl":"https:\/\/i0.wp.com\/lepcam.fr\/wp-content\/uploads\/2016\/02\/Logo-LEPCAM.png?zoom=2&amp;resize=140%2C140"},{"@type":"BreadcrumbList","@id":"https:\/\/lepcam.fr\/#breadcrumb","itemListElement":[{"@type":"ListItem","position":1,"name":"Accueil","item":"https:\/\/lepcam.fr\/"},{"@type":"ListItem","position":2,"name":"Accueil"}]},{"@type":"WebSite","@id":"https:\/\/lepcam.fr\/#website","url":"https:\/\/lepcam.fr\/","name":"LEPCAM","description":"Apprenez \u00e0 chercher","publisher":{"@id":"https:\/\/lepcam.fr\/#organization"},"potentialAction":[{"@type":"SearchAction","target":{"@type":"EntryPoint","urlTemplate":"https:\/\/lepcam.fr\/?s={search_term_string}"},"query-input":{"@type":"PropertyValueSpecification","valueRequired":true,"valueName":"search_term_string"}}],"inLanguage":"fr-FR"},{"@type":"Organization","@id":"https:\/\/lepcam.fr\/#organization","name":"lepcam","url":"https:\/\/lepcam.fr\/","logo":{"@type":"ImageObject","inLanguage":"fr-FR","@id":"https:\/\/lepcam.fr\/#\/schema\/logo\/image\/","url":"https:\/\/i0.wp.com\/lepcam.fr\/wp-content\/uploads\/2016\/02\/Logo-LEPCAM-fond-blanc-01.png?fit=104%2C104&ssl=1","contentUrl":"https:\/\/i0.wp.com\/lepcam.fr\/wp-content\/uploads\/2016\/02\/Logo-LEPCAM-fond-blanc-01.png?fit=104%2C104&ssl=1","width":104,"height":104,"caption":"lepcam"},"image":{"@id":"https:\/\/lepcam.fr\/#\/schema\/logo\/image\/"},"sameAs":["https:\/\/www.facebook.com\/lepcam.fr\/","https:\/\/x.com\/Lepcam_site"]}]}},"jetpack_shortlink":"https:\/\/wp.me\/P7iIqB-tD","jetpack_sharing_enabled":true,"_links":{"self":[{"href":"https:\/\/lepcam.fr\/index.php\/wp-json\/wp\/v2\/pages\/1837","targetHints":{"allow":["GET"]}}],"collection":[{"href":"https:\/\/lepcam.fr\/index.php\/wp-json\/wp\/v2\/pages"}],"about":[{"href":"https:\/\/lepcam.fr\/index.php\/wp-json\/wp\/v2\/types\/page"}],"author":[{"embeddable":true,"href":"https:\/\/lepcam.fr\/index.php\/wp-json\/wp\/v2\/users\/1"}],"replies":[{"embeddable":true,"href":"https:\/\/lepcam.fr\/index.php\/wp-json\/wp\/v2\/comments?post=1837"}],"version-history":[{"count":10,"href":"https:\/\/lepcam.fr\/index.php\/wp-json\/wp\/v2\/pages\/1837\/revisions"}],"predecessor-version":[{"id":39850,"href":"https:\/\/lepcam.fr\/index.php\/wp-json\/wp\/v2\/pages\/1837\/revisions\/39850"}],"wp:attachment":[{"href":"https:\/\/lepcam.fr\/index.php\/wp-json\/wp\/v2\/media?parent=1837"}],"curies":[{"name":"wp","href":"https:\/\/api.w.org\/{rel}","templated":true}]}}