{"id":1771,"date":"2016-10-02T17:40:03","date_gmt":"2016-10-02T16:40:03","guid":{"rendered":"http:\/\/lepcam.fr\/?page_id=1771"},"modified":"2016-10-02T17:40:03","modified_gmt":"2016-10-02T16:40:03","slug":"sciencedirect","status":"publish","type":"page","link":"https:\/\/lepcam.fr\/index.php\/ressources\/ressources-bibliographique-pubmed\/sciencedirect\/","title":{"rendered":"ScienceDirect"},"content":{"rendered":"<h1>Caract\u00e9ristiques :<\/h1>\n<p>ScienceDirect est un <strong>portail<\/strong> donnant acc\u00e8s aux revues et livres \u00e9lectroniques \u00e9dit\u00e9s et diffus\u00e9s par <strong>Elsevier<\/strong>\u00a0: 13 millions d\u2019articles et 30 000 livres.<\/p>\n<p>Il a l\u2019avantage de donner acc\u00e8s au <strong>texte int\u00e9gral <\/strong>de tous les documents \u00e9dit\u00e9s par Elsevier. Malheureusement, il ne s\u2019interroge qu\u2019en langage naturel (pas de thesaurus), n\u2019est accessible que sur abonnement <strong>payant<\/strong> et ne r\u00e9f\u00e9rence pas les documents d\u2019autres \u00e9diteurs.<\/p>\n<p><strong>\u00a0<\/strong><\/p>\n<h1><strong>Tutoriel\u00a0:<\/strong><\/h1>\n<h2>Tutoriel ppt<\/h2>\n<p>Vous pouvez consulter le tutoriel de la biblioth\u00e8que interuniversitaire de Sant\u00e9 \u00e0 partir de la page 47\u00a0:<\/p>\n<p>[gview file=\u00a0\u00bbhttp:\/\/lepcam.fr\/wp-content\/uploads\/2016\/10\/bdd-fayrgp.pdf\u00a0\u00bb]<\/p>\n<p><strong>\u00a0<\/strong><\/p>\n<h2>Tutoriel vid\u00e9o<\/h2>\n<iframe  style=\"display: block; margin: 0px auto;\"  id=\"_ytid_34932\"  width=\"629\" height=\"354\"  data-origwidth=\"629\" data-origheight=\"354\" src=\"https:\/\/www.youtube.com\/embed\/lcSyPQ-P8IA?enablejsapi=1&autoplay=0&cc_load_policy=0&cc_lang_pref=&iv_load_policy=1&loop=0&rel=0&fs=1&playsinline=0&autohide=2&theme=dark&color=red&controls=1&disablekb=0&\" class=\"__youtube_prefs__  no-lazyload\" title=\"YouTube player\"  allow=\"fullscreen; accelerometer; autoplay; clipboard-write; encrypted-media; gyroscope; picture-in-picture; web-share\" referrerpolicy=\"strict-origin-when-cross-origin\" allowfullscreen data-no-lazy=\"1\" data-skipgform_ajax_framebjll=\"\"><\/iframe>\n<h2>Formation pr\u00e9sentielle<\/h2>\n<p>Renseignez-vous aupr\u00e8s de votre biblioth\u00e9caire universitaire.<\/p>\n<p>Pour les internes et jeunes m\u00e9decins g\u00e9n\u00e9ralistes, l\u2019association FAYR-GP (French Association of Young Researchers in General Practice) propose 1 journ\u00e9e de formation pratique \u00e0 la recherche bibliographique lors de l\u2019Ecole d\u2019Automne se d\u00e9roulant au mois de septembre.<\/p>\n","protected":false},"excerpt":{"rendered":"<p>Caract\u00e9ristiques : ScienceDirect est un portail donnant acc\u00e8s aux revues et livres \u00e9lectroniques \u00e9dit\u00e9s et diffus\u00e9s par Elsevier\u00a0: 13 millions d\u2019articles et 30 000 livres. Il a l\u2019avantage de donner acc\u00e8s au texte int\u00e9gral de tous les documents \u00e9dit\u00e9s par Elsevier. Malheureusement, il ne s\u2019interroge qu\u2019en langage naturel (pas de thesaurus), n\u2019est accessible que sur [&hellip;]<\/p>\n","protected":false},"author":1,"featured_media":0,"parent":1749,"menu_order":6,"comment_status":"closed","ping_status":"closed","template":"","meta":[],"yoast_head":"<!-- This site is optimized with the Yoast SEO plugin v21.1 - https:\/\/yoast.com\/wordpress\/plugins\/seo\/ -->\n<title>ScienceDirect - LEPCAM<\/title>\n<meta name=\"robots\" content=\"index, follow, max-snippet:-1, max-image-preview:large, max-video-preview:-1\" \/>\n<link rel=\"canonical\" href=\"https:\/\/lepcam.fr\/index.php\/ressources\/ressources-bibliographique-pubmed\/sciencedirect\/\" \/>\n<meta property=\"og:locale\" content=\"fr_FR\" \/>\n<meta property=\"og:type\" content=\"article\" \/>\n<meta property=\"og:title\" content=\"ScienceDirect - LEPCAM\" \/>\n<meta property=\"og:description\" content=\"Caract\u00e9ristiques : ScienceDirect est un portail donnant acc\u00e8s aux revues et livres \u00e9lectroniques \u00e9dit\u00e9s et diffus\u00e9s par Elsevier\u00a0: 13 millions d\u2019articles et 30 000 livres. Il a l\u2019avantage de donner acc\u00e8s au texte int\u00e9gral de tous les documents \u00e9dit\u00e9s par Elsevier. Malheureusement, il ne s\u2019interroge qu\u2019en langage naturel (pas de thesaurus), n\u2019est accessible que sur [&hellip;]\" \/>\n<meta property=\"og:url\" content=\"https:\/\/lepcam.fr\/index.php\/ressources\/ressources-bibliographique-pubmed\/sciencedirect\/\" \/>\n<meta property=\"og:site_name\" content=\"LEPCAM\" \/>\n<meta property=\"article:publisher\" content=\"https:\/\/www.facebook.com\/lepcam.fr\/\" \/>\n<meta property=\"og:image\" content=\"https:\/\/i0.wp.com\/lepcam.fr\/wp-content\/uploads\/2016\/02\/Logo-LEPCAM-fond-blanc-01.png?fit=104%2C104&ssl=1\" \/>\n\t<meta property=\"og:image:width\" content=\"104\" \/>\n\t<meta property=\"og:image:height\" content=\"104\" \/>\n\t<meta property=\"og:image:type\" content=\"image\/png\" \/>\n<meta name=\"twitter:card\" content=\"summary_large_image\" \/>\n<meta name=\"twitter:site\" content=\"@Lepcam_site\" \/>\n<meta name=\"twitter:label1\" content=\"Dur\u00e9e de lecture estim\u00e9e\" \/>\n\t<meta name=\"twitter:data1\" content=\"1 minute\" \/>\n<script type=\"application\/ld+json\" class=\"yoast-schema-graph\">{\"@context\":\"https:\/\/schema.org\",\"@graph\":[{\"@type\":\"WebPage\",\"@id\":\"https:\/\/lepcam.fr\/index.php\/ressources\/ressources-bibliographique-pubmed\/sciencedirect\/\",\"url\":\"https:\/\/lepcam.fr\/index.php\/ressources\/ressources-bibliographique-pubmed\/sciencedirect\/\",\"name\":\"ScienceDirect - LEPCAM\",\"isPartOf\":{\"@id\":\"https:\/\/lepcam.fr\/#website\"},\"datePublished\":\"2016-10-02T16:40:03+00:00\",\"dateModified\":\"2016-10-02T16:40:03+00:00\",\"breadcrumb\":{\"@id\":\"https:\/\/lepcam.fr\/index.php\/ressources\/ressources-bibliographique-pubmed\/sciencedirect\/#breadcrumb\"},\"inLanguage\":\"fr-FR\",\"potentialAction\":[{\"@type\":\"ReadAction\",\"target\":[\"https:\/\/lepcam.fr\/index.php\/ressources\/ressources-bibliographique-pubmed\/sciencedirect\/\"]}]},{\"@type\":\"BreadcrumbList\",\"@id\":\"https:\/\/lepcam.fr\/index.php\/ressources\/ressources-bibliographique-pubmed\/sciencedirect\/#breadcrumb\",\"itemListElement\":[{\"@type\":\"ListItem\",\"position\":1,\"name\":\"Accueil\",\"item\":\"https:\/\/lepcam.fr\/\"},{\"@type\":\"ListItem\",\"position\":2,\"name\":\"Tutoriels\",\"item\":\"https:\/\/lepcam.fr\/index.php\/ressources\/\"},{\"@type\":\"ListItem\",\"position\":3,\"name\":\"Ressources d&rsquo;information (PubMed&#8230;)\",\"item\":\"https:\/\/lepcam.fr\/index.php\/ressources\/ressources-bibliographique-pubmed\/\"},{\"@type\":\"ListItem\",\"position\":4,\"name\":\"ScienceDirect\"}]},{\"@type\":\"WebSite\",\"@id\":\"https:\/\/lepcam.fr\/#website\",\"url\":\"https:\/\/lepcam.fr\/\",\"name\":\"LEPCAM\",\"description\":\"Apprenez \u00e0 chercher\",\"publisher\":{\"@id\":\"https:\/\/lepcam.fr\/#organization\"},\"potentialAction\":[{\"@type\":\"SearchAction\",\"target\":{\"@type\":\"EntryPoint\",\"urlTemplate\":\"https:\/\/lepcam.fr\/?s={search_term_string}\"},\"query-input\":\"required name=search_term_string\"}],\"inLanguage\":\"fr-FR\"},{\"@type\":\"Organization\",\"@id\":\"https:\/\/lepcam.fr\/#organization\",\"name\":\"lepcam\",\"url\":\"https:\/\/lepcam.fr\/\",\"logo\":{\"@type\":\"ImageObject\",\"inLanguage\":\"fr-FR\",\"@id\":\"https:\/\/lepcam.fr\/#\/schema\/logo\/image\/\",\"url\":\"https:\/\/i0.wp.com\/lepcam.fr\/wp-content\/uploads\/2016\/02\/Logo-LEPCAM-fond-blanc-01.png?fit=104%2C104&ssl=1\",\"contentUrl\":\"https:\/\/i0.wp.com\/lepcam.fr\/wp-content\/uploads\/2016\/02\/Logo-LEPCAM-fond-blanc-01.png?fit=104%2C104&ssl=1\",\"width\":104,\"height\":104,\"caption\":\"lepcam\"},\"image\":{\"@id\":\"https:\/\/lepcam.fr\/#\/schema\/logo\/image\/\"},\"sameAs\":[\"https:\/\/www.facebook.com\/lepcam.fr\/\",\"https:\/\/twitter.com\/Lepcam_site\"]}]}<\/script>\n<!-- \/ Yoast SEO plugin. -->","yoast_head_json":{"title":"ScienceDirect - LEPCAM","robots":{"index":"index","follow":"follow","max-snippet":"max-snippet:-1","max-image-preview":"max-image-preview:large","max-video-preview":"max-video-preview:-1"},"canonical":"https:\/\/lepcam.fr\/index.php\/ressources\/ressources-bibliographique-pubmed\/sciencedirect\/","og_locale":"fr_FR","og_type":"article","og_title":"ScienceDirect - LEPCAM","og_description":"Caract\u00e9ristiques : ScienceDirect est un portail donnant acc\u00e8s aux revues et livres \u00e9lectroniques \u00e9dit\u00e9s et diffus\u00e9s par Elsevier\u00a0: 13 millions d\u2019articles et 30 000 livres. Il a l\u2019avantage de donner acc\u00e8s au texte int\u00e9gral de tous les documents \u00e9dit\u00e9s par Elsevier. Malheureusement, il ne s\u2019interroge qu\u2019en langage naturel (pas de thesaurus), n\u2019est accessible que sur [&hellip;]","og_url":"https:\/\/lepcam.fr\/index.php\/ressources\/ressources-bibliographique-pubmed\/sciencedirect\/","og_site_name":"LEPCAM","article_publisher":"https:\/\/www.facebook.com\/lepcam.fr\/","og_image":[{"width":104,"height":104,"url":"https:\/\/i0.wp.com\/lepcam.fr\/wp-content\/uploads\/2016\/02\/Logo-LEPCAM-fond-blanc-01.png?fit=104%2C104&ssl=1","type":"image\/png"}],"twitter_card":"summary_large_image","twitter_site":"@Lepcam_site","twitter_misc":{"Dur\u00e9e de lecture estim\u00e9e":"1 minute"},"schema":{"@context":"https:\/\/schema.org","@graph":[{"@type":"WebPage","@id":"https:\/\/lepcam.fr\/index.php\/ressources\/ressources-bibliographique-pubmed\/sciencedirect\/","url":"https:\/\/lepcam.fr\/index.php\/ressources\/ressources-bibliographique-pubmed\/sciencedirect\/","name":"ScienceDirect - LEPCAM","isPartOf":{"@id":"https:\/\/lepcam.fr\/#website"},"datePublished":"2016-10-02T16:40:03+00:00","dateModified":"2016-10-02T16:40:03+00:00","breadcrumb":{"@id":"https:\/\/lepcam.fr\/index.php\/ressources\/ressources-bibliographique-pubmed\/sciencedirect\/#breadcrumb"},"inLanguage":"fr-FR","potentialAction":[{"@type":"ReadAction","target":["https:\/\/lepcam.fr\/index.php\/ressources\/ressources-bibliographique-pubmed\/sciencedirect\/"]}]},{"@type":"BreadcrumbList","@id":"https:\/\/lepcam.fr\/index.php\/ressources\/ressources-bibliographique-pubmed\/sciencedirect\/#breadcrumb","itemListElement":[{"@type":"ListItem","position":1,"name":"Accueil","item":"https:\/\/lepcam.fr\/"},{"@type":"ListItem","position":2,"name":"Tutoriels","item":"https:\/\/lepcam.fr\/index.php\/ressources\/"},{"@type":"ListItem","position":3,"name":"Ressources d&rsquo;information (PubMed&#8230;)","item":"https:\/\/lepcam.fr\/index.php\/ressources\/ressources-bibliographique-pubmed\/"},{"@type":"ListItem","position":4,"name":"ScienceDirect"}]},{"@type":"WebSite","@id":"https:\/\/lepcam.fr\/#website","url":"https:\/\/lepcam.fr\/","name":"LEPCAM","description":"Apprenez \u00e0 chercher","publisher":{"@id":"https:\/\/lepcam.fr\/#organization"},"potentialAction":[{"@type":"SearchAction","target":{"@type":"EntryPoint","urlTemplate":"https:\/\/lepcam.fr\/?s={search_term_string}"},"query-input":"required name=search_term_string"}],"inLanguage":"fr-FR"},{"@type":"Organization","@id":"https:\/\/lepcam.fr\/#organization","name":"lepcam","url":"https:\/\/lepcam.fr\/","logo":{"@type":"ImageObject","inLanguage":"fr-FR","@id":"https:\/\/lepcam.fr\/#\/schema\/logo\/image\/","url":"https:\/\/i0.wp.com\/lepcam.fr\/wp-content\/uploads\/2016\/02\/Logo-LEPCAM-fond-blanc-01.png?fit=104%2C104&ssl=1","contentUrl":"https:\/\/i0.wp.com\/lepcam.fr\/wp-content\/uploads\/2016\/02\/Logo-LEPCAM-fond-blanc-01.png?fit=104%2C104&ssl=1","width":104,"height":104,"caption":"lepcam"},"image":{"@id":"https:\/\/lepcam.fr\/#\/schema\/logo\/image\/"},"sameAs":["https:\/\/www.facebook.com\/lepcam.fr\/","https:\/\/twitter.com\/Lepcam_site"]}]}},"jetpack_shortlink":"https:\/\/wp.me\/P7iIqB-sz","_links":{"self":[{"href":"https:\/\/lepcam.fr\/index.php\/wp-json\/wp\/v2\/pages\/1771"}],"collection":[{"href":"https:\/\/lepcam.fr\/index.php\/wp-json\/wp\/v2\/pages"}],"about":[{"href":"https:\/\/lepcam.fr\/index.php\/wp-json\/wp\/v2\/types\/page"}],"author":[{"embeddable":true,"href":"https:\/\/lepcam.fr\/index.php\/wp-json\/wp\/v2\/users\/1"}],"replies":[{"embeddable":true,"href":"https:\/\/lepcam.fr\/index.php\/wp-json\/wp\/v2\/comments?post=1771"}],"version-history":[{"count":1,"href":"https:\/\/lepcam.fr\/index.php\/wp-json\/wp\/v2\/pages\/1771\/revisions"}],"predecessor-version":[{"id":1772,"href":"https:\/\/lepcam.fr\/index.php\/wp-json\/wp\/v2\/pages\/1771\/revisions\/1772"}],"up":[{"embeddable":true,"href":"https:\/\/lepcam.fr\/index.php\/wp-json\/wp\/v2\/pages\/1749"}],"wp:attachment":[{"href":"https:\/\/lepcam.fr\/index.php\/wp-json\/wp\/v2\/media?parent=1771"}],"curies":[{"name":"wp","href":"https:\/\/api.w.org\/{rel}","templated":true}]}}