{"id":1749,"date":"2016-10-02T16:50:23","date_gmt":"2016-10-02T15:50:23","guid":{"rendered":"http:\/\/lepcam.fr\/?page_id=1749"},"modified":"2018-05-01T10:30:08","modified_gmt":"2018-05-01T09:30:08","slug":"ressources-bibliographique-pubmed","status":"publish","type":"page","link":"https:\/\/lepcam.fr\/index.php\/ressources\/ressources-bibliographique-pubmed\/","title":{"rendered":"Ressources d&rsquo;information (PubMed&#8230;)"},"content":{"rendered":"<p>Il existe de nombreuses sources d&rsquo;informations diff\u00e9rentes \u00e0 interroger pour r\u00e9aliser votre recherche documentaire.<\/p>\n<p>Nous avons d\u00e9velopper un tutoriel pour chaque source afin de vous faciliter la recherche<\/p>\n<ul>\n<li><a href=\"https:\/\/lepcam.fr\/index.php\/ressources\/ressources-bibliographique-pubmed\/tutoriel-pubmed\/\">Pubmed<\/a><\/li>\n<li><a href=\"https:\/\/lepcam.fr\/index.php\/ressources\/ressources-bibliographique-pubmed\/tutoriel-embase\/\">Embase<\/a><\/li>\n<li><a href=\"https:\/\/lepcam.fr\/index.php\/ressources\/ressources-bibliographique-pubmed\/tutoriel-lissa\/\">LiSSA<\/a><\/li>\n<li><a href=\"https:\/\/lepcam.fr\/index.php\/ressources\/ressources-bibliographique-pubmed\/em-premium\/\">EM-Premium<\/a><\/li>\n<li><a href=\"https:\/\/lepcam.fr\/index.php\/ressources\/ressources-bibliographique-pubmed\/bdsp\/\">BDSP<\/a><\/li>\n<li><a href=\"https:\/\/lepcam.fr\/index.php\/ressources\/ressources-bibliographique-pubmed\/sciencedirect\/\">Science Direct<\/a><\/li>\n<li><a href=\"https:\/\/lepcam.fr\/index.php\/ressources\/ressources-bibliographique-pubmed\/these-de-medecine\/\">Les th\u00e8ses de m\u00e9decine<\/a><\/li>\n<li><a href=\"https:\/\/lepcam.fr\/index.php\/ressources\/ressources-bibliographique-pubmed\/googlescholar\/\">Google Scholar<\/a><\/li>\n<\/ul>\n<p>&nbsp;<\/p>\n<p>Bonne lecture<\/p>\n","protected":false},"excerpt":{"rendered":"<p>Il existe de nombreuses sources d&rsquo;informations diff\u00e9rentes \u00e0 interroger pour r\u00e9aliser votre recherche documentaire. Nous avons d\u00e9velopper un tutoriel pour chaque source afin de vous faciliter la recherche Pubmed Embase LiSSA EM-Premium BDSP Science Direct Les th\u00e8ses de m\u00e9decine Google Scholar &nbsp; Bonne lecture<\/p>\n","protected":false},"author":1,"featured_media":0,"parent":172,"menu_order":50,"comment_status":"closed","ping_status":"closed","template":"","meta":{"footnotes":""},"class_list":["post-1749","page","type-page","status-publish","hentry"],"yoast_head":"<!-- This site is optimized with the Yoast SEO plugin v27.5 - https:\/\/yoast.com\/product\/yoast-seo-wordpress\/ -->\n<title>Ressources d&#039;information (PubMed...) - LEPCAM<\/title>\n<meta name=\"robots\" content=\"index, follow, max-snippet:-1, max-image-preview:large, max-video-preview:-1\" \/>\n<link rel=\"canonical\" href=\"https:\/\/lepcam.fr\/index.php\/ressources\/ressources-bibliographique-pubmed\/\" \/>\n<meta property=\"og:locale\" content=\"fr_FR\" \/>\n<meta property=\"og:type\" content=\"article\" \/>\n<meta property=\"og:title\" content=\"Ressources d&#039;information (PubMed...) - LEPCAM\" \/>\n<meta property=\"og:description\" content=\"Il existe de nombreuses sources d&rsquo;informations diff\u00e9rentes \u00e0 interroger pour r\u00e9aliser votre recherche documentaire. Nous avons d\u00e9velopper un tutoriel pour chaque source afin de vous faciliter la recherche Pubmed Embase LiSSA EM-Premium BDSP Science Direct Les th\u00e8ses de m\u00e9decine Google Scholar &nbsp; Bonne lecture\" \/>\n<meta property=\"og:url\" content=\"https:\/\/lepcam.fr\/index.php\/ressources\/ressources-bibliographique-pubmed\/\" \/>\n<meta property=\"og:site_name\" content=\"LEPCAM\" \/>\n<meta property=\"article:publisher\" content=\"https:\/\/www.facebook.com\/lepcam.fr\/\" \/>\n<meta property=\"article:modified_time\" content=\"2018-05-01T09:30:08+00:00\" \/>\n<meta property=\"og:image\" content=\"https:\/\/i0.wp.com\/lepcam.fr\/wp-content\/uploads\/2016\/02\/Logo-LEPCAM-fond-blanc-01.png?fit=104%2C104&ssl=1\" \/>\n\t<meta property=\"og:image:width\" content=\"104\" \/>\n\t<meta property=\"og:image:height\" content=\"104\" \/>\n\t<meta property=\"og:image:type\" content=\"image\/png\" \/>\n<meta name=\"twitter:card\" content=\"summary_large_image\" \/>\n<meta name=\"twitter:site\" content=\"@Lepcam_site\" \/>\n<script type=\"application\/ld+json\" class=\"yoast-schema-graph\">{\"@context\":\"https:\\\/\\\/schema.org\",\"@graph\":[{\"@type\":\"WebPage\",\"@id\":\"https:\\\/\\\/lepcam.fr\\\/index.php\\\/ressources\\\/ressources-bibliographique-pubmed\\\/\",\"url\":\"https:\\\/\\\/lepcam.fr\\\/index.php\\\/ressources\\\/ressources-bibliographique-pubmed\\\/\",\"name\":\"Ressources d'information (PubMed...) - LEPCAM\",\"isPartOf\":{\"@id\":\"https:\\\/\\\/lepcam.fr\\\/#website\"},\"datePublished\":\"2016-10-02T15:50:23+00:00\",\"dateModified\":\"2018-05-01T09:30:08+00:00\",\"breadcrumb\":{\"@id\":\"https:\\\/\\\/lepcam.fr\\\/index.php\\\/ressources\\\/ressources-bibliographique-pubmed\\\/#breadcrumb\"},\"inLanguage\":\"fr-FR\",\"potentialAction\":[{\"@type\":\"ReadAction\",\"target\":[\"https:\\\/\\\/lepcam.fr\\\/index.php\\\/ressources\\\/ressources-bibliographique-pubmed\\\/\"]}]},{\"@type\":\"BreadcrumbList\",\"@id\":\"https:\\\/\\\/lepcam.fr\\\/index.php\\\/ressources\\\/ressources-bibliographique-pubmed\\\/#breadcrumb\",\"itemListElement\":[{\"@type\":\"ListItem\",\"position\":1,\"name\":\"Accueil\",\"item\":\"https:\\\/\\\/lepcam.fr\\\/\"},{\"@type\":\"ListItem\",\"position\":2,\"name\":\"Tutoriels\",\"item\":\"https:\\\/\\\/lepcam.fr\\\/index.php\\\/ressources\\\/\"},{\"@type\":\"ListItem\",\"position\":3,\"name\":\"Ressources d&rsquo;information (PubMed&#8230;)\"}]},{\"@type\":\"WebSite\",\"@id\":\"https:\\\/\\\/lepcam.fr\\\/#website\",\"url\":\"https:\\\/\\\/lepcam.fr\\\/\",\"name\":\"LEPCAM\",\"description\":\"Apprenez \u00e0 chercher\",\"publisher\":{\"@id\":\"https:\\\/\\\/lepcam.fr\\\/#organization\"},\"potentialAction\":[{\"@type\":\"SearchAction\",\"target\":{\"@type\":\"EntryPoint\",\"urlTemplate\":\"https:\\\/\\\/lepcam.fr\\\/?s={search_term_string}\"},\"query-input\":{\"@type\":\"PropertyValueSpecification\",\"valueRequired\":true,\"valueName\":\"search_term_string\"}}],\"inLanguage\":\"fr-FR\"},{\"@type\":\"Organization\",\"@id\":\"https:\\\/\\\/lepcam.fr\\\/#organization\",\"name\":\"lepcam\",\"url\":\"https:\\\/\\\/lepcam.fr\\\/\",\"logo\":{\"@type\":\"ImageObject\",\"inLanguage\":\"fr-FR\",\"@id\":\"https:\\\/\\\/lepcam.fr\\\/#\\\/schema\\\/logo\\\/image\\\/\",\"url\":\"https:\\\/\\\/i0.wp.com\\\/lepcam.fr\\\/wp-content\\\/uploads\\\/2016\\\/02\\\/Logo-LEPCAM-fond-blanc-01.png?fit=104%2C104&ssl=1\",\"contentUrl\":\"https:\\\/\\\/i0.wp.com\\\/lepcam.fr\\\/wp-content\\\/uploads\\\/2016\\\/02\\\/Logo-LEPCAM-fond-blanc-01.png?fit=104%2C104&ssl=1\",\"width\":104,\"height\":104,\"caption\":\"lepcam\"},\"image\":{\"@id\":\"https:\\\/\\\/lepcam.fr\\\/#\\\/schema\\\/logo\\\/image\\\/\"},\"sameAs\":[\"https:\\\/\\\/www.facebook.com\\\/lepcam.fr\\\/\",\"https:\\\/\\\/x.com\\\/Lepcam_site\"]}]}<\/script>\n<!-- \/ Yoast SEO plugin. -->","yoast_head_json":{"title":"Ressources d'information (PubMed...) - LEPCAM","robots":{"index":"index","follow":"follow","max-snippet":"max-snippet:-1","max-image-preview":"max-image-preview:large","max-video-preview":"max-video-preview:-1"},"canonical":"https:\/\/lepcam.fr\/index.php\/ressources\/ressources-bibliographique-pubmed\/","og_locale":"fr_FR","og_type":"article","og_title":"Ressources d'information (PubMed...) - LEPCAM","og_description":"Il existe de nombreuses sources d&rsquo;informations diff\u00e9rentes \u00e0 interroger pour r\u00e9aliser votre recherche documentaire. Nous avons d\u00e9velopper un tutoriel pour chaque source afin de vous faciliter la recherche Pubmed Embase LiSSA EM-Premium BDSP Science Direct Les th\u00e8ses de m\u00e9decine Google Scholar &nbsp; Bonne lecture","og_url":"https:\/\/lepcam.fr\/index.php\/ressources\/ressources-bibliographique-pubmed\/","og_site_name":"LEPCAM","article_publisher":"https:\/\/www.facebook.com\/lepcam.fr\/","article_modified_time":"2018-05-01T09:30:08+00:00","og_image":[{"width":104,"height":104,"url":"https:\/\/i0.wp.com\/lepcam.fr\/wp-content\/uploads\/2016\/02\/Logo-LEPCAM-fond-blanc-01.png?fit=104%2C104&ssl=1","type":"image\/png"}],"twitter_card":"summary_large_image","twitter_site":"@Lepcam_site","schema":{"@context":"https:\/\/schema.org","@graph":[{"@type":"WebPage","@id":"https:\/\/lepcam.fr\/index.php\/ressources\/ressources-bibliographique-pubmed\/","url":"https:\/\/lepcam.fr\/index.php\/ressources\/ressources-bibliographique-pubmed\/","name":"Ressources d'information (PubMed...) - LEPCAM","isPartOf":{"@id":"https:\/\/lepcam.fr\/#website"},"datePublished":"2016-10-02T15:50:23+00:00","dateModified":"2018-05-01T09:30:08+00:00","breadcrumb":{"@id":"https:\/\/lepcam.fr\/index.php\/ressources\/ressources-bibliographique-pubmed\/#breadcrumb"},"inLanguage":"fr-FR","potentialAction":[{"@type":"ReadAction","target":["https:\/\/lepcam.fr\/index.php\/ressources\/ressources-bibliographique-pubmed\/"]}]},{"@type":"BreadcrumbList","@id":"https:\/\/lepcam.fr\/index.php\/ressources\/ressources-bibliographique-pubmed\/#breadcrumb","itemListElement":[{"@type":"ListItem","position":1,"name":"Accueil","item":"https:\/\/lepcam.fr\/"},{"@type":"ListItem","position":2,"name":"Tutoriels","item":"https:\/\/lepcam.fr\/index.php\/ressources\/"},{"@type":"ListItem","position":3,"name":"Ressources d&rsquo;information (PubMed&#8230;)"}]},{"@type":"WebSite","@id":"https:\/\/lepcam.fr\/#website","url":"https:\/\/lepcam.fr\/","name":"LEPCAM","description":"Apprenez \u00e0 chercher","publisher":{"@id":"https:\/\/lepcam.fr\/#organization"},"potentialAction":[{"@type":"SearchAction","target":{"@type":"EntryPoint","urlTemplate":"https:\/\/lepcam.fr\/?s={search_term_string}"},"query-input":{"@type":"PropertyValueSpecification","valueRequired":true,"valueName":"search_term_string"}}],"inLanguage":"fr-FR"},{"@type":"Organization","@id":"https:\/\/lepcam.fr\/#organization","name":"lepcam","url":"https:\/\/lepcam.fr\/","logo":{"@type":"ImageObject","inLanguage":"fr-FR","@id":"https:\/\/lepcam.fr\/#\/schema\/logo\/image\/","url":"https:\/\/i0.wp.com\/lepcam.fr\/wp-content\/uploads\/2016\/02\/Logo-LEPCAM-fond-blanc-01.png?fit=104%2C104&ssl=1","contentUrl":"https:\/\/i0.wp.com\/lepcam.fr\/wp-content\/uploads\/2016\/02\/Logo-LEPCAM-fond-blanc-01.png?fit=104%2C104&ssl=1","width":104,"height":104,"caption":"lepcam"},"image":{"@id":"https:\/\/lepcam.fr\/#\/schema\/logo\/image\/"},"sameAs":["https:\/\/www.facebook.com\/lepcam.fr\/","https:\/\/x.com\/Lepcam_site"]}]}},"jetpack_shortlink":"https:\/\/wp.me\/P7iIqB-sd","jetpack_sharing_enabled":true,"_links":{"self":[{"href":"https:\/\/lepcam.fr\/index.php\/wp-json\/wp\/v2\/pages\/1749","targetHints":{"allow":["GET"]}}],"collection":[{"href":"https:\/\/lepcam.fr\/index.php\/wp-json\/wp\/v2\/pages"}],"about":[{"href":"https:\/\/lepcam.fr\/index.php\/wp-json\/wp\/v2\/types\/page"}],"author":[{"embeddable":true,"href":"https:\/\/lepcam.fr\/index.php\/wp-json\/wp\/v2\/users\/1"}],"replies":[{"embeddable":true,"href":"https:\/\/lepcam.fr\/index.php\/wp-json\/wp\/v2\/comments?post=1749"}],"version-history":[{"count":19,"href":"https:\/\/lepcam.fr\/index.php\/wp-json\/wp\/v2\/pages\/1749\/revisions"}],"predecessor-version":[{"id":2184,"href":"https:\/\/lepcam.fr\/index.php\/wp-json\/wp\/v2\/pages\/1749\/revisions\/2184"}],"up":[{"embeddable":true,"href":"https:\/\/lepcam.fr\/index.php\/wp-json\/wp\/v2\/pages\/172"}],"wp:attachment":[{"href":"https:\/\/lepcam.fr\/index.php\/wp-json\/wp\/v2\/media?parent=1749"}],"curies":[{"name":"wp","href":"https:\/\/api.w.org\/{rel}","templated":true}]}}