{"id":1742,"date":"2016-10-02T17:34:12","date_gmt":"2016-10-02T16:34:12","guid":{"rendered":"http:\/\/lepcam.fr\/?page_id=1742"},"modified":"2016-10-02T17:34:12","modified_gmt":"2016-10-02T16:34:12","slug":"bdsp","status":"publish","type":"page","link":"https:\/\/lepcam.fr\/index.php\/ressources\/ressources-bibliographique-pubmed\/bdsp\/","title":{"rendered":"BDSP"},"content":{"rendered":"<h1>Caract\u00e9ristiques<\/h1>\n<p>La banque de donn\u00e9es de sant\u00e9 publique (BDSP) est une base de donn\u00e9e bibliographique g\u00e9r\u00e9e par l&rsquo;\u00e9cole des hautes \u00e9tudes en sant\u00e9 publique (EHESP) et regroupe\u00a046 centres de documentation et d&rsquo;organismes sp\u00e9cialis\u00e9s.<\/p>\n<p>Elle index\u00a0environ 500 000 re\u0301fe\u0301rences d\u2019articles de revues fondamentales, d\u2019ouvrages, de the\u0300ses, me\u0301moires et autres travaux acade\u0301miques, de rapports, d\u2019actes de congre\u0300s, de retours d\u2019expe\u0301riences, a\u0300 destination des professionnels de sante\u0301 et des patients. Un certain nombre de documents sont accessibles en ligne.<\/p>\n<div class=\"page\" title=\"Page 21\">\n<div class=\"layoutArea\">\n<div class=\"column\">\n<p>Le site propose e\u0301galement des bibliographies e\u0301labore\u0301es par des professionnels de l&rsquo;information, un annuaire critique de sites, une base de colloques, un glossaire multilingue et des offres d&#8217;emploi.<\/p>\n<\/div>\n<\/div>\n<\/div>\n<p>Elle s&rsquo;interroge en langage naturel ou avec le th\u00e9saurus de la BDSP.<\/p>\n<p>Elle a l&rsquo;avantage d&rsquo;\u00eatre gratuite et en fran\u00e7ais.<\/p>\n<p>&nbsp;<\/p>\n<h1><strong>Tutoriel\u00a0:<\/strong><\/h1>\n<h2>Tutoriel ppt<\/h2>\n<p>Vous pouvez consulter le tutoriel de la biblioth\u00e8que interuniversitaire de Sant\u00e9 \u00e0 partir de la page 21 :<\/p>\n<p>[gview file=\u00a0\u00bbhttp:\/\/lepcam.fr\/wp-content\/uploads\/2016\/10\/bdd-fayrgp.pdf\u00a0\u00bb]<\/p>\n<p><strong>\u00a0<\/strong><\/p>\n<h2>Tutoriel vid\u00e9o<\/h2>\n<iframe loading=\"lazy\"  style=\"display: block; margin: 0px auto;\"  id=\"_ytid_79592\"  width=\"629\" height=\"354\"  data-origwidth=\"629\" data-origheight=\"354\" src=\"https:\/\/www.youtube.com\/embed\/yWAPoJKawWc?enablejsapi=1&autoplay=0&cc_load_policy=0&cc_lang_pref=&iv_load_policy=1&loop=0&rel=0&fs=1&playsinline=0&autohide=2&theme=dark&color=red&controls=1&disablekb=0&\" class=\"__youtube_prefs__  no-lazyload\" title=\"YouTube player\"  allow=\"fullscreen; accelerometer; autoplay; clipboard-write; encrypted-media; gyroscope; picture-in-picture; web-share\" referrerpolicy=\"strict-origin-when-cross-origin\" allowfullscreen data-no-lazy=\"1\" data-skipgform_ajax_framebjll=\"\"><\/iframe>\n<h2>Formation pr\u00e9sentielle<\/h2>\n<p>Il n&rsquo;existe pas de formation pour la BDSP actuellement. Renseignez-vous aupr\u00e8s de votre biblioth\u00e9caire universitaire.<\/p>\n<p>Pour les internes et jeunes m\u00e9decins g\u00e9n\u00e9ralistes, l\u2019association FAYR-GP (French Association of Young Researchers in General Practice) propose 1 journ\u00e9e de formation pratique \u00e0 la recherche bibliographique lors de l\u2019Ecole d\u2019Automne se d\u00e9roulant au mois de septembre.<\/p>\n","protected":false},"excerpt":{"rendered":"<p>Caract\u00e9ristiques La banque de donn\u00e9es de sant\u00e9 publique (BDSP) est une base de donn\u00e9e bibliographique g\u00e9r\u00e9e par l&rsquo;\u00e9cole des hautes \u00e9tudes en sant\u00e9 publique (EHESP) et regroupe\u00a046 centres de documentation et d&rsquo;organismes sp\u00e9cialis\u00e9s. Elle index\u00a0environ 500 000 re\u0301fe\u0301rences d\u2019articles de revues fondamentales, d\u2019ouvrages, de the\u0300ses, me\u0301moires et autres travaux acade\u0301miques, de rapports, d\u2019actes de congre\u0300s, [&hellip;]<\/p>\n","protected":false},"author":1,"featured_media":0,"parent":1749,"menu_order":5,"comment_status":"closed","ping_status":"closed","template":"","meta":{"footnotes":""},"class_list":["post-1742","page","type-page","status-publish","hentry"],"yoast_head":"<!-- This site is optimized with the Yoast SEO plugin v27.5 - https:\/\/yoast.com\/product\/yoast-seo-wordpress\/ -->\n<title>BDSP - LEPCAM<\/title>\n<meta name=\"robots\" content=\"index, follow, max-snippet:-1, max-image-preview:large, max-video-preview:-1\" \/>\n<link rel=\"canonical\" href=\"https:\/\/lepcam.fr\/index.php\/ressources\/ressources-bibliographique-pubmed\/bdsp\/\" \/>\n<meta property=\"og:locale\" content=\"fr_FR\" \/>\n<meta property=\"og:type\" content=\"article\" \/>\n<meta property=\"og:title\" content=\"BDSP - LEPCAM\" \/>\n<meta property=\"og:description\" content=\"Caract\u00e9ristiques La banque de donn\u00e9es de sant\u00e9 publique (BDSP) est une base de donn\u00e9e bibliographique g\u00e9r\u00e9e par l&rsquo;\u00e9cole des hautes \u00e9tudes en sant\u00e9 publique (EHESP) et regroupe\u00a046 centres de documentation et d&rsquo;organismes sp\u00e9cialis\u00e9s. Elle index\u00a0environ 500 000 re\u0301fe\u0301rences d\u2019articles de revues fondamentales, d\u2019ouvrages, de the\u0300ses, me\u0301moires et autres travaux acade\u0301miques, de rapports, d\u2019actes de congre\u0300s, [&hellip;]\" \/>\n<meta property=\"og:url\" content=\"https:\/\/lepcam.fr\/index.php\/ressources\/ressources-bibliographique-pubmed\/bdsp\/\" \/>\n<meta property=\"og:site_name\" content=\"LEPCAM\" \/>\n<meta property=\"article:publisher\" content=\"https:\/\/www.facebook.com\/lepcam.fr\/\" \/>\n<meta property=\"og:image\" content=\"https:\/\/i0.wp.com\/lepcam.fr\/wp-content\/uploads\/2016\/02\/Logo-LEPCAM-fond-blanc-01.png?fit=104%2C104&ssl=1\" \/>\n\t<meta property=\"og:image:width\" content=\"104\" \/>\n\t<meta property=\"og:image:height\" content=\"104\" \/>\n\t<meta property=\"og:image:type\" content=\"image\/png\" \/>\n<meta name=\"twitter:card\" content=\"summary_large_image\" \/>\n<meta name=\"twitter:site\" content=\"@Lepcam_site\" \/>\n<meta name=\"twitter:label1\" content=\"Dur\u00e9e de lecture estim\u00e9e\" \/>\n\t<meta name=\"twitter:data1\" content=\"1 minute\" \/>\n<script type=\"application\/ld+json\" class=\"yoast-schema-graph\">{\"@context\":\"https:\\\/\\\/schema.org\",\"@graph\":[{\"@type\":\"WebPage\",\"@id\":\"https:\\\/\\\/lepcam.fr\\\/index.php\\\/ressources\\\/ressources-bibliographique-pubmed\\\/bdsp\\\/\",\"url\":\"https:\\\/\\\/lepcam.fr\\\/index.php\\\/ressources\\\/ressources-bibliographique-pubmed\\\/bdsp\\\/\",\"name\":\"BDSP - LEPCAM\",\"isPartOf\":{\"@id\":\"https:\\\/\\\/lepcam.fr\\\/#website\"},\"datePublished\":\"2016-10-02T16:34:12+00:00\",\"breadcrumb\":{\"@id\":\"https:\\\/\\\/lepcam.fr\\\/index.php\\\/ressources\\\/ressources-bibliographique-pubmed\\\/bdsp\\\/#breadcrumb\"},\"inLanguage\":\"fr-FR\",\"potentialAction\":[{\"@type\":\"ReadAction\",\"target\":[\"https:\\\/\\\/lepcam.fr\\\/index.php\\\/ressources\\\/ressources-bibliographique-pubmed\\\/bdsp\\\/\"]}]},{\"@type\":\"BreadcrumbList\",\"@id\":\"https:\\\/\\\/lepcam.fr\\\/index.php\\\/ressources\\\/ressources-bibliographique-pubmed\\\/bdsp\\\/#breadcrumb\",\"itemListElement\":[{\"@type\":\"ListItem\",\"position\":1,\"name\":\"Accueil\",\"item\":\"https:\\\/\\\/lepcam.fr\\\/\"},{\"@type\":\"ListItem\",\"position\":2,\"name\":\"Tutoriels\",\"item\":\"https:\\\/\\\/lepcam.fr\\\/index.php\\\/ressources\\\/\"},{\"@type\":\"ListItem\",\"position\":3,\"name\":\"Ressources d&rsquo;information (PubMed&#8230;)\",\"item\":\"https:\\\/\\\/lepcam.fr\\\/index.php\\\/ressources\\\/ressources-bibliographique-pubmed\\\/\"},{\"@type\":\"ListItem\",\"position\":4,\"name\":\"BDSP\"}]},{\"@type\":\"WebSite\",\"@id\":\"https:\\\/\\\/lepcam.fr\\\/#website\",\"url\":\"https:\\\/\\\/lepcam.fr\\\/\",\"name\":\"LEPCAM\",\"description\":\"Apprenez \u00e0 chercher\",\"publisher\":{\"@id\":\"https:\\\/\\\/lepcam.fr\\\/#organization\"},\"potentialAction\":[{\"@type\":\"SearchAction\",\"target\":{\"@type\":\"EntryPoint\",\"urlTemplate\":\"https:\\\/\\\/lepcam.fr\\\/?s={search_term_string}\"},\"query-input\":{\"@type\":\"PropertyValueSpecification\",\"valueRequired\":true,\"valueName\":\"search_term_string\"}}],\"inLanguage\":\"fr-FR\"},{\"@type\":\"Organization\",\"@id\":\"https:\\\/\\\/lepcam.fr\\\/#organization\",\"name\":\"lepcam\",\"url\":\"https:\\\/\\\/lepcam.fr\\\/\",\"logo\":{\"@type\":\"ImageObject\",\"inLanguage\":\"fr-FR\",\"@id\":\"https:\\\/\\\/lepcam.fr\\\/#\\\/schema\\\/logo\\\/image\\\/\",\"url\":\"https:\\\/\\\/i0.wp.com\\\/lepcam.fr\\\/wp-content\\\/uploads\\\/2016\\\/02\\\/Logo-LEPCAM-fond-blanc-01.png?fit=104%2C104&ssl=1\",\"contentUrl\":\"https:\\\/\\\/i0.wp.com\\\/lepcam.fr\\\/wp-content\\\/uploads\\\/2016\\\/02\\\/Logo-LEPCAM-fond-blanc-01.png?fit=104%2C104&ssl=1\",\"width\":104,\"height\":104,\"caption\":\"lepcam\"},\"image\":{\"@id\":\"https:\\\/\\\/lepcam.fr\\\/#\\\/schema\\\/logo\\\/image\\\/\"},\"sameAs\":[\"https:\\\/\\\/www.facebook.com\\\/lepcam.fr\\\/\",\"https:\\\/\\\/x.com\\\/Lepcam_site\"]}]}<\/script>\n<!-- \/ Yoast SEO plugin. -->","yoast_head_json":{"title":"BDSP - LEPCAM","robots":{"index":"index","follow":"follow","max-snippet":"max-snippet:-1","max-image-preview":"max-image-preview:large","max-video-preview":"max-video-preview:-1"},"canonical":"https:\/\/lepcam.fr\/index.php\/ressources\/ressources-bibliographique-pubmed\/bdsp\/","og_locale":"fr_FR","og_type":"article","og_title":"BDSP - LEPCAM","og_description":"Caract\u00e9ristiques La banque de donn\u00e9es de sant\u00e9 publique (BDSP) est une base de donn\u00e9e bibliographique g\u00e9r\u00e9e par l&rsquo;\u00e9cole des hautes \u00e9tudes en sant\u00e9 publique (EHESP) et regroupe\u00a046 centres de documentation et d&rsquo;organismes sp\u00e9cialis\u00e9s. Elle index\u00a0environ 500 000 re\u0301fe\u0301rences d\u2019articles de revues fondamentales, d\u2019ouvrages, de the\u0300ses, me\u0301moires et autres travaux acade\u0301miques, de rapports, d\u2019actes de congre\u0300s, [&hellip;]","og_url":"https:\/\/lepcam.fr\/index.php\/ressources\/ressources-bibliographique-pubmed\/bdsp\/","og_site_name":"LEPCAM","article_publisher":"https:\/\/www.facebook.com\/lepcam.fr\/","og_image":[{"width":104,"height":104,"url":"https:\/\/i0.wp.com\/lepcam.fr\/wp-content\/uploads\/2016\/02\/Logo-LEPCAM-fond-blanc-01.png?fit=104%2C104&ssl=1","type":"image\/png"}],"twitter_card":"summary_large_image","twitter_site":"@Lepcam_site","twitter_misc":{"Dur\u00e9e de lecture estim\u00e9e":"1 minute"},"schema":{"@context":"https:\/\/schema.org","@graph":[{"@type":"WebPage","@id":"https:\/\/lepcam.fr\/index.php\/ressources\/ressources-bibliographique-pubmed\/bdsp\/","url":"https:\/\/lepcam.fr\/index.php\/ressources\/ressources-bibliographique-pubmed\/bdsp\/","name":"BDSP - LEPCAM","isPartOf":{"@id":"https:\/\/lepcam.fr\/#website"},"datePublished":"2016-10-02T16:34:12+00:00","breadcrumb":{"@id":"https:\/\/lepcam.fr\/index.php\/ressources\/ressources-bibliographique-pubmed\/bdsp\/#breadcrumb"},"inLanguage":"fr-FR","potentialAction":[{"@type":"ReadAction","target":["https:\/\/lepcam.fr\/index.php\/ressources\/ressources-bibliographique-pubmed\/bdsp\/"]}]},{"@type":"BreadcrumbList","@id":"https:\/\/lepcam.fr\/index.php\/ressources\/ressources-bibliographique-pubmed\/bdsp\/#breadcrumb","itemListElement":[{"@type":"ListItem","position":1,"name":"Accueil","item":"https:\/\/lepcam.fr\/"},{"@type":"ListItem","position":2,"name":"Tutoriels","item":"https:\/\/lepcam.fr\/index.php\/ressources\/"},{"@type":"ListItem","position":3,"name":"Ressources d&rsquo;information (PubMed&#8230;)","item":"https:\/\/lepcam.fr\/index.php\/ressources\/ressources-bibliographique-pubmed\/"},{"@type":"ListItem","position":4,"name":"BDSP"}]},{"@type":"WebSite","@id":"https:\/\/lepcam.fr\/#website","url":"https:\/\/lepcam.fr\/","name":"LEPCAM","description":"Apprenez \u00e0 chercher","publisher":{"@id":"https:\/\/lepcam.fr\/#organization"},"potentialAction":[{"@type":"SearchAction","target":{"@type":"EntryPoint","urlTemplate":"https:\/\/lepcam.fr\/?s={search_term_string}"},"query-input":{"@type":"PropertyValueSpecification","valueRequired":true,"valueName":"search_term_string"}}],"inLanguage":"fr-FR"},{"@type":"Organization","@id":"https:\/\/lepcam.fr\/#organization","name":"lepcam","url":"https:\/\/lepcam.fr\/","logo":{"@type":"ImageObject","inLanguage":"fr-FR","@id":"https:\/\/lepcam.fr\/#\/schema\/logo\/image\/","url":"https:\/\/i0.wp.com\/lepcam.fr\/wp-content\/uploads\/2016\/02\/Logo-LEPCAM-fond-blanc-01.png?fit=104%2C104&ssl=1","contentUrl":"https:\/\/i0.wp.com\/lepcam.fr\/wp-content\/uploads\/2016\/02\/Logo-LEPCAM-fond-blanc-01.png?fit=104%2C104&ssl=1","width":104,"height":104,"caption":"lepcam"},"image":{"@id":"https:\/\/lepcam.fr\/#\/schema\/logo\/image\/"},"sameAs":["https:\/\/www.facebook.com\/lepcam.fr\/","https:\/\/x.com\/Lepcam_site"]}]}},"jetpack_shortlink":"https:\/\/wp.me\/P7iIqB-s6","jetpack_sharing_enabled":true,"_links":{"self":[{"href":"https:\/\/lepcam.fr\/index.php\/wp-json\/wp\/v2\/pages\/1742","targetHints":{"allow":["GET"]}}],"collection":[{"href":"https:\/\/lepcam.fr\/index.php\/wp-json\/wp\/v2\/pages"}],"about":[{"href":"https:\/\/lepcam.fr\/index.php\/wp-json\/wp\/v2\/types\/page"}],"author":[{"embeddable":true,"href":"https:\/\/lepcam.fr\/index.php\/wp-json\/wp\/v2\/users\/1"}],"replies":[{"embeddable":true,"href":"https:\/\/lepcam.fr\/index.php\/wp-json\/wp\/v2\/comments?post=1742"}],"version-history":[{"count":2,"href":"https:\/\/lepcam.fr\/index.php\/wp-json\/wp\/v2\/pages\/1742\/revisions"}],"predecessor-version":[{"id":1767,"href":"https:\/\/lepcam.fr\/index.php\/wp-json\/wp\/v2\/pages\/1742\/revisions\/1767"}],"up":[{"embeddable":true,"href":"https:\/\/lepcam.fr\/index.php\/wp-json\/wp\/v2\/pages\/1749"}],"wp:attachment":[{"href":"https:\/\/lepcam.fr\/index.php\/wp-json\/wp\/v2\/media?parent=1742"}],"curies":[{"name":"wp","href":"https:\/\/api.w.org\/{rel}","templated":true}]}}