{"id":1740,"date":"2016-10-02T17:26:11","date_gmt":"2016-10-02T16:26:11","guid":{"rendered":"http:\/\/lepcam.fr\/?page_id=1740"},"modified":"2020-04-29T10:44:19","modified_gmt":"2020-04-29T09:44:19","slug":"em-premium","status":"publish","type":"page","link":"https:\/\/lepcam.fr\/index.php\/ressources\/ressources-bibliographique-pubmed\/em-premium\/","title":{"rendered":"EM-Premium"},"content":{"rendered":"<h1>Caract\u00e9ristiques<\/h1>\n<p>EM-Premium est un <strong>portail<\/strong> sp\u00e9cialis\u00e9 dans le domaine m\u00e9dical et param\u00e9dical produit par l&rsquo;\u00e9diteur <strong>Elsevier-Masson<\/strong>.<\/p>\n<p>Il contient l&rsquo;<strong>Encyclop\u00e9die m\u00e9dico-chirurgicale<\/strong> (EMC), plus de 200 <strong>revues<\/strong> francophones et anglophones ainsi que quelques livres \u00e9lectroniques.<\/p>\n<p>Il s&rsquo;interroge uniquement en langage naturel et est consultable <strong>sur abonnement<\/strong>.<\/p>\n<p>Il a l&rsquo;avantage d&rsquo;\u00eatre en fran\u00e7ais et d&rsquo;offrir des <strong>trait\u00e9s th\u00e9matiques<\/strong> permettant d&rsquo;avoir une <strong>synth\u00e8se sur un sujet<\/strong>.<\/p>\n<h1>Tutoriel<\/h1>\n<h2>Tutoriel ppt<\/h2>\n<p>Le meilleur tutoriel est celui r\u00e9alis\u00e9 par la biblioth\u00e8que interuniversitaire de sant\u00e9 (BIU Sant\u00e9). Vous le trouver \u00e0 la page 14 du tutoriel \u00ab\u00a0Formation \u00e0 la recherche documentaire\u00a0\u00bb :<\/p>\n<p>[gview file=\u00a0\u00bbhttp:\/\/lepcam.fr\/wp-content\/uploads\/2016\/10\/bdd-fayrgp.pdf\u00a0\u00bb]<\/p>\n<h2>Tutoriel vid\u00e9o<\/h2>\n<p>DocToBib propose des vid\u00e9os tutoriels sous format de parcours p\u00e9dagogique accessible gratuitement sur YouTube. Ce projet est le fruit d\u2019une collaboration entre m\u00e9decins fran\u00e7ais et biblioth\u00e9caire universitaires.<\/p>\n<div class=\"epyt-gallery\" data-currpage=\"1\" id=\"epyt_gallery_27632\"><iframe loading=\"lazy\"  style=\"display: block; margin: 0px auto;\"  id=\"_ytid_63824\"  width=\"629\" height=\"354\"  data-origwidth=\"629\" data-origheight=\"354\" src=\"https:\/\/www.youtube.com\/embed\/DfcMfVFAS5s?enablejsapi=1&autoplay=0&cc_load_policy=0&cc_lang_pref=&iv_load_policy=1&loop=0&rel=0&fs=1&playsinline=0&autohide=2&theme=dark&color=red&controls=1&disablekb=0&\" class=\"__youtube_prefs__  no-lazyload\" title=\"YouTube player\"  data-epytgalleryid=\"epyt_gallery_27632\"  allow=\"fullscreen; accelerometer; autoplay; clipboard-write; encrypted-media; gyroscope; picture-in-picture; web-share\" referrerpolicy=\"strict-origin-when-cross-origin\" allowfullscreen data-no-lazy=\"1\" data-skipgform_ajax_framebjll=\"\"><\/iframe><div class=\"epyt-gallery-list\"><div class=\"epyt-pagination \"><div tabindex=\"0\" role=\"button\" class=\"epyt-pagebutton epyt-prev  hide \" data-playlistid=\"PLNFxwCXnjSorKN_Lv1_xEgIq9WugvT5U-\" data-pagesize=\"5\" data-pagetoken=\"\" data-epcolumns=\"5\" data-showtitle=\"1\" data-showpaging=\"1\" data-autonext=\"0\" data-thumbplay=\"1\"><div class=\"epyt-arrow\">&laquo;<\/div> <div>Prev<\/div><\/div><div class=\"epyt-pagenumbers hide\"><div class=\"epyt-current\">1<\/div><div class=\"epyt-pageseparator\"> \/ <\/div><div class=\"epyt-totalpages\">1<\/div><\/div><div tabindex=\"0\" role=\"button\" class=\"epyt-pagebutton epyt-next hide \" data-playlistid=\"PLNFxwCXnjSorKN_Lv1_xEgIq9WugvT5U-\" data-pagesize=\"5\" data-pagetoken=\"\" data-epcolumns=\"5\" data-showtitle=\"1\" data-showpaging=\"1\" data-autonext=\"0\" data-thumbplay=\"1\"><div>Next<\/div> <div class=\"epyt-arrow\">&raquo;<\/div><\/div><div class=\"epyt-loader\"><img data-recalc-dims=\"1\" loading=\"lazy\" decoding=\"async\" alt=\"loading\" width=\"16\" height=\"11\" src=\"https:\/\/i0.wp.com\/lepcam.fr\/wp-content\/plugins\/youtube-embed-plus\/images\/gallery-page-loader.gif?resize=16%2C11&#038;ssl=1\"><\/div><\/div><div class=\"epyt-gallery-allthumbs  epyt-cols-5 \"><div tabindex=\"0\" role=\"button\" data-videoid=\"DfcMfVFAS5s\" class=\"epyt-gallery-thumb\"><div class=\"epyt-gallery-img-box\"><div class=\"epyt-gallery-img\" style=\"background-image: url(https:\/\/i.ytimg.com\/vi\/DfcMfVFAS5s\/hqdefault.jpg)\"><div class=\"epyt-gallery-playhover\"><img data-recalc-dims=\"1\" loading=\"lazy\" decoding=\"async\" alt=\"play\" class=\"epyt-play-img\" width=\"30\" height=\"23\" src=\"https:\/\/i0.wp.com\/lepcam.fr\/wp-content\/plugins\/youtube-embed-plus\/images\/playhover.png?resize=30%2C23&#038;ssl=1\" data-no-lazy=\"1\" data-skipgform_ajax_framebjll=\"\" \/><div class=\"epyt-gallery-playcrutch\"><\/div><\/div><\/div><\/div><div class=\"epyt-gallery-title\">01 - Trouver des articles dans EM Premium. Part 1. la recherche simple<\/div><\/div><div tabindex=\"0\" role=\"button\" data-videoid=\"THnCdklPc68\" class=\"epyt-gallery-thumb\"><div class=\"epyt-gallery-img-box\"><div class=\"epyt-gallery-img\" style=\"background-image: url(https:\/\/i.ytimg.com\/vi\/THnCdklPc68\/hqdefault.jpg)\"><div class=\"epyt-gallery-playhover\"><img data-recalc-dims=\"1\" loading=\"lazy\" decoding=\"async\" alt=\"play\" class=\"epyt-play-img\" width=\"30\" height=\"23\" src=\"https:\/\/i0.wp.com\/lepcam.fr\/wp-content\/plugins\/youtube-embed-plus\/images\/playhover.png?resize=30%2C23&#038;ssl=1\" data-no-lazy=\"1\" data-skipgform_ajax_framebjll=\"\" \/><div class=\"epyt-gallery-playcrutch\"><\/div><\/div><\/div><\/div><div class=\"epyt-gallery-title\">02 - Trouver des articles dans EM Premium. Part 2. la recherche avanc\u00e9e<\/div><\/div><div class=\"epyt-gallery-clear\"><\/div><\/div><div class=\"epyt-pagination \"><div tabindex=\"0\" role=\"button\" class=\"epyt-pagebutton epyt-prev  hide \" data-playlistid=\"PLNFxwCXnjSorKN_Lv1_xEgIq9WugvT5U-\" data-pagesize=\"5\" data-pagetoken=\"\" data-epcolumns=\"5\" data-showtitle=\"1\" data-showpaging=\"1\" data-autonext=\"0\" data-thumbplay=\"1\"><div class=\"epyt-arrow\">&laquo;<\/div> <div>Prev<\/div><\/div><div class=\"epyt-pagenumbers hide\"><div class=\"epyt-current\">1<\/div><div class=\"epyt-pageseparator\"> \/ <\/div><div class=\"epyt-totalpages\">1<\/div><\/div><div tabindex=\"0\" role=\"button\" class=\"epyt-pagebutton epyt-next hide \" data-playlistid=\"PLNFxwCXnjSorKN_Lv1_xEgIq9WugvT5U-\" data-pagesize=\"5\" data-pagetoken=\"\" data-epcolumns=\"5\" data-showtitle=\"1\" data-showpaging=\"1\" data-autonext=\"0\" data-thumbplay=\"1\"><div>Next<\/div> <div class=\"epyt-arrow\">&raquo;<\/div><\/div><div class=\"epyt-loader\"><img data-recalc-dims=\"1\" loading=\"lazy\" decoding=\"async\" alt=\"loading\" width=\"16\" height=\"11\" src=\"https:\/\/i0.wp.com\/lepcam.fr\/wp-content\/plugins\/youtube-embed-plus\/images\/gallery-page-loader.gif?resize=16%2C11&#038;ssl=1\"><\/div><\/div><\/div><\/div>\n<h2>Formation pr\u00e9sentielle<\/h2>\n<p>Certaines biblioth\u00e8ques proposent des formation \u00e0 EM-Premium.<\/p>\n<p>Pour les internes et jeunes m\u00e9decins g\u00e9n\u00e9ralistes, l\u2019association FAYR-GP (French Association of Young Researchers in General Practice) propose 1 journ\u00e9e de formation pratique \u00e0 la recherche bibliographique lors de l\u2019Ecole d\u2019Automne se d\u00e9roulant au mois de septembre.<\/p>\n","protected":false},"excerpt":{"rendered":"<p>Caract\u00e9ristiques EM-Premium est un portail sp\u00e9cialis\u00e9 dans le domaine m\u00e9dical et param\u00e9dical produit par l&rsquo;\u00e9diteur Elsevier-Masson. Il contient l&rsquo;Encyclop\u00e9die m\u00e9dico-chirurgicale (EMC), plus de 200 revues francophones et anglophones ainsi que quelques livres \u00e9lectroniques. Il s&rsquo;interroge uniquement en langage naturel et est consultable sur abonnement. Il a l&rsquo;avantage d&rsquo;\u00eatre en fran\u00e7ais et d&rsquo;offrir des trait\u00e9s th\u00e9matiques [&hellip;]<\/p>\n","protected":false},"author":1,"featured_media":0,"parent":1749,"menu_order":4,"comment_status":"closed","ping_status":"closed","template":"","meta":{"footnotes":""},"class_list":["post-1740","page","type-page","status-publish","hentry"],"yoast_head":"<!-- This site is optimized with the Yoast SEO plugin v27.5 - https:\/\/yoast.com\/product\/yoast-seo-wordpress\/ -->\n<title>EM-Premium - LEPCAM<\/title>\n<meta name=\"robots\" content=\"index, follow, max-snippet:-1, max-image-preview:large, max-video-preview:-1\" \/>\n<link rel=\"canonical\" href=\"https:\/\/lepcam.fr\/index.php\/ressources\/ressources-bibliographique-pubmed\/em-premium\/\" \/>\n<meta property=\"og:locale\" content=\"fr_FR\" \/>\n<meta property=\"og:type\" content=\"article\" \/>\n<meta property=\"og:title\" content=\"EM-Premium - LEPCAM\" \/>\n<meta property=\"og:description\" content=\"Caract\u00e9ristiques EM-Premium est un portail sp\u00e9cialis\u00e9 dans le domaine m\u00e9dical et param\u00e9dical produit par l&rsquo;\u00e9diteur Elsevier-Masson. Il contient l&rsquo;Encyclop\u00e9die m\u00e9dico-chirurgicale (EMC), plus de 200 revues francophones et anglophones ainsi que quelques livres \u00e9lectroniques. Il s&rsquo;interroge uniquement en langage naturel et est consultable sur abonnement. Il a l&rsquo;avantage d&rsquo;\u00eatre en fran\u00e7ais et d&rsquo;offrir des trait\u00e9s th\u00e9matiques [&hellip;]\" \/>\n<meta property=\"og:url\" content=\"https:\/\/lepcam.fr\/index.php\/ressources\/ressources-bibliographique-pubmed\/em-premium\/\" \/>\n<meta property=\"og:site_name\" content=\"LEPCAM\" \/>\n<meta property=\"article:publisher\" content=\"https:\/\/www.facebook.com\/lepcam.fr\/\" \/>\n<meta property=\"article:modified_time\" content=\"2020-04-29T09:44:19+00:00\" \/>\n<meta property=\"og:image\" content=\"https:\/\/i0.wp.com\/lepcam.fr\/wp-content\/uploads\/2016\/02\/Logo-LEPCAM-fond-blanc-01.png?fit=104%2C104&ssl=1\" \/>\n\t<meta property=\"og:image:width\" content=\"104\" \/>\n\t<meta property=\"og:image:height\" content=\"104\" \/>\n\t<meta property=\"og:image:type\" content=\"image\/png\" \/>\n<meta name=\"twitter:card\" content=\"summary_large_image\" \/>\n<meta name=\"twitter:site\" content=\"@Lepcam_site\" \/>\n<meta name=\"twitter:label1\" content=\"Dur\u00e9e de lecture estim\u00e9e\" \/>\n\t<meta name=\"twitter:data1\" content=\"1 minute\" \/>\n<script type=\"application\/ld+json\" class=\"yoast-schema-graph\">{\"@context\":\"https:\\\/\\\/schema.org\",\"@graph\":[{\"@type\":\"WebPage\",\"@id\":\"https:\\\/\\\/lepcam.fr\\\/index.php\\\/ressources\\\/ressources-bibliographique-pubmed\\\/em-premium\\\/\",\"url\":\"https:\\\/\\\/lepcam.fr\\\/index.php\\\/ressources\\\/ressources-bibliographique-pubmed\\\/em-premium\\\/\",\"name\":\"EM-Premium - LEPCAM\",\"isPartOf\":{\"@id\":\"https:\\\/\\\/lepcam.fr\\\/#website\"},\"datePublished\":\"2016-10-02T16:26:11+00:00\",\"dateModified\":\"2020-04-29T09:44:19+00:00\",\"breadcrumb\":{\"@id\":\"https:\\\/\\\/lepcam.fr\\\/index.php\\\/ressources\\\/ressources-bibliographique-pubmed\\\/em-premium\\\/#breadcrumb\"},\"inLanguage\":\"fr-FR\",\"potentialAction\":[{\"@type\":\"ReadAction\",\"target\":[\"https:\\\/\\\/lepcam.fr\\\/index.php\\\/ressources\\\/ressources-bibliographique-pubmed\\\/em-premium\\\/\"]}]},{\"@type\":\"BreadcrumbList\",\"@id\":\"https:\\\/\\\/lepcam.fr\\\/index.php\\\/ressources\\\/ressources-bibliographique-pubmed\\\/em-premium\\\/#breadcrumb\",\"itemListElement\":[{\"@type\":\"ListItem\",\"position\":1,\"name\":\"Accueil\",\"item\":\"https:\\\/\\\/lepcam.fr\\\/\"},{\"@type\":\"ListItem\",\"position\":2,\"name\":\"Tutoriels\",\"item\":\"https:\\\/\\\/lepcam.fr\\\/index.php\\\/ressources\\\/\"},{\"@type\":\"ListItem\",\"position\":3,\"name\":\"Ressources d&rsquo;information (PubMed&#8230;)\",\"item\":\"https:\\\/\\\/lepcam.fr\\\/index.php\\\/ressources\\\/ressources-bibliographique-pubmed\\\/\"},{\"@type\":\"ListItem\",\"position\":4,\"name\":\"EM-Premium\"}]},{\"@type\":\"WebSite\",\"@id\":\"https:\\\/\\\/lepcam.fr\\\/#website\",\"url\":\"https:\\\/\\\/lepcam.fr\\\/\",\"name\":\"LEPCAM\",\"description\":\"Apprenez \u00e0 chercher\",\"publisher\":{\"@id\":\"https:\\\/\\\/lepcam.fr\\\/#organization\"},\"potentialAction\":[{\"@type\":\"SearchAction\",\"target\":{\"@type\":\"EntryPoint\",\"urlTemplate\":\"https:\\\/\\\/lepcam.fr\\\/?s={search_term_string}\"},\"query-input\":{\"@type\":\"PropertyValueSpecification\",\"valueRequired\":true,\"valueName\":\"search_term_string\"}}],\"inLanguage\":\"fr-FR\"},{\"@type\":\"Organization\",\"@id\":\"https:\\\/\\\/lepcam.fr\\\/#organization\",\"name\":\"lepcam\",\"url\":\"https:\\\/\\\/lepcam.fr\\\/\",\"logo\":{\"@type\":\"ImageObject\",\"inLanguage\":\"fr-FR\",\"@id\":\"https:\\\/\\\/lepcam.fr\\\/#\\\/schema\\\/logo\\\/image\\\/\",\"url\":\"https:\\\/\\\/i0.wp.com\\\/lepcam.fr\\\/wp-content\\\/uploads\\\/2016\\\/02\\\/Logo-LEPCAM-fond-blanc-01.png?fit=104%2C104&ssl=1\",\"contentUrl\":\"https:\\\/\\\/i0.wp.com\\\/lepcam.fr\\\/wp-content\\\/uploads\\\/2016\\\/02\\\/Logo-LEPCAM-fond-blanc-01.png?fit=104%2C104&ssl=1\",\"width\":104,\"height\":104,\"caption\":\"lepcam\"},\"image\":{\"@id\":\"https:\\\/\\\/lepcam.fr\\\/#\\\/schema\\\/logo\\\/image\\\/\"},\"sameAs\":[\"https:\\\/\\\/www.facebook.com\\\/lepcam.fr\\\/\",\"https:\\\/\\\/x.com\\\/Lepcam_site\"]}]}<\/script>\n<!-- \/ Yoast SEO plugin. -->","yoast_head_json":{"title":"EM-Premium - LEPCAM","robots":{"index":"index","follow":"follow","max-snippet":"max-snippet:-1","max-image-preview":"max-image-preview:large","max-video-preview":"max-video-preview:-1"},"canonical":"https:\/\/lepcam.fr\/index.php\/ressources\/ressources-bibliographique-pubmed\/em-premium\/","og_locale":"fr_FR","og_type":"article","og_title":"EM-Premium - LEPCAM","og_description":"Caract\u00e9ristiques EM-Premium est un portail sp\u00e9cialis\u00e9 dans le domaine m\u00e9dical et param\u00e9dical produit par l&rsquo;\u00e9diteur Elsevier-Masson. Il contient l&rsquo;Encyclop\u00e9die m\u00e9dico-chirurgicale (EMC), plus de 200 revues francophones et anglophones ainsi que quelques livres \u00e9lectroniques. Il s&rsquo;interroge uniquement en langage naturel et est consultable sur abonnement. Il a l&rsquo;avantage d&rsquo;\u00eatre en fran\u00e7ais et d&rsquo;offrir des trait\u00e9s th\u00e9matiques [&hellip;]","og_url":"https:\/\/lepcam.fr\/index.php\/ressources\/ressources-bibliographique-pubmed\/em-premium\/","og_site_name":"LEPCAM","article_publisher":"https:\/\/www.facebook.com\/lepcam.fr\/","article_modified_time":"2020-04-29T09:44:19+00:00","og_image":[{"width":104,"height":104,"url":"https:\/\/i0.wp.com\/lepcam.fr\/wp-content\/uploads\/2016\/02\/Logo-LEPCAM-fond-blanc-01.png?fit=104%2C104&ssl=1","type":"image\/png"}],"twitter_card":"summary_large_image","twitter_site":"@Lepcam_site","twitter_misc":{"Dur\u00e9e de lecture estim\u00e9e":"1 minute"},"schema":{"@context":"https:\/\/schema.org","@graph":[{"@type":"WebPage","@id":"https:\/\/lepcam.fr\/index.php\/ressources\/ressources-bibliographique-pubmed\/em-premium\/","url":"https:\/\/lepcam.fr\/index.php\/ressources\/ressources-bibliographique-pubmed\/em-premium\/","name":"EM-Premium - LEPCAM","isPartOf":{"@id":"https:\/\/lepcam.fr\/#website"},"datePublished":"2016-10-02T16:26:11+00:00","dateModified":"2020-04-29T09:44:19+00:00","breadcrumb":{"@id":"https:\/\/lepcam.fr\/index.php\/ressources\/ressources-bibliographique-pubmed\/em-premium\/#breadcrumb"},"inLanguage":"fr-FR","potentialAction":[{"@type":"ReadAction","target":["https:\/\/lepcam.fr\/index.php\/ressources\/ressources-bibliographique-pubmed\/em-premium\/"]}]},{"@type":"BreadcrumbList","@id":"https:\/\/lepcam.fr\/index.php\/ressources\/ressources-bibliographique-pubmed\/em-premium\/#breadcrumb","itemListElement":[{"@type":"ListItem","position":1,"name":"Accueil","item":"https:\/\/lepcam.fr\/"},{"@type":"ListItem","position":2,"name":"Tutoriels","item":"https:\/\/lepcam.fr\/index.php\/ressources\/"},{"@type":"ListItem","position":3,"name":"Ressources d&rsquo;information (PubMed&#8230;)","item":"https:\/\/lepcam.fr\/index.php\/ressources\/ressources-bibliographique-pubmed\/"},{"@type":"ListItem","position":4,"name":"EM-Premium"}]},{"@type":"WebSite","@id":"https:\/\/lepcam.fr\/#website","url":"https:\/\/lepcam.fr\/","name":"LEPCAM","description":"Apprenez \u00e0 chercher","publisher":{"@id":"https:\/\/lepcam.fr\/#organization"},"potentialAction":[{"@type":"SearchAction","target":{"@type":"EntryPoint","urlTemplate":"https:\/\/lepcam.fr\/?s={search_term_string}"},"query-input":{"@type":"PropertyValueSpecification","valueRequired":true,"valueName":"search_term_string"}}],"inLanguage":"fr-FR"},{"@type":"Organization","@id":"https:\/\/lepcam.fr\/#organization","name":"lepcam","url":"https:\/\/lepcam.fr\/","logo":{"@type":"ImageObject","inLanguage":"fr-FR","@id":"https:\/\/lepcam.fr\/#\/schema\/logo\/image\/","url":"https:\/\/i0.wp.com\/lepcam.fr\/wp-content\/uploads\/2016\/02\/Logo-LEPCAM-fond-blanc-01.png?fit=104%2C104&ssl=1","contentUrl":"https:\/\/i0.wp.com\/lepcam.fr\/wp-content\/uploads\/2016\/02\/Logo-LEPCAM-fond-blanc-01.png?fit=104%2C104&ssl=1","width":104,"height":104,"caption":"lepcam"},"image":{"@id":"https:\/\/lepcam.fr\/#\/schema\/logo\/image\/"},"sameAs":["https:\/\/www.facebook.com\/lepcam.fr\/","https:\/\/x.com\/Lepcam_site"]}]}},"jetpack_shortlink":"https:\/\/wp.me\/P7iIqB-s4","jetpack_sharing_enabled":true,"_links":{"self":[{"href":"https:\/\/lepcam.fr\/index.php\/wp-json\/wp\/v2\/pages\/1740","targetHints":{"allow":["GET"]}}],"collection":[{"href":"https:\/\/lepcam.fr\/index.php\/wp-json\/wp\/v2\/pages"}],"about":[{"href":"https:\/\/lepcam.fr\/index.php\/wp-json\/wp\/v2\/types\/page"}],"author":[{"embeddable":true,"href":"https:\/\/lepcam.fr\/index.php\/wp-json\/wp\/v2\/users\/1"}],"replies":[{"embeddable":true,"href":"https:\/\/lepcam.fr\/index.php\/wp-json\/wp\/v2\/comments?post=1740"}],"version-history":[{"count":6,"href":"https:\/\/lepcam.fr\/index.php\/wp-json\/wp\/v2\/pages\/1740\/revisions"}],"predecessor-version":[{"id":1781,"href":"https:\/\/lepcam.fr\/index.php\/wp-json\/wp\/v2\/pages\/1740\/revisions\/1781"}],"up":[{"embeddable":true,"href":"https:\/\/lepcam.fr\/index.php\/wp-json\/wp\/v2\/pages\/1749"}],"wp:attachment":[{"href":"https:\/\/lepcam.fr\/index.php\/wp-json\/wp\/v2\/media?parent=1740"}],"curies":[{"name":"wp","href":"https:\/\/api.w.org\/{rel}","templated":true}]}}