{"id":1736,"date":"2016-10-02T17:08:53","date_gmt":"2016-10-02T16:08:53","guid":{"rendered":"http:\/\/lepcam.fr\/?page_id=1736"},"modified":"2019-12-04T14:24:28","modified_gmt":"2019-12-04T13:24:28","slug":"tutoriel-embase","status":"publish","type":"page","link":"https:\/\/lepcam.fr\/index.php\/ressources\/ressources-bibliographique-pubmed\/tutoriel-embase\/","title":{"rendered":"Embase"},"content":{"rendered":"<h1>Caract\u00e9ristiques<\/h1>\n<p>Embase est une <strong>base de donn\u00e9e bibliographique<\/strong> sp\u00e9cialis\u00e9e en sant\u00e9 et en <strong>m\u00e9decine<\/strong> dont la pharmacologie et la toxicologie.<\/p>\n<p>G\u00e9r\u00e9e par l\u2019\u00e9diteur Elsevier comprenant 29 millions de r\u00e9f\u00e9rences issues 8500 revues, dont le contenu de Medline (PubMed) et 2800 revues suppl\u00e9mentaires non index\u00e9es.<\/p>\n<p>On peut l&rsquo;interroger par langage naturel ou par le <strong>th\u00e9saurus Emtree<\/strong>.<\/p>\n<p><strong>Payante<\/strong>, elle n&rsquo;est accessible\u00a0qu\u2019\u00e0 la BIU Sant\u00e9 et \u00e0\u00a0l\u2019AP-HP (La Biblioth\u00e8que Nationale de France n\u2019\u00e9tant plus abonn\u00e9e).<\/p>\n<p>Elle a l&rsquo;avantage d&rsquo;\u00eatre compl\u00e9mentaire de PubMed (surtout si vous souhaitez r\u00e9aliser une revue syst\u00e9matique) et d&rsquo;\u00eatre sp\u00e9cialis\u00e9e en pharmacologie et toxicologie.<\/p>\n<p><strong>En r\u00e9sum\u00e9, c&rsquo;est une base de donn\u00e9es majeure mais dont l&rsquo;acc\u00e8s est tr\u00e8s limit\u00e9.<\/strong><\/p>\n<h1>Tutoriels<\/h1>\n<h2>Tutoriel ppt<\/h2>\n<p>Le meilleur tutoriel est celui r\u00e9alis\u00e9 par la biblioth\u00e8que interuniversitaire de sant\u00e9 (BIU Sant\u00e9). Vous trouver la pr\u00e9sentation ci-dessous.<\/p>\n<p>&nbsp;<\/p>\n<p>[gview file=\u00a0\u00bbhttp:\/\/lepcam.fr\/wp-content\/uploads\/2016\/06\/embase-tutoriel-biusante.pdf\u00a0\u00bb]<\/p>\n<h2>Tutoriel\u00a0vid\u00e9o<\/h2>\n<p>Il n&rsquo;existe pas de tutoriel vid\u00e9o bien fait. La moins mauvaise est la suivante mais en anglais.<\/p>\n<iframe  style=\"display: block; margin: 0px auto;\"  id=\"_ytid_42527\"  width=\"629\" height=\"354\"  data-origwidth=\"629\" data-origheight=\"354\" src=\"https:\/\/www.youtube.com\/embed\/mlQoqYxKm2A?enablejsapi=1&autoplay=0&cc_load_policy=0&cc_lang_pref=&iv_load_policy=1&loop=0&rel=0&fs=1&playsinline=0&autohide=2&theme=dark&color=red&controls=1&disablekb=0&\" class=\"__youtube_prefs__  no-lazyload\" title=\"YouTube player\"  allow=\"fullscreen; accelerometer; autoplay; clipboard-write; encrypted-media; gyroscope; picture-in-picture; web-share\" referrerpolicy=\"strict-origin-when-cross-origin\" allowfullscreen data-no-lazy=\"1\" data-skipgform_ajax_framebjll=\"\"><\/iframe>\n<p>&nbsp;<\/p>\n<h2>Formation en pr\u00e9sentiel<\/h2>\n<p>Rares sont les structure \u00e0 disposer d&rsquo;un acc\u00e8s \u00e0 Embase. Si vous passer par Paris, vous pouvez venir vous former \u00e0 la BIU Sant\u00e9 : <a href=\"https:\/\/www.biusante.parisdescartes.fr\/aide\/formations\/sur-place.php\">planning<\/a>.<\/p>\n<p>&nbsp;<\/p>\n","protected":false},"excerpt":{"rendered":"<p>Caract\u00e9ristiques Embase est une base de donn\u00e9e bibliographique sp\u00e9cialis\u00e9e en sant\u00e9 et en m\u00e9decine dont la pharmacologie et la toxicologie. G\u00e9r\u00e9e par l\u2019\u00e9diteur Elsevier comprenant 29 millions de r\u00e9f\u00e9rences issues 8500 revues, dont le contenu de Medline (PubMed) et 2800 revues suppl\u00e9mentaires non index\u00e9es. On peut l&rsquo;interroger par langage naturel ou par le th\u00e9saurus Emtree. [&hellip;]<\/p>\n","protected":false},"author":1,"featured_media":0,"parent":1749,"menu_order":2,"comment_status":"closed","ping_status":"closed","template":"","meta":[],"yoast_head":"<!-- This site is optimized with the Yoast SEO plugin v21.1 - https:\/\/yoast.com\/wordpress\/plugins\/seo\/ -->\n<title>Embase - LEPCAM<\/title>\n<meta name=\"robots\" content=\"index, follow, max-snippet:-1, max-image-preview:large, max-video-preview:-1\" \/>\n<link rel=\"canonical\" href=\"https:\/\/lepcam.fr\/index.php\/ressources\/ressources-bibliographique-pubmed\/tutoriel-embase\/\" \/>\n<meta property=\"og:locale\" content=\"fr_FR\" \/>\n<meta property=\"og:type\" content=\"article\" \/>\n<meta property=\"og:title\" content=\"Embase - LEPCAM\" \/>\n<meta property=\"og:description\" content=\"Caract\u00e9ristiques Embase est une base de donn\u00e9e bibliographique sp\u00e9cialis\u00e9e en sant\u00e9 et en m\u00e9decine dont la pharmacologie et la toxicologie. G\u00e9r\u00e9e par l\u2019\u00e9diteur Elsevier comprenant 29 millions de r\u00e9f\u00e9rences issues 8500 revues, dont le contenu de Medline (PubMed) et 2800 revues suppl\u00e9mentaires non index\u00e9es. On peut l&rsquo;interroger par langage naturel ou par le th\u00e9saurus Emtree. [&hellip;]\" \/>\n<meta property=\"og:url\" content=\"https:\/\/lepcam.fr\/index.php\/ressources\/ressources-bibliographique-pubmed\/tutoriel-embase\/\" \/>\n<meta property=\"og:site_name\" content=\"LEPCAM\" \/>\n<meta property=\"article:publisher\" content=\"https:\/\/www.facebook.com\/lepcam.fr\/\" \/>\n<meta property=\"article:modified_time\" content=\"2019-12-04T13:24:28+00:00\" \/>\n<meta property=\"og:image\" content=\"https:\/\/i0.wp.com\/lepcam.fr\/wp-content\/uploads\/2016\/02\/Logo-LEPCAM-fond-blanc-01.png?fit=104%2C104&ssl=1\" \/>\n\t<meta property=\"og:image:width\" content=\"104\" \/>\n\t<meta property=\"og:image:height\" content=\"104\" \/>\n\t<meta property=\"og:image:type\" content=\"image\/png\" \/>\n<meta name=\"twitter:card\" content=\"summary_large_image\" \/>\n<meta name=\"twitter:site\" content=\"@Lepcam_site\" \/>\n<meta name=\"twitter:label1\" content=\"Dur\u00e9e de lecture estim\u00e9e\" \/>\n\t<meta name=\"twitter:data1\" content=\"1 minute\" \/>\n<script type=\"application\/ld+json\" class=\"yoast-schema-graph\">{\"@context\":\"https:\/\/schema.org\",\"@graph\":[{\"@type\":\"WebPage\",\"@id\":\"https:\/\/lepcam.fr\/index.php\/ressources\/ressources-bibliographique-pubmed\/tutoriel-embase\/\",\"url\":\"https:\/\/lepcam.fr\/index.php\/ressources\/ressources-bibliographique-pubmed\/tutoriel-embase\/\",\"name\":\"Embase - LEPCAM\",\"isPartOf\":{\"@id\":\"https:\/\/lepcam.fr\/#website\"},\"datePublished\":\"2016-10-02T16:08:53+00:00\",\"dateModified\":\"2019-12-04T13:24:28+00:00\",\"breadcrumb\":{\"@id\":\"https:\/\/lepcam.fr\/index.php\/ressources\/ressources-bibliographique-pubmed\/tutoriel-embase\/#breadcrumb\"},\"inLanguage\":\"fr-FR\",\"potentialAction\":[{\"@type\":\"ReadAction\",\"target\":[\"https:\/\/lepcam.fr\/index.php\/ressources\/ressources-bibliographique-pubmed\/tutoriel-embase\/\"]}]},{\"@type\":\"BreadcrumbList\",\"@id\":\"https:\/\/lepcam.fr\/index.php\/ressources\/ressources-bibliographique-pubmed\/tutoriel-embase\/#breadcrumb\",\"itemListElement\":[{\"@type\":\"ListItem\",\"position\":1,\"name\":\"Accueil\",\"item\":\"https:\/\/lepcam.fr\/\"},{\"@type\":\"ListItem\",\"position\":2,\"name\":\"Tutoriels\",\"item\":\"https:\/\/lepcam.fr\/index.php\/ressources\/\"},{\"@type\":\"ListItem\",\"position\":3,\"name\":\"Ressources d&rsquo;information (PubMed&#8230;)\",\"item\":\"https:\/\/lepcam.fr\/index.php\/ressources\/ressources-bibliographique-pubmed\/\"},{\"@type\":\"ListItem\",\"position\":4,\"name\":\"Embase\"}]},{\"@type\":\"WebSite\",\"@id\":\"https:\/\/lepcam.fr\/#website\",\"url\":\"https:\/\/lepcam.fr\/\",\"name\":\"LEPCAM\",\"description\":\"Apprenez \u00e0 chercher\",\"publisher\":{\"@id\":\"https:\/\/lepcam.fr\/#organization\"},\"potentialAction\":[{\"@type\":\"SearchAction\",\"target\":{\"@type\":\"EntryPoint\",\"urlTemplate\":\"https:\/\/lepcam.fr\/?s={search_term_string}\"},\"query-input\":\"required name=search_term_string\"}],\"inLanguage\":\"fr-FR\"},{\"@type\":\"Organization\",\"@id\":\"https:\/\/lepcam.fr\/#organization\",\"name\":\"lepcam\",\"url\":\"https:\/\/lepcam.fr\/\",\"logo\":{\"@type\":\"ImageObject\",\"inLanguage\":\"fr-FR\",\"@id\":\"https:\/\/lepcam.fr\/#\/schema\/logo\/image\/\",\"url\":\"https:\/\/i0.wp.com\/lepcam.fr\/wp-content\/uploads\/2016\/02\/Logo-LEPCAM-fond-blanc-01.png?fit=104%2C104&ssl=1\",\"contentUrl\":\"https:\/\/i0.wp.com\/lepcam.fr\/wp-content\/uploads\/2016\/02\/Logo-LEPCAM-fond-blanc-01.png?fit=104%2C104&ssl=1\",\"width\":104,\"height\":104,\"caption\":\"lepcam\"},\"image\":{\"@id\":\"https:\/\/lepcam.fr\/#\/schema\/logo\/image\/\"},\"sameAs\":[\"https:\/\/www.facebook.com\/lepcam.fr\/\",\"https:\/\/twitter.com\/Lepcam_site\"]}]}<\/script>\n<!-- \/ Yoast SEO plugin. -->","yoast_head_json":{"title":"Embase - LEPCAM","robots":{"index":"index","follow":"follow","max-snippet":"max-snippet:-1","max-image-preview":"max-image-preview:large","max-video-preview":"max-video-preview:-1"},"canonical":"https:\/\/lepcam.fr\/index.php\/ressources\/ressources-bibliographique-pubmed\/tutoriel-embase\/","og_locale":"fr_FR","og_type":"article","og_title":"Embase - LEPCAM","og_description":"Caract\u00e9ristiques Embase est une base de donn\u00e9e bibliographique sp\u00e9cialis\u00e9e en sant\u00e9 et en m\u00e9decine dont la pharmacologie et la toxicologie. G\u00e9r\u00e9e par l\u2019\u00e9diteur Elsevier comprenant 29 millions de r\u00e9f\u00e9rences issues 8500 revues, dont le contenu de Medline (PubMed) et 2800 revues suppl\u00e9mentaires non index\u00e9es. On peut l&rsquo;interroger par langage naturel ou par le th\u00e9saurus Emtree. [&hellip;]","og_url":"https:\/\/lepcam.fr\/index.php\/ressources\/ressources-bibliographique-pubmed\/tutoriel-embase\/","og_site_name":"LEPCAM","article_publisher":"https:\/\/www.facebook.com\/lepcam.fr\/","article_modified_time":"2019-12-04T13:24:28+00:00","og_image":[{"width":104,"height":104,"url":"https:\/\/i0.wp.com\/lepcam.fr\/wp-content\/uploads\/2016\/02\/Logo-LEPCAM-fond-blanc-01.png?fit=104%2C104&ssl=1","type":"image\/png"}],"twitter_card":"summary_large_image","twitter_site":"@Lepcam_site","twitter_misc":{"Dur\u00e9e de lecture estim\u00e9e":"1 minute"},"schema":{"@context":"https:\/\/schema.org","@graph":[{"@type":"WebPage","@id":"https:\/\/lepcam.fr\/index.php\/ressources\/ressources-bibliographique-pubmed\/tutoriel-embase\/","url":"https:\/\/lepcam.fr\/index.php\/ressources\/ressources-bibliographique-pubmed\/tutoriel-embase\/","name":"Embase - LEPCAM","isPartOf":{"@id":"https:\/\/lepcam.fr\/#website"},"datePublished":"2016-10-02T16:08:53+00:00","dateModified":"2019-12-04T13:24:28+00:00","breadcrumb":{"@id":"https:\/\/lepcam.fr\/index.php\/ressources\/ressources-bibliographique-pubmed\/tutoriel-embase\/#breadcrumb"},"inLanguage":"fr-FR","potentialAction":[{"@type":"ReadAction","target":["https:\/\/lepcam.fr\/index.php\/ressources\/ressources-bibliographique-pubmed\/tutoriel-embase\/"]}]},{"@type":"BreadcrumbList","@id":"https:\/\/lepcam.fr\/index.php\/ressources\/ressources-bibliographique-pubmed\/tutoriel-embase\/#breadcrumb","itemListElement":[{"@type":"ListItem","position":1,"name":"Accueil","item":"https:\/\/lepcam.fr\/"},{"@type":"ListItem","position":2,"name":"Tutoriels","item":"https:\/\/lepcam.fr\/index.php\/ressources\/"},{"@type":"ListItem","position":3,"name":"Ressources d&rsquo;information (PubMed&#8230;)","item":"https:\/\/lepcam.fr\/index.php\/ressources\/ressources-bibliographique-pubmed\/"},{"@type":"ListItem","position":4,"name":"Embase"}]},{"@type":"WebSite","@id":"https:\/\/lepcam.fr\/#website","url":"https:\/\/lepcam.fr\/","name":"LEPCAM","description":"Apprenez \u00e0 chercher","publisher":{"@id":"https:\/\/lepcam.fr\/#organization"},"potentialAction":[{"@type":"SearchAction","target":{"@type":"EntryPoint","urlTemplate":"https:\/\/lepcam.fr\/?s={search_term_string}"},"query-input":"required name=search_term_string"}],"inLanguage":"fr-FR"},{"@type":"Organization","@id":"https:\/\/lepcam.fr\/#organization","name":"lepcam","url":"https:\/\/lepcam.fr\/","logo":{"@type":"ImageObject","inLanguage":"fr-FR","@id":"https:\/\/lepcam.fr\/#\/schema\/logo\/image\/","url":"https:\/\/i0.wp.com\/lepcam.fr\/wp-content\/uploads\/2016\/02\/Logo-LEPCAM-fond-blanc-01.png?fit=104%2C104&ssl=1","contentUrl":"https:\/\/i0.wp.com\/lepcam.fr\/wp-content\/uploads\/2016\/02\/Logo-LEPCAM-fond-blanc-01.png?fit=104%2C104&ssl=1","width":104,"height":104,"caption":"lepcam"},"image":{"@id":"https:\/\/lepcam.fr\/#\/schema\/logo\/image\/"},"sameAs":["https:\/\/www.facebook.com\/lepcam.fr\/","https:\/\/twitter.com\/Lepcam_site"]}]}},"jetpack_shortlink":"https:\/\/wp.me\/P7iIqB-s0","_links":{"self":[{"href":"https:\/\/lepcam.fr\/index.php\/wp-json\/wp\/v2\/pages\/1736"}],"collection":[{"href":"https:\/\/lepcam.fr\/index.php\/wp-json\/wp\/v2\/pages"}],"about":[{"href":"https:\/\/lepcam.fr\/index.php\/wp-json\/wp\/v2\/types\/page"}],"author":[{"embeddable":true,"href":"https:\/\/lepcam.fr\/index.php\/wp-json\/wp\/v2\/users\/1"}],"replies":[{"embeddable":true,"href":"https:\/\/lepcam.fr\/index.php\/wp-json\/wp\/v2\/comments?post=1736"}],"version-history":[{"count":6,"href":"https:\/\/lepcam.fr\/index.php\/wp-json\/wp\/v2\/pages\/1736\/revisions"}],"predecessor-version":[{"id":2694,"href":"https:\/\/lepcam.fr\/index.php\/wp-json\/wp\/v2\/pages\/1736\/revisions\/2694"}],"up":[{"embeddable":true,"href":"https:\/\/lepcam.fr\/index.php\/wp-json\/wp\/v2\/pages\/1749"}],"wp:attachment":[{"href":"https:\/\/lepcam.fr\/index.php\/wp-json\/wp\/v2\/media?parent=1736"}],"curies":[{"name":"wp","href":"https:\/\/api.w.org\/{rel}","templated":true}]}}